{"id":11059,"date":"2017-07-14T00:00:00","date_gmt":"2017-07-14T08:00:00","guid":{"rendered":"https:\/\/www.rubyrange.com\/?page_id=11059"},"modified":"2019-07-25T14:48:33","modified_gmt":"2019-07-25T22:48:33","slug":"booking-terms-conditions","status":"publish","type":"page","link":"https:\/\/www.rubyrange.com\/de\/booking-terms-conditions\/","title":{"rendered":"Buchungs- und Allgemeine Gesch\u00e4ftsbedingungen"},"content":{"rendered":"<p><strong>NOTWENDIGE TEILNEHMER-INFORMATION BEI BUCHUNG<\/strong><\/p>\n<ul>\n<li>Name (Vorname, Zweiter Vorname, Nachname)<\/li>\n<li>Nationalit\u00e4t und Reisepass-Nr.<\/li>\n<li>Tour-Name<\/li>\n<li>Datum, Aktivit\u00e4t und Art der Tour<\/li>\n<li>Fluginformation (An- und Abreise)<\/li>\n<li>Gewicht (f\u00fcr Reisekomponenten mit Kleinflugzeug)<\/li>\n<li>Geburtsdatum (f\u00fcr Reisekomponenten inklusive F\u00e4hre und\/oder Grenz\u00fcberquerung YUKON-ALASKA)<\/li>\n<\/ul>\n<p>FIT BUCHUNG: Information ist erforderlich zur Zeit der Buchung.<br \/>\nGRUPPENREISEN BUCHUNG: Information wird erbeten zur Zeit der Buchung und ist erforderlich mindestens 30 Tage vor Tourstart.<\/p>\n<p><strong>PREIS-INFORMATION<\/strong><\/p>\n<p>Alle ver\u00f6ffentlichten Preise sind Endverbraucherpreise und sind in CAD oder USD ausgezeichnet. Alle Preise sind zzgl. Steuern, Geb\u00fchren. \u00c4nderungen vorbehalten. GOODS &amp; SERVICE TAX (GST): Alle kanadischen Reisepreise verstehen sich zzgl. 5% GST. Rechnungen sind in der angegebenen W\u00e4hrung auf das entsprechende Bankkonto zu \u00fcberweisen (Bankinformation wird in jeder Rechnung ausgewiesen). Wir akzeptieren Buchungen per Post, FAX, Telefon oder Internet.<\/p>\n<p><b>ANZAHLUNG<\/b><\/p>\n<p>Anzahlung: 25% der Gesamtsumme sind zahlbar bis einschlie\u00dflich 14 Tage nach Erhalt der Buchungsbest\u00e4tigung.<br \/>\nIn Sonderf\u00e4llen sind bis zu 50% Anzahlung notwendig um die Buchung zu best\u00e4tigen.<\/p>\n<p><b>RESTZAHLUNG<br \/>\n<\/b><\/p>\n<p>Zeltreisen: Alle Rechnungen sind in gesamter Summe bis einschlie\u00dflich 30 Tage vor Antritt der Reise zahlbar.<br \/>\nHotelreisen \/ selbst gef\u00fchrte Reisen: Alle Rechnungen sind in gesamter Summe bis einschlie\u00dflich 45 Tage vor Antritt der Reise zahlbar.<\/p>\n<p><b>STORNOGEB\u00dcHREN\u00a0<\/b><\/p>\n<p><b>R\u00fccktritt durch den Kunden:<\/b><\/p>\n<p>Die folgende Zahlungsstaffel gilt f\u00fcr alle Rechnungen, sofern nicht anders vermerkt. Diese Geb\u00fchren werden in unserer Best\u00e4tigung angegeben. Stornierungen m\u00fcssen schriftlich erfolgen. Stornogeb\u00fchren berechnen sich prozentual von der Gesamtsumme der Rechnung und dem Datum an dem die Stornierung in unserem B\u00fcro eingegangen ist.<\/p>\n<table border=\"1\" width=\"1174\" cellspacing=\"2\" cellpadding=\"3\">\n<tbody>\n<tr>\n<td align=\"left\" valign=\"top\"><strong>ZELTREISEN<\/strong><\/td>\n<td align=\"left\" valign=\"top\"><b>HOTELREISEN\/ SELBST GEF\u00dcHRTE REISEN:<\/b><\/td>\n<\/tr>\n<tr>\n<td align=\"left\" valign=\"top\">Nach Rechnungsstellung: 25%<\/td>\n<td align=\"left\" valign=\"top\">Nach Rechnungsstellung: 25%<\/td>\n<\/tr>\n<tr>\n<td align=\"left\" valign=\"top\">45 Tage vor Reisebeginn: 40%<\/td>\n<td align=\"left\" valign=\"top\">60-45 Tage vor Reisebeginn: 40%<\/td>\n<\/tr>\n<tr>\n<td align=\"left\" valign=\"top\">30 Tage vor Reisebeginn: 60%<\/td>\n<td align=\"left\" valign=\"top\">44-30 Tage vor Reisebeginn: 60%<\/td>\n<\/tr>\n<tr>\n<td align=\"left\" valign=\"top\">Fehlender Teilnehmer: 100%<\/td>\n<td align=\"left\" valign=\"top\">Innerhalb 30 Tage vor Reisebeginn: 100%<\/td>\n<\/tr>\n<\/tbody>\n<\/table>\n<p><b>R\u00fccktritt und K\u00fcndigung durch Ruby Range Adventure Ltd.:\u00a0<\/b><\/p>\n<p>Im Fall, dass die vorgeschriebene Mindestteilnehmerzahl nicht erreicht wird, behalten wir uns das Recht vor ein Programm bis 14 Tagen vor dem Beginn zu annullieren. Betroffene werden umgehend benachrichtigt und haben Anspruch auf eine vollst\u00e4ndige R\u00fcckerstattung, sollten sie nicht in der Lage sein an einem anderen Termin teilzunehmen. Sollten wir oder unsere Partner gezwungen sein durch widrige Umst\u00e4nde wie Waldbr\u00e4nde, \u00dcberschwemmungen, Fahrzeugsch\u00e4den den Reiseverlauf abzu\u00e4ndern, liegt dies im Ermessen des Reiseleiters.<\/p>\n<p>Bei Charter Service und Individual-Programmen k\u00f6nnen die Zahlungs- und Stornierungsbedingungen von unseren Allgemeinen Gesch\u00e4ftsbedingungen abweichen. Wir behalten uns in gesonderten F\u00e4llen eine erh\u00f6hte Anzahlung oder Vollzahlung bei Buchung vor. Sie werden rechtzeitig \u00fcber die genauen Zahlungs- und Stornierungsbedingungen in Kenntnis gesetzt.<\/p>\n<p><b>BANKVERBINDUNG<\/b><\/p>\n<p><b>\u00a0 \u00a0 \u00a0 \u00a0 \u00a0 \u00a0 \u00a0 \u00a0 \u00a0 \u00a0 \u00a0 \u00a0 \u00a0 \u00a0 \u00a0 \u00a0 \u00a0 \u00a0 \u00a0CAD Konto \u00a0 \u00a0 \u00a0 \u00a0 \u00a0 \u00a0 \u00a0 \u00a0 \u00a0 \u00a0 \u00a0 \u00a0 \u00a0 \u00a0 \u00a0 \u00a0 \u00a0 \u00a0 \u00a0 USD Konto<\/b><\/p>\n<p>Kontoname: \u00a0 \u00a0 \u00a0 \u00a0 \u00a0 \u00a0 \u00a0 \u00a0Ruby Range Adventure Ltd. \u00a0 \u00a0 \u00a0 \u00a0 \u00a0 \u00a0 \u00a0Ruby Range Adventure Ltd.<br \/>\nBankname: \u00a0 \u00a0 \u00a0 \u00a0 \u00a0 \u00a0 \u00a0 \u00a0 \u00a0Bank of Montreal \u00a0 \u00a0 \u00a0 \u00a0 \u00a0 \u00a0 \u00a0 \u00a0 \u00a0 \u00a0 \u00a0 \u00a0 \u00a0 \u00a0 \u00a0 \u00a0 Bank of Montreal<br \/>\nOrt: \u00a0 \u00a0 \u00a0 \u00a0 \u00a0 \u00a0 \u00a0 \u00a0 \u00a0 \u00a0 \u00a0 \u00a0 \u00a0 \u00a0 \u00a0 Whitehorse, Yukon Territory, CA \u00a0 \u00a0 Whitehorse, Yukon Territory, CA<br \/>\nW\u00e4hrung: \u00a0 \u00a0 \u00a0 \u00a0 \u00a0 \u00a0 \u00a0 \u00a0 \u00a0 \u00a0CAD \u00a0 \u00a0 \u00a0 \u00a0 \u00a0 \u00a0 \u00a0 \u00a0 \u00a0 \u00a0 \u00a0 \u00a0 \u00a0 \u00a0 \u00a0 \u00a0 \u00a0 \u00a0 \u00a0 \u00a0 \u00a0 \u00a0 \u00a0 \u00a0 \u00a0 \u00a0 \u00a0 \u00a0 USD<br \/>\nKontonummer: \u00a0 \u00a0 \u00a0 \u00a0 \u00a01038-276 \u00a0 \u00a0 \u00a0 \u00a0 \u00a0 \u00a0 \u00a0 \u00a0 \u00a0 \u00a0 \u00a0 \u00a0 \u00a0 \u00a0 \u00a0 \u00a0 \u00a0 \u00a0 \u00a0 \u00a0 \u00a0 \u00a0 \u00a0 \u00a04794-308<br \/>\nTransit-Nr.: \u00a0 \u00a0 \u00a0 \u00a0 \u00a0 \u00a0 \u00a0 \u00a009980-001 \u00a0 \u00a0 \u00a0 \u00a0 \u00a0 \u00a0 \u00a0 \u00a0 \u00a0 \u00a0 \u00a0 \u00a0 \u00a0 \u00a0 \u00a0 \u00a0 \u00a0 \u00a0 \u00a0 \u00a0 \u00a0 \u00a0 09980-001<br \/>\nSwift Code: \u00a0 \u00a0 \u00a0 \u00a0 \u00a0 \u00a0 \u00a0 \u00a0 BMOBOFMCAM2 \u00a0 \u00a0 \u00a0 \u00a0 \u00a0 \u00a0 \u00a0 \u00a0 \u00a0 \u00a0 \u00a0 \u00a0 \u00a0 \u00a0 \u00a0 \u00a0BMOBOFMCAM2<br \/>\nRouting Number: \u00a0 \u00a0 \u00a0\/\/CC000109980 \u00a0 \u00a0 \u00a0 \u00a0 \u00a0 \u00a0 \u00a0 \u00a0 \u00a0 \u00a0 \u00a0 \u00a0 \u00a0 \u00a0 \u00a0 \u00a0 \u00a0\/\/CC000109980<\/p>\n<p><strong>KONTAKTINFORMATION<\/strong><\/p>\n<p>Ruby Range Adventure Ltd.<br \/>\nP.O. Box 30107<br \/>\nWhitehorse, Yukon<br \/>\nY1A 5M2<br \/>\nCanada<\/p>\n<p>Telefon: +1 867 667-2209<br \/>\nFax: +1 867 667-2265<br \/>\nE-mail: info@rubyrange.com<\/p>\n<p><strong>HAFTUNGSBESCHR\u00c4NKUNG<\/strong><\/p>\n<p>Ruby Range Adventure ltd. w\u00e4hlt Dienstleister und Lieferanten (z.B. Hotels, Transportunternehmen und andere Dienstleister. die Reiseservices bereit stellen) mit gro\u00dfer Sorgfalt. Diese Dienstleister und Lieferanten sind jedoch unabh\u00e4ngige Vertragspartner und Ruby Range Adventure Ltd. \u00a0kann nicht verantwortlich gemacht werden und haftet nicht f\u00fcr ihre Handlungen oder Unterlassungen.<\/p>\n<p>F\u00fcr alle Aktivit\u00e4tenprogramme in Kanada und in den USA (z.B., aber nicht beschr\u00e4nkt auf, River-Rafting, Reiten, Kanufahren, Wandern, Sightseeing usw.) muss ein Teilnehmer eine \u201eAufhebung der Haftung&#8221; unterzeichnen. Ein Teilnehmer verpflichtet sich eine Aufhebung der Haftung bei Beginn des Programms zu unterzeichnen. Ruby Range Adventure wird nat\u00fcrlich alles daf\u00fcr tun die gr\u00f6\u00dftm\u00f6gliche Sicherheit f\u00fcr all seine Teilnehmer zu gew\u00e4hrleisten.<\/p>\n<p>Ruby Range Adventure kann auch nicht haftbar gemacht werden f\u00fcr \u00c4nderungen im Reiseverlauf auf Grund von Wetterbedingungen, h\u00f6here Gewalt oder besonderer Bedingungen, die au\u00dferhalb unserer Kontrolle liegen.<\/p>\n<p>Alle Kosten, die durch Versp\u00e4tungen der Passagiere auf dem Flughafen oder Verz\u00f6gerungen, die am Ende der Reise auftreten, f\u00fchren k\u00f6nnten liegen in der Verantwortung des Kunden. Ruby Range Adventure kann nicht haftbar gemacht werden.<\/p>\n<p>Dar\u00fcber hinaus kann Ruby Range Adventure nicht haftbar gemacht werden f\u00fcr die Inhalte der Brosch\u00fcre von Gro\u00dfh\u00e4ndlern oder Reiseveranstaltern und etwaige Falschdarstellung unserer Tourenprogramme.<\/p>\n<p>Sollten Probleme auftreten sind Kunden verpflichtet w\u00e4hrend ihrer Reise umgehend mit Ruby Range Adventure Kontakt aufzunehmen um das Problem zu l\u00f6sen. Sollte eine schriftliche Beschwerde eingereicht werden muss diese an Ruby Range Adventure innerhalb von 4 Wochen nach Abschluss der Reise geschickt sein. Forderungen, die uns nach diesem Zeitpunkt eingehen, k\u00f6nnen nicht ber\u00fccksichtigt werden.<\/p>\n<p>Jeder Teilnehmer ist selbst daf\u00fcr verantwortlich, f\u00fcr ausreichenden Versicherungsschutz zu sorgen. Reiseversicherungen und Reiser\u00fccktrittsversicherungen sind \u00fcber Ihr Reiseb\u00fcro erh\u00e4ltlich.<\/p>\n<p>Copyright\u00a0\u00a9 Ruby Range Adventure Ltd. Alle Rechte vorbehalten. Kein Teil dieses Dokuments darf reproduziert oder \u00fcbertragen werden in irgendeiner Form oder mit irgendwelchen Mittel, elektronisch oder mechanisch, einschlie\u00dflich Fotokopieren, Aufzeichnung oder mit Hilfe von jeglichen Speicher- und Archivierungssystemen ohne schriftliche Genehmigung von Ruby Range Adventure Ltd.<\/p>\n","protected":false},"excerpt":{"rendered":"<p>NOTWENDIGE TEILNEHMER-INFORMATION BEI BUCHUNG Name (Vorname, Zweiter Vorname, Nachname) Nationalit\u00e4t und Reisepass-Nr. Tour-Name Datum, Aktivit\u00e4t und Art der Tour Fluginformation..<\/p>\n","protected":false},"author":79,"featured_media":29519,"parent":0,"menu_order":0,"comment_status":"open","ping_status":"open","template":"","meta":{"_acf_changed":false,"_lmt_disableupdate":"","_lmt_disable":"","footnotes":""},"class_list":["post-11059","page","type-page","status-publish","has-post-thumbnail","hentry"],"acf":[],"_links":{"self":[{"href":"https:\/\/www.rubyrange.com\/de\/wp-json\/wp\/v2\/pages\/11059","targetHints":{"allow":["GET"]}}],"collection":[{"href":"https:\/\/www.rubyrange.com\/de\/wp-json\/wp\/v2\/pages"}],"about":[{"href":"https:\/\/www.rubyrange.com\/de\/wp-json\/wp\/v2\/types\/page"}],"author":[{"embeddable":true,"href":"https:\/\/www.rubyrange.com\/de\/wp-json\/wp\/v2\/users\/79"}],"replies":[{"embeddable":true,"href":"https:\/\/www.rubyrange.com\/de\/wp-json\/wp\/v2\/comments?post=11059"}],"version-history":[{"count":0,"href":"https:\/\/www.rubyrange.com\/de\/wp-json\/wp\/v2\/pages\/11059\/revisions"}],"wp:featuredmedia":[{"embeddable":true,"href":"https:\/\/www.rubyrange.com\/de\/wp-json\/wp\/v2\/media\/29519"}],"wp:attachment":[{"href":"https:\/\/www.rubyrange.com\/de\/wp-json\/wp\/v2\/media?parent=11059"}],"curies":[{"name":"wp","href":"https:\/\/api.w.org\/{rel}","templated":true}]}}