{"id":24759,"date":"2019-08-27T08:55:33","date_gmt":"2019-08-27T16:55:33","guid":{"rendered":"https:\/\/www.rubyrange.com\/sitemap\/"},"modified":"2024-09-28T02:31:22","modified_gmt":"2024-09-28T09:31:22","slug":"sitemap","status":"publish","type":"page","link":"https:\/\/www.rubyrange.com\/de\/sitemap\/","title":{"rendered":"Sitemap"},"content":{"rendered":"<div><a href=\"https:\/\/www.rubyrange.com\/de\/\">Homepage<\/a><\/div>\n<div><a href=\"https:\/\/www.rubyrange.com\/de\/ueber-uns\/\">\u00dcber Ruby Range Adventure<\/a><\/div>\n<div><a href=\"https:\/\/www.rubyrange.com\/de\/ueber-uns\/unser-team\/\">Unser Team<\/a><\/div>\n<div><a href=\"https:\/\/www.rubyrange.com\/de\/ueber-uns\/employment\/\">Aktuelle Job-Angebote <\/a><\/div>\n<div><a href=\"https:\/\/www.rubyrange.com\/de\/ueber-uns\/environmental-commitment\/\">Umweltengagement<\/a><\/div>\n<div><a href=\"https:\/\/www.rubyrange.com\/de\/haufig-gestellte-fragen\/\">H\u00e4ufig gestellte Fragen FAQ<\/a><\/div>\n<div><a href=\"https:\/\/www.rubyrange.com\/de\/reise-info\/skill-level-rating\/\">Schwierigkeitsgrad<\/a><\/div>\n<div><a href=\"https:\/\/www.rubyrange.com\/de\/zusaetzliche-aktivitaeten\/\"> Zus\u00e4tzliche Aktivit\u00e4ten<\/a><\/div>\n<div>\n<div><a href=\"https:\/\/www.rubyrange.com\/de\/privacy-policy\/\">Datenschutz-Bestimmungen<\/a><\/div>\n<div><a href=\"https:\/\/www.rubyrange.com\/de\/kontakt\/\">Kontakt<\/a><\/div>\n<\/div>\n<p>&nbsp;<\/p>\n<h2>Tourkategorien:<\/h2>\n<div><a href=\"https:\/\/www.rubyrange.com\/de\/book\/entdecken-sie-yukon\/\">Entdecken Sie den Yukon<\/a><\/div>\n<div><a href=\"https:\/\/www.rubyrange.com\/de\/book\/entdecken-sie-alaska\/\">Entdecken Sie Alaska<\/a><\/div>\n<div><a href=\"https:\/\/www.rubyrange.com\/de\/book\/sightseeing-touren\/\">Rundreisen im Yukon &amp; Alaska | Rubin Range Adventure<\/a><\/div>\n<div><a href=\"https:\/\/www.rubyrange.com\/de\/book\/ausfluge-nationalpark-kanada\/\">Gef\u00fchrte Nationalpark-Touren: Unglaubliche kanadische und alaskanische Landschaften und Tierwelt<\/a><\/div>\n<div><a href=\"\/?product_cat=wildis-touren\">Unvergessliche Wildnis-Touren: Zelten im wilden Norden<\/a><\/div>\n<div><a href=\"https:\/\/www.rubyrange.com\/de\/book\/wintertouren-yukon\/\">Gef\u00fchrte Wintertouren in Yukon, Kanada<\/a><\/div>\n<div><a href=\"https:\/\/www.rubyrange.com\/de\/book\/abenteuer-rundreisen\/\">Beste Yukon- und Alaska-Abenteuerreisen<\/a><\/div>\n<div><a href=\"https:\/\/www.rubyrange.com\/de\/book\/kanutouren-yukon\/\">Yukon Kanu Trips<\/a><\/div>\n<div><a href=\"https:\/\/www.rubyrange.com\/de\/book\/wandertouren-yukon\/\">Gef\u00fchrte Yukon Wandertouren<\/a><\/div>\n<div><a href=\"https:\/\/www.rubyrange.com\/de\/snowmobile-day-trips\/\">Schneemobil Tagestouren Yukon<\/a><\/div>\n<div><a href=\"https:\/\/www.rubyrange.com\/de\/book\/angeltouren-yukon\/\">Gef\u00fchrte Angeltouren im Yukon<\/a><\/div>\n<div><a href=\"https:\/\/www.rubyrange.com\/de\/charter-services\/\">Private Touren (Charter Services)<\/a><\/div>\n<div><a href=\"https:\/\/www.rubyrange.com\/de\/garantierte-touren\/\">Garantierte Touren<\/a><\/div>\n<div><a href=\"https:\/\/www.rubyrange.com\/de\/alle-unsere-touren\/\">Alle Touren<\/a><\/div>\n<p>&nbsp;<\/p>\n<h2>Gef\u00fchrte Touren:<\/h2>\n<div><a href=\"https:\/\/www.rubyrange.com\/de\/tour\/alyeska\/\">Alyeska \u2013 Der Ruf der Wildnis &#8211; Whitehorse &#8211; Anchorage<\/a><\/div>\n<div><a href=\"https:\/\/www.rubyrange.com\/de\/tour\/yukon-alaska-highlights\/\">Yukon &amp; Alaska Highlights &#8211; Whitehorse &#8211; Anchorage<\/a><\/div>\n<div><a href=\"https:\/\/www.rubyrange.com\/de\/tour\/alaska-yukon-highlights\/\">Alaska &amp; Yukon Highlights &#8211; Anchorage &#8211; Whitehorse<\/a><\/div>\n<div><a href=\"https:\/\/www.rubyrange.com\/de\/tour\/gold-rush-tour-im-land-der-mitternachtssonne\/\">Gold Rush Tour &#8211; Im Land der Mitternachtssonne<\/a><\/div>\n<div><a href=\"https:\/\/www.rubyrange.com\/de\/tour\/stampeders-route-trekking-chilkoot\/\">Stampeders Route &#8211; Trekking Chilkoot Trail<\/a><\/div>\n<div><a href=\"https:\/\/www.rubyrange.com\/de\/tour\/von-den-rockies-bis-alaska-go-wild-calgary-whitehorse\/\">Von den Rockies bis Alaska &#8211; Go Wild &#8211; Calgary &#8211; Whitehorse<\/a><\/div>\n<div><a href=\"https:\/\/www.rubyrange.com\/de\/tour\/best-of-yukon-alaska-hotel-rundreise-abbis-whitehorse\/\">Best of Yukon &amp; Alaska &#8211; Hotel-Rundreise ab\/bis Whitehorse<\/a><\/div>\n<div><a href=\"https:\/\/www.rubyrange.com\/de\/tour\/best-of-yukon-alaska-hotel-rundreise-abbis-anchorage\/\">Best of Yukon &amp; Alaska &#8211; Hotel-Rundreise ab\/bis Anchorage<\/a><\/div>\n<div><a href=\"https:\/\/www.rubyrange.com\/de\/tour\/highlights-des-nordens-sightseeing-reise-von-anchorage-bis-whitehorse\/\">Highlights des Nordens &#8211; Sightseeing-Reise von Anchorage bis Whitehorse<\/a><\/div>\n<div><a href=\"https:\/\/www.rubyrange.com\/de\/tour\/coast-mountains-des-nordens-whitehorse-bis-anchorage\/\">Coast Mountains des Nordens &#8211; von Whitehorse bis Anchorage<\/a><\/div>\n<div><a href=\"https:\/\/www.rubyrange.com\/de\/tour\/alaska-yukon-explorer-hotel-wanderreise\/\">Alaska &amp; Yukon Explorer &#8211; Hotel-Wanderreise<\/a><\/div>\n<div><a href=\"https:\/\/www.rubyrange.com\/de\/tour\/yukon-alaska-explorer-hotel-wanderreise\/\">Yukon &amp; Alaska Explorer &#8211; Hotel-Wanderreise<\/a><\/div>\n<div><a href=\"https:\/\/www.rubyrange.com\/de\/tour\/alaska-highlights-des-westens\/\">Alaska &amp; Highlights des Westens \u2013 von Whitehorse nach Vancouver<\/a><\/div>\n<div><a href=\"https:\/\/www.rubyrange.com\/de\/tour\/north-to-alaska-rocky-mountains\/\">North to Alaska &amp; Rocky Mountains \u2013 von Vancouver nach Whitehorse<\/a><\/div>\n<div><a href=\"https:\/\/www.rubyrange.com\/de\/tour\/alaska-the-great-land\/\">Alaska &#8211; das grandiose Land<\/a><\/div>\n<div><a href=\"https:\/\/www.rubyrange.com\/de\/tour\/alaska-the-kenai-discovery-hiking-active\/\">Alaska the Kenai Discovery<\/a><\/div>\n<div><a href=\"https:\/\/www.rubyrange.com\/de\/tour\/kanadas-patagonien-trekking-tombstone-mountain\/\">Kanadas Patagonien &#8211; Trekking Tombstone Mountain<\/a><\/div>\n<div><a href=\"https:\/\/www.rubyrange.com\/de\/tour\/yukon-fishing-safari-gefuehrte-angeltour-im-yukon\/\">Yukon Fishing Safari &#8211; Gef\u00fchrte Angeltour im Yukon<\/a><\/div>\n<div><a href=\"https:\/\/www.rubyrange.com\/de\/tour\/arctic-road-trip-die-eisstrasse-nach-tuktoyaktuk\/\">Arctic Road Trip &#8211; Die Eisstra\u00dfe nach Tuktoyaktuk<\/a><\/div>\n<div><a href=\"https:\/\/www.rubyrange.com\/de\/tour\/white-fang-schneemobile-aktiv-programm-whitehorse\/\">White Fang \u2014 Schneemobil Aktiv Programm | Whitehorse<\/a><\/div>\n<div><a href=\"https:\/\/www.rubyrange.com\/de\/tour\/yukon-river-the-classic-lake-laberge-bis-dawson-city\/\">Yukon River &#8211; The Classic &#8211; Lake Laberge bis Dawson City<\/a><\/div>\n<div><a href=\"https:\/\/www.rubyrange.com\/de\/tour\/yukon-river-tour-lake-laberge-bis-carmacks\/\">Yukon River Tour &#8211; Lake Laberge bis Carmacks<\/a><\/div>\n<div><a href=\"https:\/\/www.rubyrange.com\/de\/tour\/yukon-river-tour-carmacks-bis-dawson-city\/\">Yukon River Tour &#8211; Carmacks bis Dawson City<\/a><\/div>\n<div><a href=\"https:\/\/www.rubyrange.com\/de\/tour\/kanutour-fuer-frauen-auf-dem-yukon-river\/\">Kanutour f\u00fcr Frauen auf dem Yukon River<\/a><\/div>\n<div><a href=\"https:\/\/www.rubyrange.com\/de\/tour\/der-klondiker-big-salmon-river\/\">Der Klondiker \u2013 Big Salmon River<\/a><\/div>\n<div><a href=\"https:\/\/www.rubyrange.com\/de\/tour\/auf-den-spuren-yukons-teslin-river\/\">Auf den Spuren des Yukons &#8211; Teslin River<\/a><\/div>\n<div><a href=\"https:\/\/www.rubyrange.com\/de\/tour\/kanuerlebnis-fuer-familien-nisutlin-river\/\">Kanuerlebnis f\u00fcr Familien &#8211; Nisutlin River<\/a><\/div>\n<div><a href=\"https:\/\/www.rubyrange.com\/de\/tour\/verborgene-fluesse-beaver-river\/\">Beaver River &#8211; Verborgene Fl\u00fcsse<\/a><\/div>\n<div><a href=\"https:\/\/www.rubyrange.com\/de\/tour\/the-heart-of-the-yukon-wander-kanutour-wind-river\/\">The Heart of the Yukon &#8211; Wander-Kanutour Wind-River<\/a><\/div>\n<div><a href=\"https:\/\/www.rubyrange.com\/de\/tour\/der-yukon-explorer-snake-river\/\">Der Yukon Explorer &#8211; Snake River<\/a><\/div>\n<div><a href=\"https:\/\/www.rubyrange.com\/de\/tour\/yukon-experience-mcquesten\/\">Yukon Experience &#8211; McQuesten River<\/a><\/div>\n<div><a href=\"https:\/\/www.rubyrange.com\/de\/tour\/die-besten-wildwasserfluesse-im-yukon\/\">Die besten Wildwasserfl\u00fcsse im Yukon<\/a><\/div>\n<div><a href=\"https:\/\/www.rubyrange.com\/de\/tour\/pelly-river-die-voyageurs-nordwest-route\/\">Pelly River &#8211; Die Voyageurs Nordwest-Route<\/a><\/div>\n<div><a href=\"https:\/\/www.rubyrange.com\/de\/tour\/der-ruf-der-wildnis-schneemobil-aktiv-programm-kluane-see\/\">Call of the Wild | Schneemobil Aktiv Programm Kluane See<\/a><\/div>\n<div><a href=\"https:\/\/www.rubyrange.com\/de\/tour\/trondek-klondike-dawson-city-nach-whitehorse-die-wintererfahrung\/\">Trondek Klondike Dawson City nach Whitehorse die Wintererfahrung<\/a><\/div>\n<div><a href=\"https:\/\/www.rubyrange.com\/de\/tour\/kluane-lake-natur-fischer-ferien-ruby-range-lodge\/\">Kluane Lake &#8211; Natur &amp; Fischer Ferien &#8211; Ruby Range Lodge<\/a><\/div>\n<div><a href=\"https:\/\/www.rubyrange.com\/de\/tour\/wilderness-fishing-experience-ruby-range-lodge\/\">Wildnis &amp; Angler Erlebnis &#8211; Ruby Range Lodge<\/a><\/div>\n<div><a href=\"https:\/\/www.rubyrange.com\/de\/tour\/golden-circle-hotelrundreise-yukon-alaska\/\">Golden Circle &#8211; Hotelrundreise Yukon &#8211; Alaska<\/a><\/div>\n<div><a href=\"https:\/\/www.rubyrange.com\/de\/tour\/discover-yukon-northwest-territories\/\">Discover Yukon &amp; Northwest Territories<\/a><\/div>\n<div><a href=\"https:\/\/www.rubyrange.com\/de\/tour\/discover-northwest-territories-yukon\/\">Discover Northwest Territories &amp; Yukon<\/a><\/div>\n<div><a href=\"https:\/\/www.rubyrange.com\/de\/tour\/yukon-im-fokus-foto-workshop\/\">Yukon im Fokus &#8211; Foto-Workshop<\/a><\/div>\n<div><a href=\"https:\/\/www.rubyrange.com\/de\/tour\/wandern-tombstone-territorial-park\/\">Patagonien des Nordens &#8211; Trekking Tombstone Mountain<\/a><\/div>\n<div><a href=\"https:\/\/www.rubyrange.com\/de\/tour\/bonnet-plum-river\/\">Bonnet Plume River &#8211; Yukons Last Frontier Kanu-Route<\/a><\/div>\n<div><a href=\"https:\/\/www.rubyrange.com\/de\/tour\/hess-river-ruf-der-wildnis\/\">Hess River &#8211; Ruf der Wildnis<\/a><\/div>\n<div><a href=\"https:\/\/www.rubyrange.com\/de\/tour\/trondek-klondike-whitehorse-nach-dawson-die-wintererfahrung\/\">Trondek Klondike Whitehorse nach Dawson &#8211; die Wintererfahrung<\/a><\/div>\n<div><a href=\"https:\/\/www.rubyrange.com\/de\/tour\/northern-rockies-fortstjohn-whitehorse\/\">Northern Rockies Fort St-John Whitehorse<\/a><\/div>\n<div><a href=\"https:\/\/www.rubyrange.com\/de\/tour\/northern-rockies-whitehorse-fortstjohn\/\">Northern Rockies Whitehorse Fort St-John<\/a><\/div>\n<div><a href=\"https:\/\/www.rubyrange.com\/de\/tour\/arctic-ocean-dream-dempster-highway-south\/\">Arctic Ocean Dream &amp; Dempster Highway (von Tuktoyaktuk nach Whitehorse)<\/a><\/div>\n<div><a href=\"https:\/\/www.rubyrange.com\/de\/tour\/arctic-ocean-dream-dempster-highway-north\/\">Arctic Ocean Dream &amp; Dempster Highway (von Whitehorse nach Tuktoyaktuk)<\/a><\/div>\n","protected":false},"excerpt":{"rendered":"<p>Homepage \u00dcber Ruby Range Adventure Unser Team Aktuelle Job-Angebote Umweltengagement H\u00e4ufig gestellte Fragen FAQ Schwierigkeitsgrad Zus\u00e4tzliche Aktivit\u00e4ten Datenschutz-Bestimmungen Kontakt &nbsp;..<\/p>\n","protected":false},"author":79,"featured_media":0,"parent":0,"menu_order":0,"comment_status":"closed","ping_status":"closed","template":"","meta":{"_acf_changed":false,"_lmt_disableupdate":"no","_lmt_disable":"","footnotes":""},"class_list":["post-24759","page","type-page","status-publish","hentry"],"acf":[],"_links":{"self":[{"href":"https:\/\/www.rubyrange.com\/de\/wp-json\/wp\/v2\/pages\/24759","targetHints":{"allow":["GET"]}}],"collection":[{"href":"https:\/\/www.rubyrange.com\/de\/wp-json\/wp\/v2\/pages"}],"about":[{"href":"https:\/\/www.rubyrange.com\/de\/wp-json\/wp\/v2\/types\/page"}],"author":[{"embeddable":true,"href":"https:\/\/www.rubyrange.com\/de\/wp-json\/wp\/v2\/users\/79"}],"replies":[{"embeddable":true,"href":"https:\/\/www.rubyrange.com\/de\/wp-json\/wp\/v2\/comments?post=24759"}],"version-history":[{"count":5,"href":"https:\/\/www.rubyrange.com\/de\/wp-json\/wp\/v2\/pages\/24759\/revisions"}],"predecessor-version":[{"id":61935,"href":"https:\/\/www.rubyrange.com\/de\/wp-json\/wp\/v2\/pages\/24759\/revisions\/61935"}],"wp:attachment":[{"href":"https:\/\/www.rubyrange.com\/de\/wp-json\/wp\/v2\/media?parent=24759"}],"curies":[{"name":"wp","href":"https:\/\/api.w.org\/{rel}","templated":true}]}}