{"id":311,"date":"2017-01-04T00:00:00","date_gmt":"2017-01-04T08:00:00","guid":{"rendered":"https:\/\/www.rubyrange.com\/?page_id=311"},"modified":"2019-07-25T14:47:29","modified_gmt":"2019-07-25T22:47:29","slug":"ueber-uns","status":"publish","type":"page","link":"https:\/\/www.rubyrange.com\/de\/ueber-uns\/","title":{"rendered":"\u00dcber uns"},"content":{"rendered":"<p><img fetchpriority=\"high\" decoding=\"async\" class=\"size-medium wp-image-11636 alignright\" src=\"https:\/\/www.rubyrange.com\/wp-content\/uploads\/2016\/12\/DSC09274-252x300.jpg\" alt=\"\" width=\"252\" height=\"300\" srcset=\"https:\/\/www.rubyrange.com\/wp-content\/uploads\/2016\/12\/DSC09274-252x300.jpg 252w, https:\/\/www.rubyrange.com\/wp-content\/uploads\/2016\/12\/DSC09274-906x1080.jpg 906w, https:\/\/www.rubyrange.com\/wp-content\/uploads\/2016\/12\/DSC09274-600x715.jpg 600w, https:\/\/www.rubyrange.com\/wp-content\/uploads\/2016\/12\/DSC09274-859x1024.jpg 859w, https:\/\/www.rubyrange.com\/wp-content\/uploads\/2016\/12\/DSC09274-1200x1430.jpg 1200w, https:\/\/www.rubyrange.com\/wp-content\/uploads\/2016\/12\/DSC09274.jpg 1536w\" sizes=\"(max-width: 252px) 100vw, 252px\" \/>Unser Unternehmen wurde 1984 mit Sitz im Yukon gegr\u00fcndet und ist seitdem zu einem der Erfolgreichsten im Bereich des \u00d6ko-Tourismus gewachsen. Unsere von Jahr zu Jahr gestiegenen Besucherzahlen sind Zeugnis qualitativ hochwertiger Reisen sowie zufriedener G\u00e4ste zugleich. Unser Reiseangebot beginnt beim Kanuabenteuer f\u00fcr Anf\u00e4nger und Fortgeschrittene, erstreckt sich \u00fcber Wanderreisen und Fishing-Safaris bis hin zu komfortablen Hotel-Rundreisen. Wir begr\u00fc\u00dfen G\u00e4ste aus aller Welt und waren schon mehrfach bei der Produktion von Dokumentar- und Naturfilmen \u00fcber die Region behilflich.<\/p>\n<p>Unser Bestreben ist es sicher zu stellen, dass die unber\u00fchrte Sch\u00f6nheit des Landes genau das bleibt was sie ist &#8211; n\u00e4mlich unber\u00fchrt! Die Umwelt ist die Grundlage unseres Unternehmens, deshalb sind wir sehr bem\u00fcht, das empfindliche Gleichgewicht zwischen Mensch und Natur zu erhalten, w\u00e4hrend wir unseren G\u00e4sten gleichzeitig ein echtes Naturerlebnis bieten moechten. Wir limitieren grunds\u00e4tzlich die Gr\u00f6\u00dfe unserer Reisegruppen. Nur das versetzt uns in die Lage, einmalige und exklusive Erlebnisse zu garantieren, die Ihnen unvergesslich bleiben werden.<\/p>\n<p>Unser Angebot beschr\u00e4nkt sich jedoch nicht lediglich auf gef\u00fchrte Reisen. Wir k\u00fcmmern uns um Flughafentransfers, reservieren Hotelzimmer und helfen bei der Verwirklichung pers\u00f6nlicher W\u00fcnsche oder Anschlussprogramme: Zum Beispiel Schiffs- oder Eisenbahnfahrten sowie die Organisation von Fl\u00fcgen mit dem Buschflugzeug und Hubschrauber.<\/p>\n<p>Die f\u00fcr Ihre Reise ben\u00f6tigten Ausr\u00fcstungsgegenst\u00e4nde von Kanu \u00fcber Zelt bis hin zur Koch- und Campingausstattung stellen wir zur Verf\u00fcgung. Alles was wir Sie bitten, neben Ihren pers\u00f6nlichen Dingen f\u00fcr die jeweilige gebuchte Reise mitzubringen, sind ein wenig Abenteuerlust, gute Laune und die Neugier auf eine Welt, die nur wenigen zug\u00e4nglich ist. Damit Sie Ihre Reise gut vorbereitet antreten k\u00f6nnen, schicken wir Ihnen auf Wunsch unsere Ausr\u00fcstungsempfehlungsliste zu. Selbstverst\u00e4ndlich stehen wir auch f\u00fcr Ihre Fragen zu Verf\u00fcgung, wie gro\u00df oder klein Ihr Anliegen auch sein mag. Wir m\u00f6chten, dass Sie Ihre Reise sicher und bequem genie\u00dfen k\u00f6nnen.<\/p>\n<p>Gerne arbeiten wir Ihnen auch ein auf Sie oder Ihren Freundeskreis speziell zugeschnittenes Reiseprogramm aus. Nutzen Sie unser Wissen und unsere Erfahrung zu Ihrem Vorteil! Wir ersparen Ihnen die M\u00fche, eine Reiseroute selbst gestalten zu muessen und stellen so sicher, dass Sie nichts Sehenswertes vers\u00e4umen.<\/p>\n<p>Mit Ruby Range Adventure erleben Sie eine einmalige und unvergleichliche Reise durch Alaska und Kanadas Yukon.<\/p>\n","protected":false},"excerpt":{"rendered":"<p>Unser Unternehmen wurde 1984 mit Sitz im Yukon gegr\u00fcndet und ist seitdem zu einem der Erfolgreichsten im Bereich des \u00d6ko-Tourismus..<\/p>\n","protected":false},"author":79,"featured_media":26108,"parent":0,"menu_order":0,"comment_status":"open","ping_status":"open","template":"","meta":{"_acf_changed":false,"_lmt_disableupdate":"","_lmt_disable":"","footnotes":""},"class_list":["post-311","page","type-page","status-publish","has-post-thumbnail","hentry"],"acf":[],"_links":{"self":[{"href":"https:\/\/www.rubyrange.com\/de\/wp-json\/wp\/v2\/pages\/311","targetHints":{"allow":["GET"]}}],"collection":[{"href":"https:\/\/www.rubyrange.com\/de\/wp-json\/wp\/v2\/pages"}],"about":[{"href":"https:\/\/www.rubyrange.com\/de\/wp-json\/wp\/v2\/types\/page"}],"author":[{"embeddable":true,"href":"https:\/\/www.rubyrange.com\/de\/wp-json\/wp\/v2\/users\/79"}],"replies":[{"embeddable":true,"href":"https:\/\/www.rubyrange.com\/de\/wp-json\/wp\/v2\/comments?post=311"}],"version-history":[{"count":0,"href":"https:\/\/www.rubyrange.com\/de\/wp-json\/wp\/v2\/pages\/311\/revisions"}],"wp:featuredmedia":[{"embeddable":true,"href":"https:\/\/www.rubyrange.com\/de\/wp-json\/wp\/v2\/media\/26108"}],"wp:attachment":[{"href":"https:\/\/www.rubyrange.com\/de\/wp-json\/wp\/v2\/media?parent=311"}],"curies":[{"name":"wp","href":"https:\/\/api.w.org\/{rel}","templated":true}]}}