{"id":313,"date":"2017-01-04T00:00:00","date_gmt":"2017-01-04T08:00:00","guid":{"rendered":"https:\/\/www.rubyrange.com\/?page_id=313"},"modified":"2019-07-25T14:47:32","modified_gmt":"2019-07-25T22:47:32","slug":"reise-info","status":"publish","type":"page","link":"https:\/\/www.rubyrange.com\/de\/reise-info\/","title":{"rendered":"Reise-Info"},"content":{"rendered":"<p><strong>Der Yukon weckt die Abenteuerlust<br \/>\n<\/strong><br \/>\nDas Lied der offenen Stra\u00dfe ist eine Symphonie im Yukon, weil es gerade soviel zu sehen gibt.<br \/>\nUnsere Stra\u00dfen, die durch den gro\u00dfen Nordwald f\u00fchren, folgen Seen und Fl\u00fcssen, alpinen P\u00e4ssen und Windung durch Tundra-Ebenen.<br \/>\nAuf Ihrem Weg k\u00f6nnen Sie Kanadas h\u00f6chsten Berg bewundern, den n\u00f6rdlichen Polarkreis kreuzen, eine Gruppe wilder Tiere beobachten, abwechslungsreiche Siedlungen besuchen und \u201eeine Stille, die einen mit Ruhe erf\u00fcllt&#8221; erleben.<br \/>\n<strong>Fakten:<\/strong><br \/>\n\u2022 Whitehorse ist der Ausgangsort zu allen Yukon-Abenteuern.<br \/>\n\u2022 Whitehorse ist durch regelm\u00e4\u00dfigen Flugverkehr nur 2,5 Stunden von Vancouver, Britisch-Columbien entfernt.<br \/>\n\u2022 Sie k\u00f6nnen auch von Edmonton oder von Calgary nach Whitehorse fliegen.<br \/>\n\u2022 Yukon ist gleich neben Alaska, also k\u00f6nnen Sie leicht beide Regionen auf einer Reise besichtigen.<\/p>\n<p><strong><br \/>\nEs ist so einfach<\/strong><\/p>\n<p>Yukon, das Territorium, welches das nordwestlichste Gebiet von Kanada und \u00f6stlich von Alaska ist, hat ungef\u00e4hr die Gr\u00f6\u00dfe von Frankreich mit einer Bev\u00f6lkerung von gerade 33.000 Einwohnern. Mit 4.850 Kilometern Strassennetz in alle Richtungen durch unsere abwechslungsreiche Landschaft sind Staus nie wirklich ein Problem.<br \/>\nJeder Ort im Yukon bietet Ihnen ein atemberaubendes Erlebnis, das Sie noch nie erfahren haben.<\/p>\n","protected":false},"excerpt":{"rendered":"<p>Der Yukon weckt die Abenteuerlust Das Lied der offenen Stra\u00dfe ist eine Symphonie im Yukon, weil es gerade soviel zu..<\/p>\n","protected":false},"author":79,"featured_media":29531,"parent":0,"menu_order":0,"comment_status":"open","ping_status":"open","template":"","meta":{"_acf_changed":false,"_lmt_disableupdate":"","_lmt_disable":"","footnotes":""},"class_list":["post-313","page","type-page","status-publish","has-post-thumbnail","hentry"],"acf":[],"_links":{"self":[{"href":"https:\/\/www.rubyrange.com\/de\/wp-json\/wp\/v2\/pages\/313","targetHints":{"allow":["GET"]}}],"collection":[{"href":"https:\/\/www.rubyrange.com\/de\/wp-json\/wp\/v2\/pages"}],"about":[{"href":"https:\/\/www.rubyrange.com\/de\/wp-json\/wp\/v2\/types\/page"}],"author":[{"embeddable":true,"href":"https:\/\/www.rubyrange.com\/de\/wp-json\/wp\/v2\/users\/79"}],"replies":[{"embeddable":true,"href":"https:\/\/www.rubyrange.com\/de\/wp-json\/wp\/v2\/comments?post=313"}],"version-history":[{"count":0,"href":"https:\/\/www.rubyrange.com\/de\/wp-json\/wp\/v2\/pages\/313\/revisions"}],"wp:featuredmedia":[{"embeddable":true,"href":"https:\/\/www.rubyrange.com\/de\/wp-json\/wp\/v2\/media\/29531"}],"wp:attachment":[{"href":"https:\/\/www.rubyrange.com\/de\/wp-json\/wp\/v2\/media?parent=313"}],"curies":[{"name":"wp","href":"https:\/\/api.w.org\/{rel}","templated":true}]}}