{"id":318,"date":"2017-01-04T00:00:00","date_gmt":"2017-01-04T08:00:00","guid":{"rendered":"https:\/\/www.rubyrange.com\/?page_id=318"},"modified":"2025-11-04T06:12:07","modified_gmt":"2025-11-04T13:12:07","slug":"charter-services","status":"publish","type":"page","link":"https:\/\/www.rubyrange.com\/de\/charter-services\/","title":{"rendered":"Charter Services"},"content":{"rendered":"<p>Ein Fahrzeug aus der Charterflotte von Ruby Range Adventure zu mieten ist einfach, bequem und \u00f6konomisch. Unsere zuverl\u00e4ssigen Fahrer, Tourguides und Reiseleiter stellen eine reibungslose und professionelle Umsetzung sicher. Quotierungen sind kostenfrei und mit unserer Erfahrung von 25 Jahren stehen wir Ihnen beratend zur Seite.<\/p>\n<p>Setzen Sie sich mit uns in Verbindung und wir k\u00fcmmern uns gerne auch um Ihr geplantes Projekt.<\/p>\n<p>&nbsp;<\/p>\n<p><img fetchpriority=\"high\" decoding=\"async\" class=\"aligncenter wp-image-11474\" src=\"https:\/\/www.rubyrange.com\/wp-content\/uploads\/2017\/01\/P5020758-300x225.jpg\" alt=\"\" width=\"600\" height=\"450\" srcset=\"https:\/\/www.rubyrange.com\/wp-content\/uploads\/2017\/01\/P5020758-300x225.jpg 300w, https:\/\/www.rubyrange.com\/wp-content\/uploads\/2017\/01\/P5020758-1440x1080.jpg 1440w, https:\/\/www.rubyrange.com\/wp-content\/uploads\/2017\/01\/P5020758-600x450.jpg 600w, https:\/\/www.rubyrange.com\/wp-content\/uploads\/2017\/01\/P5020758-1024x768.jpg 1024w, https:\/\/www.rubyrange.com\/wp-content\/uploads\/2017\/01\/P5020758-1200x900.jpg 1200w, https:\/\/www.rubyrange.com\/wp-content\/uploads\/2017\/01\/P5020758.jpg 1600w\" sizes=\"(max-width: 600px) 100vw, 600px\" \/><\/p>\n<p>&nbsp;<\/p>\n<p><strong> Bus\/Van Charter &amp; Fahrer\/Reiseleiter<\/strong><\/p>\n<p>G\u00fcnstige Preise und freundlicher Service verbunden mit ortskundigen, kenntnisreichen Fahrern sind kennzeichnend f\u00fcr unseren Bus\/Van Charter Service in Alaska, Yukon und Kanadas Westen. Wir bedienen mit unseren eigenen Fahrzeugen Gruppengr\u00f6\u00dfen bis zu 24 Teilnehmern. Fahrer, Reiseleiter und Step-On-Guides stehen Ihnen zur Verf\u00fcgung. Bitte fragen Sie nach den vorhandenen Sprachen der Tourbegleiter. Englisch, Franz\u00f6sisch und Deutsch sind vorhanden, weitere Sprachen wie beispielsweise Spanisch und Japanisch auf Anfrage m\u00f6glich.<\/p>\n<p><img decoding=\"async\" class=\"aligncenter wp-image-11477\" src=\"https:\/\/www.rubyrange.com\/wp-content\/uploads\/2017\/01\/P5020766-300x225.jpg\" alt=\"\" width=\"600\" height=\"450\" srcset=\"https:\/\/www.rubyrange.com\/wp-content\/uploads\/2017\/01\/P5020766-300x225.jpg 300w, https:\/\/www.rubyrange.com\/wp-content\/uploads\/2017\/01\/P5020766-1440x1080.jpg 1440w, https:\/\/www.rubyrange.com\/wp-content\/uploads\/2017\/01\/P5020766-600x450.jpg 600w, https:\/\/www.rubyrange.com\/wp-content\/uploads\/2017\/01\/P5020766-1024x768.jpg 1024w, https:\/\/www.rubyrange.com\/wp-content\/uploads\/2017\/01\/P5020766-1200x900.jpg 1200w, https:\/\/www.rubyrange.com\/wp-content\/uploads\/2017\/01\/P5020766.jpg 1600w\" sizes=\"(max-width: 600px) 100vw, 600px\" \/><\/p>\n<p><strong><br \/>\nExklusive Sondergruppen \/ Privatreisen \/ Incentives<\/strong><\/p>\n<p>Private Charter stehen f\u00fcr eine oder mehrere Personen ebenfalls zur Verf\u00fcgung. W\u00e4hlen Sie aus unserer gro\u00dfen Auswahl erprobter Tourverl\u00e4ufe und Rundreisen oder alternativ individuell f\u00fcr Sie ausgearbeitet und ma\u00dfgeschneidert passend zu Ihren eigenen Vorstellungen. Eine hervorragende Art den Urlaub ganz exklusiv mit der Familie, im Freundes- oder Kollegenkreis zu verbringen. 15 Sitzer Maxivans und komfortable Kleinbusse bis max. 24 Teilnehmern inkl. kompetenten Reiseleitern stehen Ihnen zur Verf\u00fcgung. Wir bieten Ihnen einen kompletten Rundumservice und k\u00fcmmern uns um jedes Detail.<\/p>\n","protected":false},"excerpt":{"rendered":"<p>Ein Fahrzeug aus der Charterflotte von Ruby Range Adventure zu mieten ist einfach, bequem und \u00f6konomisch. Unsere zuverl\u00e4ssigen Fahrer, Tourguides..<\/p>\n","protected":false},"author":79,"featured_media":18813,"parent":0,"menu_order":0,"comment_status":"open","ping_status":"open","template":"","meta":{"_acf_changed":false,"_lmt_disableupdate":"no","_lmt_disable":"","footnotes":""},"class_list":["post-318","page","type-page","status-publish","has-post-thumbnail","hentry"],"acf":[],"_links":{"self":[{"href":"https:\/\/www.rubyrange.com\/de\/wp-json\/wp\/v2\/pages\/318","targetHints":{"allow":["GET"]}}],"collection":[{"href":"https:\/\/www.rubyrange.com\/de\/wp-json\/wp\/v2\/pages"}],"about":[{"href":"https:\/\/www.rubyrange.com\/de\/wp-json\/wp\/v2\/types\/page"}],"author":[{"embeddable":true,"href":"https:\/\/www.rubyrange.com\/de\/wp-json\/wp\/v2\/users\/79"}],"replies":[{"embeddable":true,"href":"https:\/\/www.rubyrange.com\/de\/wp-json\/wp\/v2\/comments?post=318"}],"version-history":[{"count":1,"href":"https:\/\/www.rubyrange.com\/de\/wp-json\/wp\/v2\/pages\/318\/revisions"}],"predecessor-version":[{"id":65728,"href":"https:\/\/www.rubyrange.com\/de\/wp-json\/wp\/v2\/pages\/318\/revisions\/65728"}],"wp:featuredmedia":[{"embeddable":true,"href":"https:\/\/www.rubyrange.com\/de\/wp-json\/wp\/v2\/media\/18813"}],"wp:attachment":[{"href":"https:\/\/www.rubyrange.com\/de\/wp-json\/wp\/v2\/media?parent=318"}],"curies":[{"name":"wp","href":"https:\/\/api.w.org\/{rel}","templated":true}]}}