{"id":324,"date":"2017-01-04T00:00:00","date_gmt":"2017-01-04T08:00:00","guid":{"rendered":"https:\/\/www.rubyrange.com\/?page_id=324"},"modified":"2024-08-13T12:59:36","modified_gmt":"2024-08-13T19:59:36","slug":"kontakt","status":"publish","type":"page","link":"https:\/\/www.rubyrange.com\/de\/kontakt\/","title":{"rendered":"Kontakt"},"content":{"rendered":"\t\t<div data-elementor-type=\"wp-page\" data-elementor-id=\"324\" class=\"elementor elementor-324 elementor-199\" data-elementor-post-type=\"page\">\n\t\t\t\t\t\t<section class=\"elementor-section elementor-top-section elementor-element elementor-element-5b70645a elementor-section-boxed elementor-section-height-default elementor-section-height-default\" data-id=\"5b70645a\" data-element_type=\"section\" data-e-type=\"section\">\n\t\t\t\t\t\t<div class=\"elementor-container elementor-column-gap-default\">\n\t\t\t\t\t<div class=\"elementor-column elementor-col-100 elementor-top-column elementor-element elementor-element-534465b9\" data-id=\"534465b9\" data-element_type=\"column\" data-e-type=\"column\">\n\t\t\t<div class=\"elementor-widget-wrap elementor-element-populated\">\n\t\t\t\t\t\t<div class=\"elementor-element elementor-element-9f0a905 elementor-widget elementor-widget-text-editor\" data-id=\"9f0a905\" data-element_type=\"widget\" data-e-type=\"widget\" data-widget_type=\"text-editor.default\">\n\t\t\t\t<div class=\"elementor-widget-container\">\n\t\t\t\t\t\t\t\t\t<p>Auf dieser Seite k\u00f6nnen Sie uns direkt kontaktieren falls Sie offene Fragen haben oder uns Feedback geben m\u00f6chten. Alle rot (*) markierten Felder sind auszuf\u00fcllen. Wir werden Ihnen schnellstm\u00f6glich eine Best\u00e4tigung \u00fcbermitteln.<\/p>\t\t\t\t\t\t\t\t<\/div>\n\t\t\t\t<\/div>\n\t\t\t\t<div class=\"elementor-element elementor-element-0b5e44b elementor-widget elementor-widget-wpforms\" data-id=\"0b5e44b\" data-element_type=\"widget\" data-e-type=\"widget\" data-widget_type=\"wpforms.default\">\n\t\t\t\t<div class=\"elementor-widget-container\">\n\t\t\t\t\t<div class=\"wpforms-container wpforms-container-full\" id=\"wpforms-329\"><form id=\"wpforms-form-329\" class=\"wpforms-validate wpforms-form\" data-formid=\"329\" method=\"post\" enctype=\"multipart\/form-data\" action=\"\/de\/wp-json\/wp\/v2\/pages\/324\" data-token=\"b10c4c36740415076ca9bcbdd6d3f378\" data-token-time=\"1777415636\"><noscript class=\"wpforms-error-noscript\">Bitte aktiviere JavaScript in deinem Browser, um dieses Formular fertigzustellen.<\/noscript><div class=\"wpforms-field-container\"><div id=\"wpforms-329-field_0-container\" class=\"wpforms-field wpforms-field-name\" data-field-id=\"0\"><label class=\"wpforms-field-label\">Name <span class=\"wpforms-required-label\">*<\/span><\/label><div class=\"wpforms-field-row wpforms-field-medium\"><div class=\"wpforms-field-row-block wpforms-first wpforms-one-half\"><input type=\"text\" id=\"wpforms-329-field_0\" class=\"wpforms-field-name-first wpforms-field-required\" name=\"wpforms[fields][0][first]\" required><label for=\"wpforms-329-field_0\" class=\"wpforms-field-sublabel after\">Vorname<\/label><\/div><div class=\"wpforms-field-row-block wpforms-one-half\"><input type=\"text\" id=\"wpforms-329-field_0-last\" class=\"wpforms-field-name-last wpforms-field-required\" name=\"wpforms[fields][0][last]\" required><label for=\"wpforms-329-field_0-last\" class=\"wpforms-field-sublabel after\">Nachname<\/label><\/div><\/div><\/div><div id=\"wpforms-329-field_1-container\" class=\"wpforms-field wpforms-field-email\" data-field-id=\"1\"><label class=\"wpforms-field-label\" for=\"wpforms-329-field_1\">E-mail <span class=\"wpforms-required-label\">*<\/span><\/label><input type=\"email\" id=\"wpforms-329-field_1\" class=\"wpforms-field-medium wpforms-field-required\" name=\"wpforms[fields][1]\" spellcheck=\"false\" required><\/div><div id=\"wpforms-329-field_3-container\" class=\"wpforms-field wpforms-field-phone\" data-field-id=\"3\"><label class=\"wpforms-field-label\" for=\"wpforms-329-field_3\">Telefonnummer<\/label><input type=\"tel\" id=\"wpforms-329-field_3\" class=\"wpforms-field-medium\" data-rule-int-phone-field=\"true\" name=\"wpforms[fields][3]\" aria-label=\"Telefonnummer\" ><\/div><div id=\"wpforms-329-field_2-container\" class=\"wpforms-field wpforms-field-textarea\" data-field-id=\"2\"><label class=\"wpforms-field-label\" for=\"wpforms-329-field_2\">Nachricht \/ Kommentar <span class=\"wpforms-required-label\">*<\/span><\/label><textarea id=\"wpforms-329-field_2\" class=\"wpforms-field-medium wpforms-field-required\" name=\"wpforms[fields][2]\" required><\/textarea><\/div><\/div><!-- .wpforms-field-container --><div class=\"wpforms-field wpforms-field-hp\"><label for=\"wpforms-329-field-hp\" class=\"wpforms-field-label\">Website<\/label><input type=\"text\" name=\"wpforms[hp]\" id=\"wpforms-329-field-hp\" class=\"wpforms-field-medium\"><\/div><div class=\"wpforms-submit-container\" ><input type=\"hidden\" name=\"wpforms[id]\" value=\"329\"><input type=\"hidden\" name=\"page_title\" value=\"\"><input type=\"hidden\" name=\"page_url\" value=\"https:\/\/www.rubyrange.com\/de\/wp-json\/wp\/v2\/pages\/324\"><input type=\"hidden\" name=\"url_referer\" value=\"\"><button type=\"submit\" name=\"wpforms[submit]\" id=\"wpforms-submit-329\" class=\"wpforms-submit\" data-alt-text=\"Wird gesendet...\" data-submit-text=\"Absenden\" aria-live=\"assertive\" value=\"wpforms-submit\">Absenden<\/button><\/div><\/form><\/div>  <!-- .wpforms-container -->\t\t\t\t<\/div>\n\t\t\t\t<\/div>\n\t\t\t\t<div class=\"elementor-element elementor-element-1d850f37 elementor-widget elementor-widget-text-editor\" data-id=\"1d850f37\" data-element_type=\"widget\" data-e-type=\"widget\" data-widget_type=\"text-editor.default\">\n\t\t\t\t<div class=\"elementor-widget-container\">\n\t\t\t\t\t\t\t\t\t<h2>Ruby Range Adventure, B\u00fcro Kanada<\/h2><p>PO Box 30107<br \/>Whitehorse, YT<br \/>Y1A 5M2, Canada<\/p><h2>Ruby Range Adventure, B\u00fcro Alaska<\/h2><p>PO Box 1661<br \/>Haines, AK<br \/>99827, USA<\/p><p><span style=\"font-size: 1rem;\">Telefon: <\/span><a style=\"background-color: #ffffff; font-size: 1rem;\" href=\"tel:1-867-322-8600\">+1 (867) 322-8600<\/a><br \/><span style=\"font-size: 1rem;\">Fax: +1 (867) 322-8605<br \/><\/span><span style=\"font-size: 1rem;\">Email: <\/span><a style=\"background-color: #ffffff; font-size: 1rem;\" href=\"mailto:info@rubyrange.com\">info@rubyrange.com<\/a><\/p><p><strong>Kostenlose Rufnummer f\u00fcr Anrufe aus Nordamerika (USA, Kanada):<\/strong> <a href=\"tel:1-888-667-2209\">1-888-667-2209<\/a><\/p>\t\t\t\t\t\t\t\t<\/div>\n\t\t\t\t<\/div>\n\t\t\t\t<div class=\"elementor-element elementor-element-00ebebf elementor-widget elementor-widget-html\" data-id=\"00ebebf\" data-element_type=\"widget\" data-e-type=\"widget\" data-widget_type=\"html.default\">\n\t\t\t\t<div class=\"elementor-widget-container\">\n\t\t\t\t\t<iframe style=\"border: 0;\" src=\"https:\/\/www.google.com\/maps\/embed?pb=!1m18!1m12!1m3!1d1956.492520987966!2d-135.02375178357923!3d60.63500898213457!2m3!1f0!2f0!3f0!3m2!1i1024!2i768!4f13.1!3m3!1m2!1s0x515444c2d262362f%3A0xb86c739e944ef86e!2sRuby%20Range%20Adventure!5e0!3m2!1sde!2sca!4v1566923013798!5m2!1sde!2sca\" width=\"400\" height=\"300\" frameborder=\"0\" allowfullscreen=\"allowfullscreen\"><\/iframe>\t\t\t\t<\/div>\n\t\t\t\t<\/div>\n\t\t\t\t<div class=\"elementor-element elementor-element-7b0a703 elementor-widget elementor-widget-text-editor\" data-id=\"7b0a703\" data-element_type=\"widget\" data-e-type=\"widget\" data-widget_type=\"text-editor.default\">\n\t\t\t\t<div class=\"elementor-widget-container\">\n\t\t\t\t\t\t\t\t\t<a href=\"https:\/\/goo.gl\/maps\/PHYV8DiqErJv5ifE6\" target=\"_blank\" rel=\"noopener\">Routenplaner<\/a>\n\t\t\t\t\t\t\t\t<\/div>\n\t\t\t\t<\/div>\n\t\t\t\t\t<\/div>\n\t\t<\/div>\n\t\t\t\t\t<\/div>\n\t\t<\/section>\n\t\t\t\t<\/div>\n\t\t","protected":false},"excerpt":{"rendered":"<p>Auf dieser Seite k\u00f6nnen Sie uns direkt kontaktieren falls Sie offene Fragen haben oder uns Feedback geben m\u00f6chten. Alle rot..<\/p>\n","protected":false},"author":79,"featured_media":24176,"parent":0,"menu_order":0,"comment_status":"open","ping_status":"open","template":"page-templates\/elementor.php","meta":{"_acf_changed":false,"_lmt_disableupdate":"","_lmt_disable":"","footnotes":""},"class_list":["post-324","page","type-page","status-publish","has-post-thumbnail","hentry"],"acf":[],"_links":{"self":[{"href":"https:\/\/www.rubyrange.com\/de\/wp-json\/wp\/v2\/pages\/324","targetHints":{"allow":["GET"]}}],"collection":[{"href":"https:\/\/www.rubyrange.com\/de\/wp-json\/wp\/v2\/pages"}],"about":[{"href":"https:\/\/www.rubyrange.com\/de\/wp-json\/wp\/v2\/types\/page"}],"author":[{"embeddable":true,"href":"https:\/\/www.rubyrange.com\/de\/wp-json\/wp\/v2\/users\/79"}],"replies":[{"embeddable":true,"href":"https:\/\/www.rubyrange.com\/de\/wp-json\/wp\/v2\/comments?post=324"}],"version-history":[{"count":6,"href":"https:\/\/www.rubyrange.com\/de\/wp-json\/wp\/v2\/pages\/324\/revisions"}],"predecessor-version":[{"id":61632,"href":"https:\/\/www.rubyrange.com\/de\/wp-json\/wp\/v2\/pages\/324\/revisions\/61632"}],"wp:featuredmedia":[{"embeddable":true,"href":"https:\/\/www.rubyrange.com\/de\/wp-json\/wp\/v2\/media\/24176"}],"wp:attachment":[{"href":"https:\/\/www.rubyrange.com\/de\/wp-json\/wp\/v2\/media?parent=324"}],"curies":[{"name":"wp","href":"https:\/\/api.w.org\/{rel}","templated":true}]}}