{"id":10542,"date":"2017-01-27T00:00:00","date_gmt":"2017-01-27T08:00:00","guid":{"rendered":"https:\/\/www.rubyrange.com\/?post_type=product&#038;p=10542"},"modified":"2026-04-19T22:57:24","modified_gmt":"2026-04-20T05:57:24","slug":"kanutour-fuer-frauen-auf-dem-yukon-river","status":"publish","type":"product","link":"https:\/\/www.rubyrange.com\/de\/tour\/kanutour-fuer-frauen-auf-dem-yukon-river\/","title":{"rendered":"Kanutour f\u00fcr Frauen auf dem Yukon River"},"content":{"rendered":"<p>Aufgrund von Kommentaren und vermehrter Nachfrage unserer weiblichen G\u00e4ste haben wir uns entschlossen, nunmehr auch eine Kanutour nur f\u00fcr Frauen anzubieten. Diese klassische 12 Tagestour auf dem Yukon River mit dem Ziel der alten Goldgr\u00e4berstadt Dawson City erfordert keinerlei kanu-technischen Vorkenntnisse.<\/p>\n<p>Der Start der Kanutour ist in Minto, von wo aus es auf dem Yukon River vorbei an den Relikten der alten Zeit Richtung Norden geht. Etwa 325 Kilometer betr\u00e4gt der gesamte Streckenabschnitt bis nach Dawson City. Immer wieder werden wir unterwegs an den gro\u00dfen Goldrausch erinnert und treffen auf geschichtstr\u00e4chtige Pl\u00e4tze, wie zum Beispiel Fort Selkirk. Es ist interessant abends am Lagerfeuer den Stories des Guides zu lauschen. Die Zufl\u00fcsse vom White River und vom Stewart River machen den Yukon immer m\u00e4chtiger. Beim Zusammenfluss von Klondike- und Yukon River erreichen wir Dawson City. Hier endet unsere Kanutour und wir werden zwei Tage lang die kleine Goldgr\u00e4berstadt und deren Geschichte entdecken.<\/p>\n","protected":false},"excerpt":{"rendered":"<p>Aufgrund von Kommentaren und vermehrter Nachfrage unserer weiblichen G\u00e4ste haben wir uns entschlossen, nunmehr auch eine Kanutour nur f\u00fcr Frauen..<\/p>\n","protected":false},"featured_media":15140,"comment_status":"open","ping_status":"closed","template":"","meta":{"_acf_changed":false,"_lmt_disableupdate":"no","_lmt_disable":""},"product_brand":[],"product_cat":[26,95,25],"product_tag":[],"class_list":{"0":"post-10542","1":"product","2":"type-product","3":"status-publish","4":"has-post-thumbnail","6":"product_cat-kanutouren-yukon","7":"product_cat-wildnis-touren","8":"product_cat-abenteuer-rundreisen","9":"pa_departure-whitehorse-de","10":"pa_season-herbst","11":"pa_season-sommer","12":"pa_skill-level-anfaenger","14":"first","15":"instock","16":"virtual","17":"sold-individually","18":"taxable","19":"purchasable","20":"product-type-booking"},"booking_location":"","booking_location_type":"","booking_duration":12,"booking_duration_unit":"day","booking_buffer":0,"booking_cost":0,"booking_resources":[],"exclude_global_add_ons":false,"addons":[{"name":"Unterkunft","type":"multiple_choice","position":0,"required":false,"title_format":"heading","default":"","description_enable":false,"description":"","placeholder_enable":false,"placeholder":"","display":"select","restrictions_type":"any_text","adjust_price":false,"price":"","price_type":"flat_fee","restrictions":false,"min":"0","max":"0","options":[{"label":"1\/2 Doppelzimmer \/ Zelt - 1 Person","price":"3195","price_type":"quantity_based","image":0,"visibility":true},{"label":"Doppelzimmer \/ Zelt - 2 Personen","price":"6390","price_type":"quantity_based","image":0,"visibility":true},{"label":"Einzelzimmer \/ Zelt - 1 Person","price":"3925","price_type":"quantity_based","image":0,"visibility":true}],"id":1680708220}],"acf":[],"_links":{"self":[{"href":"https:\/\/www.rubyrange.com\/de\/wp-json\/wp\/v2\/product\/10542","targetHints":{"allow":["GET"]}}],"collection":[{"href":"https:\/\/www.rubyrange.com\/de\/wp-json\/wp\/v2\/product"}],"about":[{"href":"https:\/\/www.rubyrange.com\/de\/wp-json\/wp\/v2\/types\/product"}],"replies":[{"embeddable":true,"href":"https:\/\/www.rubyrange.com\/de\/wp-json\/wp\/v2\/comments?post=10542"}],"wp:featuredmedia":[{"embeddable":true,"href":"https:\/\/www.rubyrange.com\/de\/wp-json\/wp\/v2\/media\/15140"}],"wp:attachment":[{"href":"https:\/\/www.rubyrange.com\/de\/wp-json\/wp\/v2\/media?parent=10542"}],"wp:term":[{"taxonomy":"product_brand","embeddable":true,"href":"https:\/\/www.rubyrange.com\/de\/wp-json\/wp\/v2\/product_brand?post=10542"},{"taxonomy":"product_cat","embeddable":true,"href":"https:\/\/www.rubyrange.com\/de\/wp-json\/wp\/v2\/product_cat?post=10542"},{"taxonomy":"product_tag","embeddable":true,"href":"https:\/\/www.rubyrange.com\/de\/wp-json\/wp\/v2\/product_tag?post=10542"}],"curies":[{"name":"wp","href":"https:\/\/api.w.org\/{rel}","templated":true}]}}