{"id":10550,"date":"2017-07-10T00:00:00","date_gmt":"2017-07-10T08:00:00","guid":{"rendered":"https:\/\/www.rubyrange.com\/?post_type=product&#038;p=10550"},"modified":"2025-09-19T16:48:39","modified_gmt":"2025-09-19T23:48:39","slug":"yukon-im-fokus-foto-workshop","status":"publish","type":"product","link":"https:\/\/www.rubyrange.com\/de\/tour\/yukon-im-fokus-foto-workshop\/","title":{"rendered":"Yukon im Fokus &#8211; Foto-Workshop"},"content":{"rendered":"<p>Haben Sie schon einmal daran gedacht, Ihre fotografischen F\u00e4higkeiten zu verfeinern, um die sch\u00f6nsten Momente Ihrer Reise noch intensiver zu erleben?<\/p>\n<p>Genau darauf ist unser Fotoaktivprogramm ausgerichtet. Dieser Workshop eignet sich perfekt vor einer gr\u00f6\u00dferen Tour. Im Anschluss daran k\u00f6nnen Sie auf Ihrer Reise das Erlernte in aller Ruhe anwenden und den Erfolg genie\u00dfen.<\/p>\n<p>Was gibt es als begeisterter Amateurfotograf sch\u00f6neres, als an grandiosen Landschaftsmotiven seinen Blick zu schulen? Durch neue Erkenntnisse in Technik und Gestaltung bringen wir Sie zu hochwertigeren Bildern, mit denen Sie im Nachhinein sich selbst und andere begeistern k\u00f6nnen.<\/p>\n<p>Unsere verschiedenen Touren durch Alaska und den Yukon bieten f\u00fcr jeden Geschmack das passende Anschlussprogramm an dieses Fotoaktivprogramm.<\/p>\n","protected":false},"excerpt":{"rendered":"<p>Haben Sie schon einmal daran gedacht, Ihre fotografischen F\u00e4higkeiten zu verfeinern, um die sch\u00f6nsten Momente Ihrer Reise noch intensiver zu..<\/p>\n","protected":false},"featured_media":11656,"comment_status":"open","ping_status":"closed","template":"","meta":{"_acf_changed":false,"_lmt_disableupdate":"no","_lmt_disable":""},"product_brand":[],"product_cat":[157,33],"product_tag":[],"class_list":{"0":"post-10550","1":"product","2":"type-product","3":"status-publish","4":"has-post-thumbnail","6":"product_cat-comfort-tours-de","7":"product_cat-sightseeing-touren","8":"pa_departure-whitehorse-de","9":"pa_season-herbst","10":"pa_season-sommer","11":"pa_skill-level-kein","13":"first","14":"instock","15":"virtual","16":"sold-individually","17":"taxable","18":"purchasable","19":"product-type-booking"},"booking_location":"","booking_location_type":"","booking_duration":4,"booking_duration_unit":"day","booking_buffer":0,"booking_cost":0,"booking_resources":[],"exclude_global_add_ons":false,"addons":[{"name":"Unterkunft","type":"multiple_choice","position":0,"required":true,"title_format":"heading","default":"","description_enable":false,"description":"","placeholder_enable":false,"placeholder":"","display":"select","restrictions_type":"any_text","adjust_price":false,"price":"","price_type":"flat_fee","restrictions":false,"min":"0","max":"0","options":[{"label":"Doppelzimmer - 2 Personen","price":"3130","price_type":"quantity_based","image":0,"visibility":true},{"label":"Einzelzimmer - 1 Person","price":"1950","price_type":"quantity_based","image":0,"visibility":true}],"id":1680788602}],"acf":[],"_links":{"self":[{"href":"https:\/\/www.rubyrange.com\/de\/wp-json\/wp\/v2\/product\/10550","targetHints":{"allow":["GET"]}}],"collection":[{"href":"https:\/\/www.rubyrange.com\/de\/wp-json\/wp\/v2\/product"}],"about":[{"href":"https:\/\/www.rubyrange.com\/de\/wp-json\/wp\/v2\/types\/product"}],"replies":[{"embeddable":true,"href":"https:\/\/www.rubyrange.com\/de\/wp-json\/wp\/v2\/comments?post=10550"}],"wp:featuredmedia":[{"embeddable":true,"href":"https:\/\/www.rubyrange.com\/de\/wp-json\/wp\/v2\/media\/11656"}],"wp:attachment":[{"href":"https:\/\/www.rubyrange.com\/de\/wp-json\/wp\/v2\/media?parent=10550"}],"wp:term":[{"taxonomy":"product_brand","embeddable":true,"href":"https:\/\/www.rubyrange.com\/de\/wp-json\/wp\/v2\/product_brand?post=10550"},{"taxonomy":"product_cat","embeddable":true,"href":"https:\/\/www.rubyrange.com\/de\/wp-json\/wp\/v2\/product_cat?post=10550"},{"taxonomy":"product_tag","embeddable":true,"href":"https:\/\/www.rubyrange.com\/de\/wp-json\/wp\/v2\/product_tag?post=10550"}],"curies":[{"name":"wp","href":"https:\/\/api.w.org\/{rel}","templated":true}]}}