{"id":11698,"date":"2017-07-25T00:00:00","date_gmt":"2017-07-25T08:00:00","guid":{"rendered":"https:\/\/www.rubyrange.com\/?post_type=product&#038;p=11698"},"modified":"2025-09-19T15:28:04","modified_gmt":"2025-09-19T22:28:04","slug":"hess-river-ruf-der-wildnis","status":"publish","type":"product","link":"https:\/\/www.rubyrange.com\/de\/tour\/hess-river-ruf-der-wildnis\/","title":{"rendered":"Hess River &#8211; Ruf der Wildnis"},"content":{"rendered":"<p>Versetzen Sie sich dahin, wo nur wenige Leute hingehen, dort, wo die Landschaft Sie in die entlegene Wildnis des Nordens f\u00fchrt und Sie Ihre Kanu-Kenntnisse auf einem der sch\u00f6nsten Fl\u00fcsse unter Beweis stellen k\u00f6nnen \u2013 stellen Sie sich vor, auf dem Hess River zu paddeln.<\/p>\n<p>Weit entfernt von den letzten Au\u00dfenposten der Zivilisation, umgeben von den h\u00f6chsten Bergen der Region, bringt Sie diese herausfordernde Kanu-Tour auf dem Hess River weit weg von allem und n\u00e4her zu sich selbst.<\/p>\n<p>Wir starten die Tour mit einem Trainingstag auf dem Wheaton-River, wo jeder die Gelegenheit hat, den Alltag zur\u00fcckzulassen, seine Gedanken frei zu machen und sich auf die bevorstehenden, aufregenden Tage zu freuen.<\/p>\n<p>Von Mayo gehts mit dem Wasserflugzeug zum Keele Lake, zu den H\u00e4ngen des beeindruckenden Keele Mountain, der zu den mit Gletschern bedeckten Selwyn Mountains geh\u00f6rt, die zweith\u00f6chste Bergkette im Yukon. Die Spitze des Keele Mountain kr\u00f6nt mit seinen scharfkantigen Gebirgsk\u00e4mmen den bergigen Horizont. Flechten, Str\u00e4ucher und Buschbirken dominieren hier die Landschaft \u00fcber der Baumgrenze, wo auch Caribous zu Hause sind. Im Tal findet man eine gro\u00dfe Anzahl an Elchen, Luchse, Marder und Biebern vor. Von Anfang bis zum Ende des Hess Rivers schimmern fast durchgehend wei\u00dfe Schaumkronen hervor. Hier ist das Urgebiet der Kaska Dena und Nacho N\u2019y\u2019ak Dun Indianer. Kurz nach dem Keele Creek nimmt der Fluss an Volumen und Geschwindigkeit zu und es folgt ein l\u00e4ngerer Abschnitt mit anspruchsvollem Wildwasser. Die Rogue Gebirgskette bietet ausgezeichnete Wanderm\u00f6glichkeiten mit spektakul\u00e4ren Aussichten auf die schroffen, vergletscherten Bergspitzen bevor der Hess River in das Nord-Yukon Plateau m\u00fcndet. Auch dieser Teil der Tour bietet gro\u00dfartige Stromschnellen und wundersch\u00f6ne Schluchten. Bis zum Stewart-River ist die Str\u00f6mung sehr gut und es geht flott voran, danach wird der Fluss etwas langsamer. Die Tour endet in Mayo und wir fahren zur\u00fcck nach Whitehorse, verbringen dort 2 N\u00e4chte in einem Hotel und genie\u00dfen \u00f6rtliche Kultur, einheimische K\u00fcche und einen Einkaufsbummel durch den Ort.<\/p>\n","protected":false},"excerpt":{"rendered":"<p>Versetzen Sie sich dahin, wo nur wenige Leute hingehen, dort, wo die Landschaft Sie in die entlegene Wildnis des Nordens..<\/p>\n","protected":false},"featured_media":11159,"comment_status":"open","ping_status":"closed","template":"","meta":{"_acf_changed":false,"_lmt_disableupdate":"no","_lmt_disable":""},"product_brand":[],"product_cat":[26,95,25],"product_tag":[],"class_list":{"0":"post-11698","1":"product","2":"type-product","3":"status-publish","4":"has-post-thumbnail","6":"product_cat-kanutouren-yukon","7":"product_cat-wildnis-touren","8":"product_cat-abenteuer-rundreisen","9":"pa_departure-whitehorse-de","10":"pa_season-sommer","11":"pa_skill-level-experte","13":"first","14":"instock","15":"virtual","16":"sold-individually","17":"taxable","18":"purchasable","19":"product-type-booking"},"booking_location":"","booking_location_type":"","booking_duration":22,"booking_duration_unit":"day","booking_buffer":0,"booking_cost":0,"booking_resources":[],"exclude_global_add_ons":false,"addons":[{"name":"Unterkunft","type":"multiple_choice","position":0,"required":false,"title_format":"heading","default":"","description_enable":false,"description":"","placeholder_enable":false,"placeholder":"","display":"select","restrictions_type":"any_text","adjust_price":false,"price":"","price_type":"flat_fee","restrictions":false,"min":"0","max":"0","options":[{"label":"1\/2 Doppelzimmer \/ Zelt - 1 Person","price":"8545","price_type":"quantity_based","image":0,"visibility":true},{"label":"Doppelzimmer \/ Zelt - 2 Personen","price":"17090","price_type":"quantity_based","image":0,"visibility":true},{"label":"Einzelzimmer \/ Zelt - 1 Person","price":"9205","price_type":"quantity_based","image":0,"visibility":true}],"id":1680711606}],"acf":[],"_links":{"self":[{"href":"https:\/\/www.rubyrange.com\/de\/wp-json\/wp\/v2\/product\/11698","targetHints":{"allow":["GET"]}}],"collection":[{"href":"https:\/\/www.rubyrange.com\/de\/wp-json\/wp\/v2\/product"}],"about":[{"href":"https:\/\/www.rubyrange.com\/de\/wp-json\/wp\/v2\/types\/product"}],"replies":[{"embeddable":true,"href":"https:\/\/www.rubyrange.com\/de\/wp-json\/wp\/v2\/comments?post=11698"}],"wp:featuredmedia":[{"embeddable":true,"href":"https:\/\/www.rubyrange.com\/de\/wp-json\/wp\/v2\/media\/11159"}],"wp:attachment":[{"href":"https:\/\/www.rubyrange.com\/de\/wp-json\/wp\/v2\/media?parent=11698"}],"wp:term":[{"taxonomy":"product_brand","embeddable":true,"href":"https:\/\/www.rubyrange.com\/de\/wp-json\/wp\/v2\/product_brand?post=11698"},{"taxonomy":"product_cat","embeddable":true,"href":"https:\/\/www.rubyrange.com\/de\/wp-json\/wp\/v2\/product_cat?post=11698"},{"taxonomy":"product_tag","embeddable":true,"href":"https:\/\/www.rubyrange.com\/de\/wp-json\/wp\/v2\/product_tag?post=11698"}],"curies":[{"name":"wp","href":"https:\/\/api.w.org\/{rel}","templated":true}]}}