{"id":17199,"date":"2018-08-31T00:00:00","date_gmt":"2018-08-31T08:00:00","guid":{"rendered":"https:\/\/www.rubyrange.com\/?post_type=product&#038;p=17199"},"modified":"2026-04-11T00:55:12","modified_gmt":"2026-04-11T07:55:12","slug":"golden-circle-hotelrundreise-yukon-alaska","status":"publish","type":"product","link":"https:\/\/www.rubyrange.com\/de\/tour\/golden-circle-hotelrundreise-yukon-alaska\/","title":{"rendered":"Golden Circle &#8211; Hotelrundreise Yukon &#8211; Alaska"},"content":{"rendered":"<p>Diese Rundreise bringt Sie innerhalb von wenigen Tagen zu den spektakul\u00e4rsten und sch\u00f6nsten Landschaften und Sehensw\u00fcrdigkeiten, die der s\u00fcdliche Yukon und Alaska zu bieten haben.<\/p>\n<p>Auf den Spuren der Goldgr\u00e4ber und Abenteurer aus dem sp\u00e4ten 19. Jahrhundert geht die Fahrt von Whitehorse \u00fcber Carcross nach Skagway. Mit der F\u00e4hre geht es dann ein kurzes St\u00fcck \u00fcber die Inside Passage nach Haines. Die atemberaubende Berg- und Gletscherwelt, die naheliegenden Nationalparks und die Haines Road nach Haines Junction versprechen unvergessliche Naturmomente. Von Haines Junction lohnt ein Rundflug \u00fcber den Kluane Nationalpark, der einer der sch\u00f6nsten Kanadas ist.<\/p>\n","protected":false},"excerpt":{"rendered":"<p>Diese Rundreise bringt Sie innerhalb von wenigen Tagen zu den spektakul\u00e4rsten und sch\u00f6nsten Landschaften und Sehensw\u00fcrdigkeiten, die der s\u00fcdliche Yukon..<\/p>\n","protected":false},"featured_media":18831,"comment_status":"open","ping_status":"closed","template":"","meta":{"_acf_changed":false,"_lmt_disableupdate":"no","_lmt_disable":""},"product_brand":[],"product_cat":[97,157,33],"product_tag":[],"class_list":{"0":"post-17199","1":"product","2":"type-product","3":"status-publish","4":"has-post-thumbnail","6":"product_cat-bustouren-fur-senioren","7":"product_cat-comfort-tours-de","8":"product_cat-sightseeing-touren","9":"pa_departure-whitehorse-de","10":"pa_season-herbst","11":"pa_season-sommer","12":"pa_skill-level-kein","14":"first","15":"instock","16":"virtual","17":"sold-individually","18":"taxable","19":"purchasable","20":"product-type-booking"},"booking_location":"","booking_location_type":"","booking_duration":8,"booking_duration_unit":"day","booking_buffer":0,"booking_cost":0,"booking_resources":[],"exclude_global_add_ons":false,"addons":[{"name":"Unterkuenfte","type":"multiple_choice","position":0,"required":true,"title_format":"heading","default":"","description_enable":false,"description":"","placeholder_enable":false,"placeholder":"","display":"select","restrictions_type":"any_text","adjust_price":false,"price":"","price_type":"flat_fee","restrictions":false,"min":"0","max":"0","options":[{"label":"Doppelzimmer - 2 Personen","price":"7580","price_type":"quantity_based","image":0,"visibility":true},{"label":"Einzelzimmer - 1 Person","price":"5080","price_type":"quantity_based","image":0,"visibility":true},{"label":"Dreibettzimmer - 3 Personen","price":"10530","price_type":"quantity_based","image":0,"visibility":true}],"id":1712892870}],"acf":[],"_links":{"self":[{"href":"https:\/\/www.rubyrange.com\/de\/wp-json\/wp\/v2\/product\/17199","targetHints":{"allow":["GET"]}}],"collection":[{"href":"https:\/\/www.rubyrange.com\/de\/wp-json\/wp\/v2\/product"}],"about":[{"href":"https:\/\/www.rubyrange.com\/de\/wp-json\/wp\/v2\/types\/product"}],"replies":[{"embeddable":true,"href":"https:\/\/www.rubyrange.com\/de\/wp-json\/wp\/v2\/comments?post=17199"}],"wp:featuredmedia":[{"embeddable":true,"href":"https:\/\/www.rubyrange.com\/de\/wp-json\/wp\/v2\/media\/18831"}],"wp:attachment":[{"href":"https:\/\/www.rubyrange.com\/de\/wp-json\/wp\/v2\/media?parent=17199"}],"wp:term":[{"taxonomy":"product_brand","embeddable":true,"href":"https:\/\/www.rubyrange.com\/de\/wp-json\/wp\/v2\/product_brand?post=17199"},{"taxonomy":"product_cat","embeddable":true,"href":"https:\/\/www.rubyrange.com\/de\/wp-json\/wp\/v2\/product_cat?post=17199"},{"taxonomy":"product_tag","embeddable":true,"href":"https:\/\/www.rubyrange.com\/de\/wp-json\/wp\/v2\/product_tag?post=17199"}],"curies":[{"name":"wp","href":"https:\/\/api.w.org\/{rel}","templated":true}]}}