{"id":18446,"date":"2018-11-16T00:00:00","date_gmt":"2018-11-16T08:00:00","guid":{"rendered":"https:\/\/www.rubyrange.com\/?post_type=product&#038;p=18446"},"modified":"2025-09-13T10:31:06","modified_gmt":"2025-09-13T17:31:06","slug":"der-ruf-der-wildnis-schneemobil-aktiv-programm-kluane-see","status":"publish","type":"product","link":"https:\/\/www.rubyrange.com\/de\/tour\/der-ruf-der-wildnis-schneemobil-aktiv-programm-kluane-see\/","title":{"rendered":"Call of the Wild | Schneemobil Aktiv Programm Kluane See"},"content":{"rendered":"<p>Sie sehnen sich nach einem wahren Abenteuer in der Wildnis, dass sie zu unber\u00fchrten und einzigartigen Pl\u00e4tzen f\u00fchren wird, wie sie sonst nur die J\u00e4ger sehen w\u00fcrden? Dann haben wir hier den perfekt zusammengestellten Trip f\u00fcr sie. Dies ist die ideale Kombination um sich quicklebendig zu f\u00fchlen. Der stille Einklang mit der Natur und die richtige Portion an Aktivit\u00e4ten f\u00fcr eine unvergessliche Reise.<\/p>\n","protected":false},"excerpt":{"rendered":"<p>Sie sehnen sich nach einem wahren Abenteuer in der Wildnis, dass sie zu unber\u00fchrten und einzigartigen Pl\u00e4tzen f\u00fchren wird, wie..<\/p>\n","protected":false},"featured_media":18223,"comment_status":"open","ping_status":"closed","template":"","meta":{"_acf_changed":false,"_lmt_disableupdate":"no","_lmt_disable":""},"product_brand":[],"product_cat":[99,76,25],"product_tag":[],"class_list":{"0":"post-18446","1":"product","2":"type-product","3":"status-publish","4":"has-post-thumbnail","6":"product_cat-entdecken-sie-yukon","7":"product_cat-wintertouren-yukon","8":"product_cat-abenteuer-rundreisen","9":"pa_departure-whitehorse-de","10":"pa_season-fruehling","11":"pa_season-winter-de","12":"pa_skill-level-kein","14":"first","15":"instock","16":"virtual","17":"sold-individually","18":"taxable","19":"purchasable","20":"product-type-booking"},"booking_location":"","booking_location_type":"","booking_duration":5,"booking_duration_unit":"day","booking_buffer":0,"booking_cost":0,"booking_resources":[],"exclude_global_add_ons":false,"addons":[{"name":"Unterkuenfte","type":"multiple_choice","position":0,"required":true,"title_format":"heading","default":"","description_enable":false,"description":"","placeholder_enable":false,"placeholder":"","display":"select","restrictions_type":"any_text","adjust_price":false,"price":"","price_type":"flat_fee","restrictions":false,"min":"0","max":"0","options":[{"label":"Doppelzimmer - 2 Personen","price":"8930","price_type":"quantity_based","image":0,"visibility":true},{"label":"Einzelzimmer - 1 Person","price":"5305","price_type":"quantity_based","image":0,"visibility":true}],"id":1680789884}],"acf":[],"_links":{"self":[{"href":"https:\/\/www.rubyrange.com\/de\/wp-json\/wp\/v2\/product\/18446","targetHints":{"allow":["GET"]}}],"collection":[{"href":"https:\/\/www.rubyrange.com\/de\/wp-json\/wp\/v2\/product"}],"about":[{"href":"https:\/\/www.rubyrange.com\/de\/wp-json\/wp\/v2\/types\/product"}],"replies":[{"embeddable":true,"href":"https:\/\/www.rubyrange.com\/de\/wp-json\/wp\/v2\/comments?post=18446"}],"wp:featuredmedia":[{"embeddable":true,"href":"https:\/\/www.rubyrange.com\/de\/wp-json\/wp\/v2\/media\/18223"}],"wp:attachment":[{"href":"https:\/\/www.rubyrange.com\/de\/wp-json\/wp\/v2\/media?parent=18446"}],"wp:term":[{"taxonomy":"product_brand","embeddable":true,"href":"https:\/\/www.rubyrange.com\/de\/wp-json\/wp\/v2\/product_brand?post=18446"},{"taxonomy":"product_cat","embeddable":true,"href":"https:\/\/www.rubyrange.com\/de\/wp-json\/wp\/v2\/product_cat?post=18446"},{"taxonomy":"product_tag","embeddable":true,"href":"https:\/\/www.rubyrange.com\/de\/wp-json\/wp\/v2\/product_tag?post=18446"}],"curies":[{"name":"wp","href":"https:\/\/api.w.org\/{rel}","templated":true}]}}