{"id":18448,"date":"2018-08-31T00:00:00","date_gmt":"2018-08-31T08:00:00","guid":{"rendered":"https:\/\/www.rubyrange.com\/?post_type=product&#038;p=18448"},"modified":"2025-09-22T14:51:29","modified_gmt":"2025-09-22T21:51:29","slug":"arctic-road-trip-die-eisstrasse-nach-tuktoyaktuk","status":"publish","type":"product","link":"https:\/\/www.rubyrange.com\/de\/tour\/arctic-road-trip-die-eisstrasse-nach-tuktoyaktuk\/","title":{"rendered":"Arctic Road Trip &#8211; Die Eisstra\u00dfe nach Tuktoyaktuk"},"content":{"rendered":"<p>Wie in einem Winterm\u00e4rchen: Unser Arctic Road Trip beginnt in Whitehorse, Yukons Hauptstadt, und f\u00fchrt Sie durch eine bezaubernde, unber\u00fchrte wei\u00dfe Winterlandschaft hoch nach Tuktoyaktuk zum Eismeer.<\/p>\n<p>Unser erster Stop auf dem Weg wird Dawson sein. Die legend\u00e4re Stadt des Goldrausches hat auch heute noch ihren Charme und kann Sie mit den vielen historisch interessanten Geb\u00e4uden sehr einfach in die Zeit von 1898 zur\u00fcckversetzen.<\/p>\n<p>Danach geht es weiter auf den ber\u00fchmten Dempster Highway, der zwischen den Tombstone Mountains und einer faszinierenden Tundra-Landschaft liegt. Lassen Sie sich verzaubern von der Stille und den Weiten dieser einzigartigen unber\u00fchrten Natur.<\/p>\n<p>Bevor wir den Polarkreis passieren verbringen wir die Nacht in einem gem\u00fctlichen warmen Hotel in Eagle Plain.<\/p>\n<p>Am n\u00e4chsten Tag, noch weiter n\u00f6rdlich, lassen wir die Olgilvie Mountains hinter uns, fahren \u00fcber die Richardson Mountains in die Northwest Territories und machen uns auf die erste Begegnung mit dem Polarmeer gefasst.<\/p>\n<p>Um uns herum glitzert das meterdicke Eis. Die Stra\u00dfe f\u00fchrt uns \u00fcber 2 Eisbr\u00fccken und schlie\u00dflich treffen wir auf den modernen Ort Inuvik, der am Ufer des Mackenzie Flusses liegt.<\/p>\n<p>Von Inuvik aus geht es auf die beeindruckende Eisstra\u00dfe, die zum arktischen Dorf Aklavik fuehrt. Und zu guter Letzt fahren wir auf den neu erbauten Highway, der zu Tuktoyaktuk am Polarmeer fuehrt.<\/p>\n<p>F\u00fcr eine perfekte arktische Erfahrung besuchen wir eine lokale Familie, die uns auf traditionale Leckerbissen und kleine Kurzgeschichten des Nordens gastfreundschaftlich einl\u00e4dt.<\/p>\n<p>Wer zum Schluss noch eine besondere Erfahrung sammeln m\u00f6chte, hat in Inuvik die Option eine Hundeschlittentour zu unternehmen.<\/p>\n<p>11.03.2026 &#8211; 20.03.2026 &#8211; Whitehorse &#8211; Inuvik<\/p>\n<p>18.03.2026 &#8211; 27.03.2026 &#8211; Inuvik &#8211; Whitehorse<\/p>\n","protected":false},"excerpt":{"rendered":"<p>Wie in einem Winterm\u00e4rchen: Unser Arctic Road Trip beginnt in Whitehorse, Yukons Hauptstadt, und f\u00fchrt Sie durch eine bezaubernde, unber\u00fchrte..<\/p>\n","protected":false},"featured_media":24685,"comment_status":"open","ping_status":"closed","template":"","meta":{"_acf_changed":false,"_lmt_disableupdate":"no","_lmt_disable":""},"product_brand":[],"product_cat":[97,157,99,76,33],"product_tag":[],"class_list":{"0":"post-18448","1":"product","2":"type-product","3":"status-publish","4":"has-post-thumbnail","6":"product_cat-bustouren-fur-senioren","7":"product_cat-comfort-tours-de","8":"product_cat-entdecken-sie-yukon","9":"product_cat-wintertouren-yukon","10":"product_cat-sightseeing-touren","11":"pa_departure-whitehorse-de","12":"pa_season-fruehling","13":"pa_season-winter-de","14":"pa_skill-level-kein","16":"first","17":"instock","18":"virtual","19":"sold-individually","20":"taxable","21":"purchasable","22":"product-type-booking"},"booking_location":"","booking_location_type":"","booking_duration":10,"booking_duration_unit":"day","booking_buffer":0,"booking_cost":0,"booking_resources":[],"exclude_global_add_ons":false,"addons":[{"name":"Unterkuenfte","type":"multiple_choice","position":0,"required":true,"title_format":"heading","default":"","description_enable":false,"description":"","placeholder_enable":false,"placeholder":"","display":"select","restrictions_type":"any_text","adjust_price":false,"price":"","price_type":"flat_fee","restrictions":false,"min":"0","max":"0","options":[{"label":"Doppelzimmer - 2 Personen","price":"12720.00","price_type":"quantity_based","image":0,"visibility":true},{"label":"Einzelzimmer - 1 Person","price":"7785.00","price_type":"quantity_based","image":0,"visibility":true},{"label":"Dreibettzimmer - 3 Personen","price":"18090.00","price_type":"quantity_based","image":0,"visibility":true}],"id":1670495035}],"acf":[],"_links":{"self":[{"href":"https:\/\/www.rubyrange.com\/de\/wp-json\/wp\/v2\/product\/18448","targetHints":{"allow":["GET"]}}],"collection":[{"href":"https:\/\/www.rubyrange.com\/de\/wp-json\/wp\/v2\/product"}],"about":[{"href":"https:\/\/www.rubyrange.com\/de\/wp-json\/wp\/v2\/types\/product"}],"replies":[{"embeddable":true,"href":"https:\/\/www.rubyrange.com\/de\/wp-json\/wp\/v2\/comments?post=18448"}],"wp:featuredmedia":[{"embeddable":true,"href":"https:\/\/www.rubyrange.com\/de\/wp-json\/wp\/v2\/media\/24685"}],"wp:attachment":[{"href":"https:\/\/www.rubyrange.com\/de\/wp-json\/wp\/v2\/media?parent=18448"}],"wp:term":[{"taxonomy":"product_brand","embeddable":true,"href":"https:\/\/www.rubyrange.com\/de\/wp-json\/wp\/v2\/product_brand?post=18448"},{"taxonomy":"product_cat","embeddable":true,"href":"https:\/\/www.rubyrange.com\/de\/wp-json\/wp\/v2\/product_cat?post=18448"},{"taxonomy":"product_tag","embeddable":true,"href":"https:\/\/www.rubyrange.com\/de\/wp-json\/wp\/v2\/product_tag?post=18448"}],"curies":[{"name":"wp","href":"https:\/\/api.w.org\/{rel}","templated":true}]}}