{"id":18450,"date":"2017-11-30T00:00:00","date_gmt":"2017-11-30T08:00:00","guid":{"rendered":"https:\/\/www.rubyrange.com\/?post_type=product&#038;p=18450"},"modified":"2025-09-13T10:23:08","modified_gmt":"2025-09-13T17:23:08","slug":"trondek-klondike-dawson-city-nach-whitehorse-die-wintererfahrung","status":"publish","type":"product","link":"https:\/\/www.rubyrange.com\/de\/tour\/trondek-klondike-dawson-city-nach-whitehorse-die-wintererfahrung\/","title":{"rendered":"Trondek Klondike Dawson City nach Whitehorse die Wintererfahrung"},"content":{"rendered":"<p>Diese Tour f\u00fchrt sie von Dawson City nach Whitehorse, und ist perfekt geeignet um den richtigen abenteuerlichen, aber auch \u00e4u\u00dferst beeindruckenden Winter im Norden kennenzulernen. Lassen Sie sich auf eine interessante Reise ein, die die damaligen\u00a0 Goldsucher vor mehr als einhundert Jahren unter erheblichen Schwierigkeiten bew\u00e4ltigen mussten. Eine perfekte Mischung kombiniert aus Naturerlebnis und Geschichte!\u00a0 Dieses Abenteuer sollte bei jedem Yukon Besucher auf den Programm stehen!<\/p>\n<p>Diese Tour bieten wir auch umgekehrt an, Whitehorse nach Dawson City. Klicke <a href=\"https:\/\/www.rubyrange.com\/de\/tour\/trondek-klondike-whitehorse-nach-dawson-die-wintererfahrung\/\"><u>hier<\/u><\/a><\/p>\n","protected":false},"excerpt":{"rendered":"<p>Diese Tour f\u00fchrt sie von Dawson City nach Whitehorse, und ist perfekt geeignet um den richtigen abenteuerlichen, aber auch \u00e4u\u00dferst..<\/p>\n","protected":false},"featured_media":13732,"comment_status":"open","ping_status":"closed","template":"","meta":{"_acf_changed":false,"_lmt_disableupdate":"no","_lmt_disable":""},"product_brand":[],"product_cat":[99,76],"product_tag":[],"class_list":{"0":"post-18450","1":"product","2":"type-product","3":"status-publish","4":"has-post-thumbnail","6":"product_cat-entdecken-sie-yukon","7":"product_cat-wintertouren-yukon","8":"pa_departure-dawson-city-de","9":"pa_season-fruehling","10":"pa_season-winter-de","11":"pa_skill-level-kein","13":"first","14":"instock","15":"virtual","16":"sold-individually","17":"taxable","18":"purchasable","19":"product-type-booking"},"booking_location":"","booking_location_type":"","booking_duration":5,"booking_duration_unit":"day","booking_buffer":0,"booking_cost":0,"booking_resources":[],"exclude_global_add_ons":false,"addons":[{"name":"Unterkuenfte","type":"multiple_choice","position":0,"required":true,"title_format":"heading","default":"","description_enable":false,"description":"","placeholder_enable":false,"placeholder":"","display":"select","restrictions_type":"any_text","adjust_price":false,"price":"","price_type":"flat_fee","restrictions":false,"min":"0","max":"0","options":[{"label":"Doppelzimmer - 2 Personen","price":"6410","price_type":"quantity_based","image":0,"visibility":true},{"label":"Einzelzimmer - 1 Person","price":"3850","price_type":"quantity_based","image":0,"visibility":true}],"id":1670494735}],"acf":[],"_links":{"self":[{"href":"https:\/\/www.rubyrange.com\/de\/wp-json\/wp\/v2\/product\/18450","targetHints":{"allow":["GET"]}}],"collection":[{"href":"https:\/\/www.rubyrange.com\/de\/wp-json\/wp\/v2\/product"}],"about":[{"href":"https:\/\/www.rubyrange.com\/de\/wp-json\/wp\/v2\/types\/product"}],"replies":[{"embeddable":true,"href":"https:\/\/www.rubyrange.com\/de\/wp-json\/wp\/v2\/comments?post=18450"}],"wp:featuredmedia":[{"embeddable":true,"href":"https:\/\/www.rubyrange.com\/de\/wp-json\/wp\/v2\/media\/13732"}],"wp:attachment":[{"href":"https:\/\/www.rubyrange.com\/de\/wp-json\/wp\/v2\/media?parent=18450"}],"wp:term":[{"taxonomy":"product_brand","embeddable":true,"href":"https:\/\/www.rubyrange.com\/de\/wp-json\/wp\/v2\/product_brand?post=18450"},{"taxonomy":"product_cat","embeddable":true,"href":"https:\/\/www.rubyrange.com\/de\/wp-json\/wp\/v2\/product_cat?post=18450"},{"taxonomy":"product_tag","embeddable":true,"href":"https:\/\/www.rubyrange.com\/de\/wp-json\/wp\/v2\/product_tag?post=18450"}],"curies":[{"name":"wp","href":"https:\/\/api.w.org\/{rel}","templated":true}]}}