{"id":19181,"date":"2017-02-02T00:00:00","date_gmt":"2017-02-02T08:00:00","guid":{"rendered":"https:\/\/www.rubyrange.com\/shop\/uncategorized\/alaska-the-great-land\/"},"modified":"2025-09-12T07:03:36","modified_gmt":"2025-09-12T14:03:36","slug":"alaska-the-great-land","status":"publish","type":"product","link":"https:\/\/www.rubyrange.com\/de\/tour\/alaska-the-great-land\/","title":{"rendered":"Alaska &#8211; Das Grandiose Land"},"content":{"rendered":"<p>Gewaltige Gletscher inmitten von schneebedeckten Bergen, klare Gew\u00e4sser voll von Lachsen, m\u00e4chtige B\u00e4ren, Elche und Buckelwale &#8211; all dies sind Gr\u00fcnde, weshalb Alaska bei Naturliebhabern als eines der beliebtesten Reiseziele gilt. Aber auch die Faszination des Goldrausches und das Kulturerbe der Ureinwohner locken jedes Jahr unz\u00e4hlige Touristen hierher. Entdecken auch Sie dieses wundersch\u00f6ne naturgepr\u00e4gte Land!<\/p>\n<p>Ihre Reise beginnt in Anchorage, der gr\u00f6\u00dften Stadt Alaskas. Sie liegt zwischen sechs Gebirgsz\u00fcgen und ist vom Beringmeer umgeben. Landschaftlich gepr\u00e4gt ist die Umgebung von 60 Gletschern, einer Reihe von Vulkanen und einer hohen Wildtierpopulation.<\/p>\n","protected":false},"excerpt":{"rendered":"<p>Gewaltige Gletscher inmitten von schneebedeckten Bergen, klare Gew\u00e4sser voll von Lachsen, m\u00e4chtige B\u00e4ren, Elche und Buckelwale &#8211; all dies sind..<\/p>\n","protected":false},"featured_media":29155,"comment_status":"open","ping_status":"closed","template":"","meta":{"_acf_changed":false,"_lmt_disableupdate":"no","_lmt_disable":""},"product_brand":[],"product_cat":[97,157,98,33],"product_tag":[],"class_list":{"0":"post-19181","1":"product","2":"type-product","3":"status-publish","4":"has-post-thumbnail","6":"product_cat-bustouren-fur-senioren","7":"product_cat-comfort-tours-de","8":"product_cat-entdecken-sie-alaska","9":"product_cat-sightseeing-touren","10":"pa_departure-anchorage","11":"pa_season-herbst","12":"pa_season-sommer","13":"pa_skill-level-kein","15":"first","16":"instock","17":"virtual","18":"sold-individually","19":"purchasable","20":"product-type-booking"},"booking_location":"","booking_location_type":"","booking_duration":8,"booking_duration_unit":"day","booking_buffer":0,"booking_cost":0,"booking_resources":[],"exclude_global_add_ons":false,"addons":[{"name":"Accommodation Type","type":"multiple_choice","position":0,"required":true,"title_format":"heading","default":"","description_enable":false,"description":"","placeholder_enable":false,"placeholder":"","display":"select","restrictions_type":"any_text","adjust_price":false,"price":"","price_type":"flat_fee","restrictions":false,"min":"0","max":"0","options":[{"label":"Double Room - 2 persons","price":"8290","price_type":"quantity_based","image":0,"visibility":true},{"label":"Single Room - 1 person","price":"5425","price_type":"quantity_based","image":0,"visibility":true},{"label":"Triple Room - 3 persons","price":"11355","price_type":"quantity_based","image":0,"visibility":true}],"id":1711527610}],"acf":[],"_links":{"self":[{"href":"https:\/\/www.rubyrange.com\/de\/wp-json\/wp\/v2\/product\/19181","targetHints":{"allow":["GET"]}}],"collection":[{"href":"https:\/\/www.rubyrange.com\/de\/wp-json\/wp\/v2\/product"}],"about":[{"href":"https:\/\/www.rubyrange.com\/de\/wp-json\/wp\/v2\/types\/product"}],"replies":[{"embeddable":true,"href":"https:\/\/www.rubyrange.com\/de\/wp-json\/wp\/v2\/comments?post=19181"}],"wp:featuredmedia":[{"embeddable":true,"href":"https:\/\/www.rubyrange.com\/de\/wp-json\/wp\/v2\/media\/29155"}],"wp:attachment":[{"href":"https:\/\/www.rubyrange.com\/de\/wp-json\/wp\/v2\/media?parent=19181"}],"wp:term":[{"taxonomy":"product_brand","embeddable":true,"href":"https:\/\/www.rubyrange.com\/de\/wp-json\/wp\/v2\/product_brand?post=19181"},{"taxonomy":"product_cat","embeddable":true,"href":"https:\/\/www.rubyrange.com\/de\/wp-json\/wp\/v2\/product_cat?post=19181"},{"taxonomy":"product_tag","embeddable":true,"href":"https:\/\/www.rubyrange.com\/de\/wp-json\/wp\/v2\/product_tag?post=19181"}],"curies":[{"name":"wp","href":"https:\/\/api.w.org\/{rel}","templated":true}]}}