{"id":25594,"date":"2019-10-25T14:49:29","date_gmt":"2019-10-25T22:49:29","guid":{"rendered":"https:\/\/www.rubyrange.com\/?post_type=product&#038;p=25594"},"modified":"2026-03-27T09:47:04","modified_gmt":"2026-03-27T16:47:04","slug":"arctic-ocean-dream-dempster-highway-north","status":"publish","type":"product","link":"https:\/\/www.rubyrange.com\/de\/tour\/arctic-ocean-dream-dempster-highway-north\/","title":{"rendered":"Arctic Ocean Dream &#038;  Dempster Highway (von Whitehorse nach Tuktoyaktuk)"},"content":{"rendered":"<p>Arctic Ocean Dream &amp; Dempster Highway von Whitehorse nach Tuktoyaktuk<\/p>\n<p>Der ultimative Roadtrip durch den Norden Kanadas! Auf diesem einw\u00f6chigen Abenteuer besuchen Sie Whitehorse, Yukons Hauptstadt sowie die legend\u00e4re Goldrauschstadt Dawson City. Beim Bummeln durch die Stadt fuehren uns historischen Restaurants, Tanzsaele und Saloons in vergangene Zeiten zurueck.<\/p>\n<p>Von Dawson aus fahren wir auf dem ber\u00fchmten Dempster Highway nach Norden durch die Tombstone Mountains, die zu den erdgeschichtlich juengsten und rauesten Gipfeln Nordamerikas geh\u00f6ren. Wir erreichen unser Hotel in Eagle Plains, wo wir die Nacht unter der nie untergehen &#8220;Midnight sun&#8221; verbringen werden. Am naechsten Tag steht uns ein besonderes Ereignis bevor, die Ueberquerung des Noerdlichen Polarkreis. Anschliessend passieren wir die Ogilvie Mountains sowie die Richardson Mountains und geniessen die Weite der arktische Tundra. Ziel unserer Reise ist Inuvik, eine moderne Stadt am Rande des Mackenzie River Deltas.<\/p>\n<p>Bei einem Tagesausflug besuchen wir Tuktoyaktuk, ein Inuvialuit-Dorf an der arktischen K\u00fcste. Die faszinierende Fahrt f\u00fchrt Sie durch Bergketten, alpine Tundra und entlang entlegener Fl\u00fcsse. Menschen aus aller Welt kommen hierher, um den Dempster Highway, die wohl legendaerste Schotterstrasse Kanadas, zu befahren. Ueber Inuvik und Tuktoyaktuk fuehrt sie bis an den arktischen Ozean.<\/p>\n","protected":false},"excerpt":{"rendered":"<p>Arctic Ocean Dream &amp; Dempster Highway von Whitehorse nach Tuktoyaktuk Der ultimative Roadtrip durch den Norden Kanadas! Auf diesem einw\u00f6chigen..<\/p>\n","protected":false},"featured_media":25591,"comment_status":"open","ping_status":"closed","template":"","meta":{"_acf_changed":false,"_lmt_disableupdate":"no","_lmt_disable":""},"product_brand":[],"product_cat":[97,157,99,33],"product_tag":[],"class_list":{"0":"post-25594","1":"product","2":"type-product","3":"status-publish","4":"has-post-thumbnail","6":"product_cat-bustouren-fur-senioren","7":"product_cat-comfort-tours-de","8":"product_cat-entdecken-sie-yukon","9":"product_cat-sightseeing-touren","10":"pa_departure-whitehorse-de","11":"pa_season-herbst","12":"pa_season-sommer","13":"pa_skill-level-kein","15":"first","16":"instock","17":"virtual","18":"sold-individually","19":"taxable","20":"purchasable","21":"product-type-booking"},"booking_location":"","booking_location_type":"","booking_duration":7,"booking_duration_unit":"day","booking_buffer":0,"booking_cost":0,"booking_resources":[],"exclude_global_add_ons":false,"addons":[{"name":"Accomodation Type","type":"multiple_choice","position":0,"required":true,"title_format":"heading","default":"","description_enable":false,"description":"","placeholder_enable":false,"placeholder":"","display":"select","restrictions_type":"any_text","adjust_price":false,"price":"","price_type":"flat_fee","restrictions":false,"min":"0","max":"0","options":[{"label":"Double Room - 2 Persons","price":"9370","price_type":"quantity_based","image":0,"visibility":true},{"label":"Single Roon - 1 Person","price":"5835","price_type":"quantity_based","image":0,"visibility":true},{"label":"Triple Room - 3 Persons","price":"13020","price_type":"quantity_based","image":0,"visibility":true}],"id":1714449727}],"acf":[],"_links":{"self":[{"href":"https:\/\/www.rubyrange.com\/de\/wp-json\/wp\/v2\/product\/25594","targetHints":{"allow":["GET"]}}],"collection":[{"href":"https:\/\/www.rubyrange.com\/de\/wp-json\/wp\/v2\/product"}],"about":[{"href":"https:\/\/www.rubyrange.com\/de\/wp-json\/wp\/v2\/types\/product"}],"replies":[{"embeddable":true,"href":"https:\/\/www.rubyrange.com\/de\/wp-json\/wp\/v2\/comments?post=25594"}],"wp:featuredmedia":[{"embeddable":true,"href":"https:\/\/www.rubyrange.com\/de\/wp-json\/wp\/v2\/media\/25591"}],"wp:attachment":[{"href":"https:\/\/www.rubyrange.com\/de\/wp-json\/wp\/v2\/media?parent=25594"}],"wp:term":[{"taxonomy":"product_brand","embeddable":true,"href":"https:\/\/www.rubyrange.com\/de\/wp-json\/wp\/v2\/product_brand?post=25594"},{"taxonomy":"product_cat","embeddable":true,"href":"https:\/\/www.rubyrange.com\/de\/wp-json\/wp\/v2\/product_cat?post=25594"},{"taxonomy":"product_tag","embeddable":true,"href":"https:\/\/www.rubyrange.com\/de\/wp-json\/wp\/v2\/product_tag?post=25594"}],"curies":[{"name":"wp","href":"https:\/\/api.w.org\/{rel}","templated":true}]}}