{"id":25642,"date":"2019-10-25T14:39:58","date_gmt":"2019-10-25T22:39:58","guid":{"rendered":"https:\/\/www.rubyrange.com\/tour\/arctic-ocean-dream-dempster-highway-south\/"},"modified":"2026-05-06T05:27:48","modified_gmt":"2026-05-06T12:27:48","slug":"arctic-ocean-dream-dempster-highway-south","status":"publish","type":"product","link":"https:\/\/www.rubyrange.com\/de\/tour\/arctic-ocean-dream-dempster-highway-south\/","title":{"rendered":"Arctic Ocean Dream &#038;  Dempster Highway (von Tuktoyaktuk nach Whitehorse)"},"content":{"rendered":"<p>Arctic Ocean Dream &amp; Dempster Highway (von Tuktoyaktuk nach Whitehorse)<\/p>\n<p>Der ultimative Roadtrip durch den Norden Kanadas! Auf diesem einw\u00f6chigen Abenteuer besuchen Sie Tuktoyaktuk, ein Inuvialuit-Dorf an der arktischen K\u00fcste. Die faszinierende Fahrt f\u00fchrt Sie durch Bergketten, alpine Tundra und entlang entlegener Fl\u00fcsse. Menschen aus aller Welt kommen hierher, um den Dempster Highway, die wohl legendaerste Schotterstrasse Kanadas, zu befahren. Ueber Inuvik und Tuktoyaktuk fuehrt sie bis an den arktischen Ozean.<\/p>\n<p>Von Inuvik aus fahren wir auf dem Dempster Highway durch die arktische Tundralandschaft nach S\u00fcden durch die die Richardson- und Ogilvie Mountains. Hier \u00fcberqueren wir den noerdlichen Polarkreis und erreichen Eagle Plains, wo wir die Nacht unter der nie untergehenden &#8220;Midnight Sun&#8221; verbringen werden. Am n\u00e4chsten Tag erwarten uns die erdgeschichtlich juengsten und rauesten Gipfel Nordamerikas: die Tombstone Mountains.<\/p>\n<p>Auf der weiteren Reise erreichen wir Dawson City, die legendaere Stadt des &#8220;Gold rush&#8221;. Beim Bummeln durch die Stadt fuehren uns historischen Restaurants, Tanzsaele und Saloons in vergangene Zeiten zurueck. Am letzten Tag reisen Sie zur\u00fcck nach Whitehorse, der Hauptstadt des Yukons.<\/p>\n","protected":false},"excerpt":{"rendered":"<p>Arctic Ocean Dream &amp; Dempster Highway (von Tuktoyaktuk nach Whitehorse) Der ultimative Roadtrip durch den Norden Kanadas! Auf diesem einw\u00f6chigen..<\/p>\n","protected":false},"featured_media":25680,"comment_status":"open","ping_status":"closed","template":"","meta":{"_acf_changed":false,"_lmt_disableupdate":"no","_lmt_disable":""},"product_brand":[],"product_cat":[97,157,99,33],"product_tag":[],"class_list":{"0":"post-25642","1":"product","2":"type-product","3":"status-publish","4":"has-post-thumbnail","6":"product_cat-bustouren-fur-senioren","7":"product_cat-comfort-tours-de","8":"product_cat-entdecken-sie-yukon","9":"product_cat-sightseeing-touren","10":"pa_departure-whitehorse-de","11":"pa_season-herbst","12":"pa_season-sommer","13":"pa_skill-level-kein","15":"first","16":"instock","17":"virtual","18":"sold-individually","19":"taxable","20":"purchasable","21":"product-type-booking"},"booking_location":"","booking_location_type":"","booking_duration":7,"booking_duration_unit":"day","booking_buffer":0,"booking_cost":0,"booking_resources":[],"exclude_global_add_ons":false,"addons":[{"name":"Accomodation Type","type":"multiple_choice","position":0,"required":true,"title_format":"heading","default":"","description_enable":true,"description":"","placeholder_enable":false,"placeholder":"","display":"select","restrictions_type":"any_text","adjust_price":false,"price":"","price_type":"flat_fee","restrictions":false,"min":"0","max":"0","options":[{"label":"Double Room - 2 Persons","price":"9370","price_type":"quantity_based","image":0,"visibility":true},{"label":"Single Roon - 1 Person","price":"5835","price_type":"quantity_based","image":0,"visibility":true},{"label":"Triple Room - 3 Persons","price":"13020","price_type":"quantity_based","image":0,"visibility":true}],"id":1709114893}],"acf":[],"_links":{"self":[{"href":"https:\/\/www.rubyrange.com\/de\/wp-json\/wp\/v2\/product\/25642","targetHints":{"allow":["GET"]}}],"collection":[{"href":"https:\/\/www.rubyrange.com\/de\/wp-json\/wp\/v2\/product"}],"about":[{"href":"https:\/\/www.rubyrange.com\/de\/wp-json\/wp\/v2\/types\/product"}],"replies":[{"embeddable":true,"href":"https:\/\/www.rubyrange.com\/de\/wp-json\/wp\/v2\/comments?post=25642"}],"wp:featuredmedia":[{"embeddable":true,"href":"https:\/\/www.rubyrange.com\/de\/wp-json\/wp\/v2\/media\/25680"}],"wp:attachment":[{"href":"https:\/\/www.rubyrange.com\/de\/wp-json\/wp\/v2\/media?parent=25642"}],"wp:term":[{"taxonomy":"product_brand","embeddable":true,"href":"https:\/\/www.rubyrange.com\/de\/wp-json\/wp\/v2\/product_brand?post=25642"},{"taxonomy":"product_cat","embeddable":true,"href":"https:\/\/www.rubyrange.com\/de\/wp-json\/wp\/v2\/product_cat?post=25642"},{"taxonomy":"product_tag","embeddable":true,"href":"https:\/\/www.rubyrange.com\/de\/wp-json\/wp\/v2\/product_tag?post=25642"}],"curies":[{"name":"wp","href":"https:\/\/api.w.org\/{rel}","templated":true}]}}