{"id":27938,"date":"2020-02-07T14:04:30","date_gmt":"2020-02-07T22:04:30","guid":{"rendered":"https:\/\/www.rubyrange.com\/tour\/northern-rockies-westen\/"},"modified":"2025-09-13T10:36:10","modified_gmt":"2025-09-13T17:36:10","slug":"northern-rockies-fortstjohn-whitehorse","status":"publish","type":"product","link":"https:\/\/www.rubyrange.com\/de\/tour\/northern-rockies-fortstjohn-whitehorse\/","title":{"rendered":"Northern Rockies &#8211; Fort St. John &#8211; Whitehorse"},"content":{"rendered":"<p>Geniessen Sie eine Woche Winterabenteuer entlang des weltber\u00fchmten Alaska-Highways zwischen Whitehorse und Fort St. John. Erleben Sie beim Schneemobil fahren die winterliche Natur, erkunden Sie die Hauptstadt des Yukons und entdecken Sie deren faszinierende Geschichte. Ein weiterer H\u00f6hepunkt bietet der Besuch des weitgehend unber\u00fchrten Muncho Lakes. Von dort aus werden Sie typische Winteraktivit\u00e4ten des Yukons aller Art erleben, in die hei\u00dfen Quellen eintauchen, gutes Essen und gute Gesellschaft am Lagerfeuer genie\u00dfen sowie die M\u00f6glichkeit haben, \u00fcber unglaubliche Landschaften zu fliegen.<\/p>\n","protected":false},"excerpt":{"rendered":"<p>Geniessen Sie eine Woche Winterabenteuer entlang des weltber\u00fchmten Alaska-Highways zwischen Whitehorse und Fort St. John. Erleben Sie beim Schneemobil fahren..<\/p>\n","protected":false},"featured_media":27882,"comment_status":"open","ping_status":"closed","template":"","meta":{"_acf_changed":false,"_lmt_disableupdate":"no","_lmt_disable":""},"product_brand":[],"product_cat":[157,99,76,33],"product_tag":[],"class_list":{"0":"post-27938","1":"product","2":"type-product","3":"status-publish","4":"has-post-thumbnail","6":"product_cat-comfort-tours-de","7":"product_cat-entdecken-sie-yukon","8":"product_cat-wintertouren-yukon","9":"product_cat-sightseeing-touren","10":"pa_departure-fort-st-john-de","11":"pa_season-winter-de","12":"pa_skill-level-kein","14":"first","15":"instock","16":"virtual","17":"sold-individually","18":"taxable","19":"purchasable","20":"product-type-booking"},"booking_location":"","booking_location_type":"","booking_duration":7,"booking_duration_unit":"day","booking_buffer":0,"booking_cost":0,"booking_resources":[],"exclude_global_add_ons":false,"addons":[{"name":"Unterkuenfte","type":"multiple_choice","position":0,"required":true,"title_format":"heading","default":"","description_enable":false,"description":"","placeholder_enable":false,"placeholder":"","display":"select","restrictions_type":"any_text","adjust_price":false,"price":"","price_type":"flat_fee","restrictions":false,"min":"0","max":"0","options":[{"label":"Doppelzimmer - 2 Personen","price":"9780","price_type":"quantity_based","image":0,"visibility":true},{"label":"Einzelzimmer - 1 Person","price":"5835","price_type":"quantity_based","image":0,"visibility":true}],"id":1680789250}],"acf":[],"_links":{"self":[{"href":"https:\/\/www.rubyrange.com\/de\/wp-json\/wp\/v2\/product\/27938","targetHints":{"allow":["GET"]}}],"collection":[{"href":"https:\/\/www.rubyrange.com\/de\/wp-json\/wp\/v2\/product"}],"about":[{"href":"https:\/\/www.rubyrange.com\/de\/wp-json\/wp\/v2\/types\/product"}],"replies":[{"embeddable":true,"href":"https:\/\/www.rubyrange.com\/de\/wp-json\/wp\/v2\/comments?post=27938"}],"wp:featuredmedia":[{"embeddable":true,"href":"https:\/\/www.rubyrange.com\/de\/wp-json\/wp\/v2\/media\/27882"}],"wp:attachment":[{"href":"https:\/\/www.rubyrange.com\/de\/wp-json\/wp\/v2\/media?parent=27938"}],"wp:term":[{"taxonomy":"product_brand","embeddable":true,"href":"https:\/\/www.rubyrange.com\/de\/wp-json\/wp\/v2\/product_brand?post=27938"},{"taxonomy":"product_cat","embeddable":true,"href":"https:\/\/www.rubyrange.com\/de\/wp-json\/wp\/v2\/product_cat?post=27938"},{"taxonomy":"product_tag","embeddable":true,"href":"https:\/\/www.rubyrange.com\/de\/wp-json\/wp\/v2\/product_tag?post=27938"}],"curies":[{"name":"wp","href":"https:\/\/api.w.org\/{rel}","templated":true}]}}