{"id":28547,"date":"2019-10-23T13:58:12","date_gmt":"2019-10-23T21:58:12","guid":{"rendered":"https:\/\/www.rubyrange.com\/tour\/alaska-the-kenai-discovery-hiking-active\/"},"modified":"2025-09-12T07:11:59","modified_gmt":"2025-09-12T14:11:59","slug":"alaska-the-kenai-discovery-hiking-active","status":"publish","type":"product","link":"https:\/\/www.rubyrange.com\/de\/tour\/alaska-the-kenai-discovery-hiking-active\/","title":{"rendered":"Alaska The Kenai Discovery"},"content":{"rendered":"<p>Weitl\u00e4ufige Gletscher und Gebirgsketten, t\u00fcrkisblaue Seen, Fl\u00fcsse, \u00fcppige Regenw\u00e4lder und raue K\u00fcstengebiete: Die Kenai Halbinsel pr\u00e4sentiert eine wundervolle Vielfalt f\u00fcr Naturliebhaber &#8211; egal ob auf dem Land oder zu Wasser unterwegs. Sie beginnen Ihre aufregende Reise in Anchorage und fahren von dort aus in s\u00fcdlicher Richtung mit spektakul\u00e4ren Ausblicken der Turnagain Bucht und den Chugach Bergen nach Homer auf der Kenai Halbinsel. In den n\u00e4chsten Tagen erfahren Sie Einiges \u00fcber die kleine, bezaubernde Hafenstadt und werden die umliegende Natursch\u00f6nheit zu Fu\u00df und mit dem Boot entdecken.<br \/>\nNach drei wundervollen Tagen geht Ihre Reise weiter nach Seward. Auch hier gibt es auf dem Weg wieder vieles zu entdecken. Auch Seward ist reich an Geschichte. Das einzigartige Gebiet besitzt eines der sechs letzten wundervollen Fjord \u00d6kosysteme unserer Erde. Um diese Sch\u00f6nheit zu sch\u00fctzen wurde der Kenai Fjord National Park gegr\u00fcndet. Er ist ber\u00fchmt f\u00fcr seine artenreiche Fauna. Verschiedene Walarten und andere Meeress\u00e4ugetiere als auch die pr\u00e4chtigen Gletscher k\u00f6nnen sehr gut auf Bootstouren oder lokalen Kajak-Touren beobachtet werden. W\u00e4hrend Ihres Aufenthalts haben Sie zahlreiche M\u00f6glichkeiten sich von dieser beeindruckenden Gegend faszinieren zu lassen, bevor es wieder nach Anchorage zur\u00fcck geht.<\/p>\n","protected":false},"excerpt":{"rendered":"<p>Weitl\u00e4ufige Gletscher und Gebirgsketten, t\u00fcrkisblaue Seen, Fl\u00fcsse, \u00fcppige Regenw\u00e4lder und raue K\u00fcstengebiete: Die Kenai Halbinsel pr\u00e4sentiert eine wundervolle Vielfalt f\u00fcr..<\/p>\n","protected":false},"featured_media":25572,"comment_status":"open","ping_status":"closed","template":"","meta":{"_acf_changed":false,"_lmt_disableupdate":"no","_lmt_disable":""},"product_brand":[],"product_cat":[157,98,96,33,27],"product_tag":[],"class_list":{"0":"post-28547","1":"product","2":"type-product","3":"status-publish","4":"has-post-thumbnail","6":"product_cat-comfort-tours-de","7":"product_cat-entdecken-sie-alaska","8":"product_cat-ausfluge-nationalpark-kanada","9":"product_cat-sightseeing-touren","10":"product_cat-wandertouren-yukon","11":"pa_departure-anchorage","12":"pa_season-sommer","13":"pa_skill-level-fortgeschritten","15":"first","16":"instock","17":"virtual","18":"sold-individually","19":"purchasable","20":"product-type-booking"},"booking_location":"","booking_location_type":"","booking_duration":8,"booking_duration_unit":"day","booking_buffer":0,"booking_cost":0,"booking_resources":[],"exclude_global_add_ons":false,"addons":[{"name":"Unterkuenfte","type":"multiple_choice","position":0,"required":true,"title_format":"heading","default":"","description_enable":false,"description":"","placeholder_enable":false,"placeholder":"","display":"select","restrictions_type":"any_text","adjust_price":false,"price":"","price_type":"flat_fee","restrictions":false,"min":"0","max":"0","options":[{"label":"Doppelzimmer - 2 Personen","price":"11490","price_type":"quantity_based","image":0,"visibility":true},{"label":"Einzelzimmer - 1 Person","price":"7210","price_type":"quantity_based","image":0,"visibility":true},{"label":"Dreibettzimmer - 3 Personen","price":"15675","price_type":"quantity_based","image":0,"visibility":true}],"id":1680783072}],"acf":[],"_links":{"self":[{"href":"https:\/\/www.rubyrange.com\/de\/wp-json\/wp\/v2\/product\/28547","targetHints":{"allow":["GET"]}}],"collection":[{"href":"https:\/\/www.rubyrange.com\/de\/wp-json\/wp\/v2\/product"}],"about":[{"href":"https:\/\/www.rubyrange.com\/de\/wp-json\/wp\/v2\/types\/product"}],"replies":[{"embeddable":true,"href":"https:\/\/www.rubyrange.com\/de\/wp-json\/wp\/v2\/comments?post=28547"}],"wp:featuredmedia":[{"embeddable":true,"href":"https:\/\/www.rubyrange.com\/de\/wp-json\/wp\/v2\/media\/25572"}],"wp:attachment":[{"href":"https:\/\/www.rubyrange.com\/de\/wp-json\/wp\/v2\/media?parent=28547"}],"wp:term":[{"taxonomy":"product_brand","embeddable":true,"href":"https:\/\/www.rubyrange.com\/de\/wp-json\/wp\/v2\/product_brand?post=28547"},{"taxonomy":"product_cat","embeddable":true,"href":"https:\/\/www.rubyrange.com\/de\/wp-json\/wp\/v2\/product_cat?post=28547"},{"taxonomy":"product_tag","embeddable":true,"href":"https:\/\/www.rubyrange.com\/de\/wp-json\/wp\/v2\/product_tag?post=28547"}],"curies":[{"name":"wp","href":"https:\/\/api.w.org\/{rel}","templated":true}]}}