{"id":28634,"date":"2020-03-23T20:22:40","date_gmt":"2020-03-24T04:22:40","guid":{"rendered":"https:\/\/www.rubyrange.com\/tour\/alaska-yukon-highlights\/"},"modified":"2025-09-19T16:38:46","modified_gmt":"2025-09-19T23:38:46","slug":"alaska-yukon-highlights","status":"publish","type":"product","link":"https:\/\/www.rubyrange.com\/de\/tour\/alaska-yukon-highlights\/","title":{"rendered":"Alaska Yukon Highlights"},"content":{"rendered":"<p>Diese Reise bietet eine grandiose und erschwingliche Erfahrung in den Norden! Es ist eine au\u00dfergew\u00f6hnliche zweiw\u00f6chige Rundreise, die durch die weite und vielf\u00e4ltige Landschaft von der Pazifikk\u00fcste bis zur arktischen Tundra in den wundersch\u00f6nen Yukon und bis nach Alaska f\u00fchrt. Wir werden uns auf abgelegenen Strassen fernab jeder Ortschaft begeben und genie\u00dfen das ein oder andere romantische Lagerfeuer, mit leckeren selbstgekochten Mahlzeiten inmitten atemberaubender Naturreservaten. Ausserdem werden wir faszinierende Goldgr\u00e4berst\u00e4dte entdecken, in denen der Geist der damaligen Geschichte immer noch weiterlebt. Lassen sie sich von den Geheimnissen des Landes der Mitternachtssonne verzaubern und erkunden Sie auf dieser 15-t\u00e4gigen Campingreise alle Highlights des Yukons und Alaskas.<\/p>\n<p>Wenn Sie sich f\u00fcr diese Reise mit Start in Whitehorse, Yukon interessieren, klicken Sie bitte hier <a href=\"https:\/\/www.rubyrange.com\/de\/tour\/yukon-alaska-highlights\/\" target=\"_blank\" rel=\"noopener noreferrer\" data-saferedirecturl=\"https:\/\/www.google.com\/url?q=https:\/\/www.rubyrange.com\/tour\/yukon-alaska-highlights\/&amp;source=gmail&amp;ust=1594231968739000&amp;usg=AFQjCNE0bRNpeRoW8MPXVaz4JL3XLyU14Q\">Yukon Alaska Highlights<\/a>.<\/p>\n","protected":false},"excerpt":{"rendered":"<p>Diese Reise bietet eine grandiose und erschwingliche Erfahrung in den Norden! Es ist eine au\u00dfergew\u00f6hnliche zweiw\u00f6chige Rundreise, die durch die..<\/p>\n","protected":false},"featured_media":28604,"comment_status":"open","ping_status":"closed","template":"","meta":{"_acf_changed":false,"_lmt_disableupdate":"no","_lmt_disable":""},"product_brand":[],"product_cat":[98,99,96,27,25],"product_tag":[],"class_list":{"0":"post-28634","1":"product","2":"type-product","3":"status-publish","4":"has-post-thumbnail","6":"product_cat-entdecken-sie-alaska","7":"product_cat-entdecken-sie-yukon","8":"product_cat-ausfluge-nationalpark-kanada","9":"product_cat-wandertouren-yukon","10":"product_cat-abenteuer-rundreisen","11":"pa_departure-anchorage","12":"pa_season-fruehling","13":"pa_season-sommer","14":"pa_skill-level-anfaenger","16":"first","17":"instock","18":"virtual","19":"sold-individually","20":"taxable","21":"purchasable","22":"product-type-booking"},"booking_location":"","booking_location_type":"","booking_duration":15,"booking_duration_unit":"day","booking_buffer":0,"booking_cost":0,"booking_resources":[],"exclude_global_add_ons":false,"addons":[{"name":"Unterkunft","type":"multiple_choice","position":0,"required":true,"title_format":"heading","default":"","description_enable":false,"description":"","placeholder_enable":false,"placeholder":"","display":"select","restrictions_type":"any_text","adjust_price":false,"price":"","price_type":"flat_fee","restrictions":false,"min":"0","max":"0","options":[{"label":"1\/2 Doppelzimmer \/ Zelt - 1 Person","price":"4105","price_type":"quantity_based","image":0,"visibility":true},{"label":"Doppelzimmer \/ Zelt - 2 Personen","price":"8210","price_type":"quantity_based","image":0,"visibility":true},{"label":"Einzelzimmer \/ Zelt - 1 Person","price":"4645","price_type":"quantity_based","image":0,"visibility":true}],"id":1715682972}],"acf":[],"_links":{"self":[{"href":"https:\/\/www.rubyrange.com\/de\/wp-json\/wp\/v2\/product\/28634","targetHints":{"allow":["GET"]}}],"collection":[{"href":"https:\/\/www.rubyrange.com\/de\/wp-json\/wp\/v2\/product"}],"about":[{"href":"https:\/\/www.rubyrange.com\/de\/wp-json\/wp\/v2\/types\/product"}],"replies":[{"embeddable":true,"href":"https:\/\/www.rubyrange.com\/de\/wp-json\/wp\/v2\/comments?post=28634"}],"wp:featuredmedia":[{"embeddable":true,"href":"https:\/\/www.rubyrange.com\/de\/wp-json\/wp\/v2\/media\/28604"}],"wp:attachment":[{"href":"https:\/\/www.rubyrange.com\/de\/wp-json\/wp\/v2\/media?parent=28634"}],"wp:term":[{"taxonomy":"product_brand","embeddable":true,"href":"https:\/\/www.rubyrange.com\/de\/wp-json\/wp\/v2\/product_brand?post=28634"},{"taxonomy":"product_cat","embeddable":true,"href":"https:\/\/www.rubyrange.com\/de\/wp-json\/wp\/v2\/product_cat?post=28634"},{"taxonomy":"product_tag","embeddable":true,"href":"https:\/\/www.rubyrange.com\/de\/wp-json\/wp\/v2\/product_tag?post=28634"}],"curies":[{"name":"wp","href":"https:\/\/api.w.org\/{rel}","templated":true}]}}