{"id":30094,"date":"2017-01-27T00:00:00","date_gmt":"2017-01-27T08:00:00","guid":{"rendered":"https:\/\/www.rubyrange.com\/tour\/wilderness-fishing-experience-ruby-range-lodge\/"},"modified":"2025-09-22T22:56:50","modified_gmt":"2025-09-23T05:56:50","slug":"wilderness-fishing-experience-ruby-range-lodge","status":"publish","type":"product","link":"https:\/\/www.rubyrange.com\/de\/tour\/wilderness-fishing-experience-ruby-range-lodge\/","title":{"rendered":"Wildnis &#038; Angler Erlebnis &#8211; Ruby Range Lodge"},"content":{"rendered":"<div id=\"m_3733575989963716553product-30094\">\n<div>\n<div>\n<div>\n<div>\n<div>\n<div>\n<div>\n<article id=\"m_3733575989963716553post-30094\">\n<div>\n<p>Umgeben von den Bergketten des Ruby Range-Gebirgszugs schmiegt sich die kleine Lodge an das Ufer des Talbot Arms, einem fjord\u00e4hnlichen Seitenarm des riesigen Kluane Sees. Am Rande des ber\u00fchmten Kluane National Parks nah an der Grenze zu Alaska gelegen, ist die Lodge im Sommer nur mit dem Wasserflugzeug oder per Boottransfer vom ca. 50 km entfernten Alaska Highway zu erreichen.<\/p>\n<p>Lernen Sie hier weit ab vom Rummel der grossen Touristenzentren die unendlichen Reize dieser grandiosen Wildnis und die Gastfreundschaft seiner Bewohner kennen. Geniessen Sie den Yukonsommer mit seinen langen, warmen Tagen und seinen vielf\u00e4ltigen M\u00f6glichkeiten wie Angeln, Wandern, Bootsfahren, Tiebeobachtungen oder Fotografieren.<\/p>\n<p>Die Lodge besteht aus einem Hauptgeb\u00e4ude mit 4 Doppelzimmern, K\u00fcche, grossem Esszimmer, Gemeinschaftswohnbereich mit kleiner Bar und einem Badezimmer. An das Hauptgeb\u00e4ude angebaut ist ein grosses Sonnendeck. Des weiteren befinden sich auf dem Gel\u00e4nde noch zwei gem\u00fctliche Holzcabins f\u00fcr jeweils 2-3 Personen. Ausserdem gibt es noch ein Duschhaus mit zwei voneinander getrennten Badezimmern, eine urige Sauna, eine Ausr\u00fcstungsh\u00fctte sowie eine uralte Trapperh\u00fctte.<\/p>\n<p>Gerade Angler kommen auf der Ruby Range Lodge voll auf ihre Kosten. Gefischt wird in erster Linie auf Namaycush-Saiblinge, \u00c4schen und Hechte von denen die meisten noch nie einen Angelhaken zu Gesicht bekommen haben. Daneben gibt es im See auch noch diverse Grundfische sowie Weissfischarten. Besonders die Saiblingsfischerei jedoch ist hervorragend. Wo sonst kann man in der zeitigen Saison vom Ufer aus mit der Fliegen- oder Spinnrute Fisch auf Fisch fangen? Wo sonst haben Sie eine echte Chance, auch mit leichtem Ger\u00e4t einen der ganz gro\u00dfen Namaycush-Saiblinge zu drillen?<\/p>\n<p>Aber auch f\u00fcr Tierbeobachter, Naturliebhaber und Wanderer ist die Lodge ein echtes Paradies. Durch die einmalige Lage inmitten von hohen Bergen und in der N\u00e4he zu einer Flussm\u00fcndung sind herrliche Wanderungen und Tierbeobachtungen beinahe schon garantiert.<\/p>\n<\/div>\n<\/article>\n<\/div>\n<\/div>\n<\/div>\n<\/div>\n<\/div>\n<\/div>\n<\/div>\n<\/div>\n","protected":false},"excerpt":{"rendered":"<p>Umgeben von den Bergketten des Ruby Range-Gebirgszugs schmiegt sich die kleine Lodge an das Ufer des Talbot Arms, einem fjord\u00e4hnlichen..<\/p>\n","protected":false},"featured_media":56126,"comment_status":"open","ping_status":"closed","template":"","meta":{"_acf_changed":false,"_lmt_disableupdate":"no","_lmt_disable":""},"product_brand":[],"product_cat":[157,32],"product_tag":[],"class_list":{"0":"post-30094","1":"product","2":"type-product","3":"status-publish","4":"has-post-thumbnail","6":"product_cat-comfort-tours-de","7":"product_cat-angeltouren-yukon","8":"pa_departure-whitehorse-de","9":"pa_season-herbst","10":"pa_season-sommer","11":"pa_skill-level-kein","13":"first","14":"instock","15":"virtual","16":"sold-individually","17":"taxable","18":"purchasable","19":"product-type-booking"},"booking_location":"","booking_location_type":"","booking_duration":8,"booking_duration_unit":"day","booking_buffer":0,"booking_cost":0,"booking_resources":[],"exclude_global_add_ons":false,"addons":[{"name":"Unterkunft","type":"multiple_choice","position":0,"required":false,"title_format":"heading","default":"","description_enable":false,"description":"","placeholder_enable":false,"placeholder":"","display":"select","restrictions_type":"any_text","adjust_price":false,"price":"","price_type":"flat_fee","restrictions":false,"min":"0","max":"0","options":[{"label":"Doppelzimmer - 2 Personen","price":"6380","price_type":"quantity_based","image":0,"visibility":true}],"id":1704702273}],"acf":[],"_links":{"self":[{"href":"https:\/\/www.rubyrange.com\/de\/wp-json\/wp\/v2\/product\/30094","targetHints":{"allow":["GET"]}}],"collection":[{"href":"https:\/\/www.rubyrange.com\/de\/wp-json\/wp\/v2\/product"}],"about":[{"href":"https:\/\/www.rubyrange.com\/de\/wp-json\/wp\/v2\/types\/product"}],"replies":[{"embeddable":true,"href":"https:\/\/www.rubyrange.com\/de\/wp-json\/wp\/v2\/comments?post=30094"}],"wp:featuredmedia":[{"embeddable":true,"href":"https:\/\/www.rubyrange.com\/de\/wp-json\/wp\/v2\/media\/56126"}],"wp:attachment":[{"href":"https:\/\/www.rubyrange.com\/de\/wp-json\/wp\/v2\/media?parent=30094"}],"wp:term":[{"taxonomy":"product_brand","embeddable":true,"href":"https:\/\/www.rubyrange.com\/de\/wp-json\/wp\/v2\/product_brand?post=30094"},{"taxonomy":"product_cat","embeddable":true,"href":"https:\/\/www.rubyrange.com\/de\/wp-json\/wp\/v2\/product_cat?post=30094"},{"taxonomy":"product_tag","embeddable":true,"href":"https:\/\/www.rubyrange.com\/de\/wp-json\/wp\/v2\/product_tag?post=30094"}],"curies":[{"name":"wp","href":"https:\/\/api.w.org\/{rel}","templated":true}]}}