{"id":305,"date":"2017-01-26T00:00:00","date_gmt":"2017-01-26T08:00:00","guid":{"rendered":"https:\/\/www.rubyrange.com\/?post_type=product&#038;p=305"},"modified":"2025-09-09T23:07:52","modified_gmt":"2025-09-10T06:07:52","slug":"yukon-river-tour-lake-laberge-bis-carmacks","status":"publish","type":"product","link":"https:\/\/www.rubyrange.com\/de\/tour\/yukon-river-tour-lake-laberge-bis-carmacks\/","title":{"rendered":"Yukon River Tour &#8211; Lake Laberge bis Carmacks"},"content":{"rendered":"<p>Diese klassische Tour auf dem Yukon River von Whitehorse bis zum kleinen Ort Carmacks ist f\u00fcr jeden gedacht, der abseits der Touristenwege den Spuren der Geschichte folgen m\u00f6chte, ohne dabei irgendwelche kanu-technischen Vorkenntnisse zu besitzen. Der Start ist in Whitehorse, von wo aus es zun\u00e4chst auf dem Oberlauf des Yukon River vorbei an den Relikten der alten Zeit Richtung Norden geht. Fast 320 Kilometer betr\u00e4gt der gesamte Streckenabschnitt bis zum Ziel in Carmacks. Wir reisen auf diesem gro\u00dfen Strom, vorbei an alten, verlassenen Siedlungen, Forts und Trapperh\u00fctten. Immer wieder werden wir unterwegs an die Geschichte des gro\u00dfen Goldrausches erinnert und es ist interessant, abends am Lagerfeuer den Stories des Guides zu lauschen. Das einzige Hinderniss auf dieser Etappe ist der Lake Laberge, auf den wir bereits nach ca. 40 Flu\u00df-Kilometern von Whitehorse entfernt treffen. Wegen der latenten Windanf\u00e4lligkeit dieses Gew\u00e4sserabschnitts bleiben wir aus Sicherheitsgr\u00fcnden immer dicht in Ufern\u00e4he und werden auch hier am Ufer eines unserer Camps anlegen. Immer wieder treffen wir im weiteren Reiseverlauf auf geschichtstr\u00e4chtige Pl\u00e4tze, wie zum Beispiel Hootalinqua oder auch das alte Indianerdorf Big Salmon Village. Das Ziel unseres Kanuabenteuers ist fast erreicht, wenn wir vom Flu\u00df aus nach einer letzten gro\u00dfen Kurve die Klondike Highway Br\u00fccke erblicken k\u00f6nnen. Hier endet unsere Tour in der Wildnis und mit frischen Erinnerungen geht\u2019s nun mit dem Maxivan \u00fcber den Klondike Highway wieder zur\u00fcck zum Starpunkt unserer Tour nach Whitehorse, der Hauptstadt des Yukon.<\/p>\n","protected":false},"excerpt":{"rendered":"<p>Diese klassische Tour auf dem Yukon River von Whitehorse bis zum kleinen Ort Carmacks ist f\u00fcr jeden gedacht, der abseits..<\/p>\n","protected":false},"featured_media":25056,"comment_status":"open","ping_status":"closed","template":"","meta":{"_acf_changed":false,"_lmt_disableupdate":"no","_lmt_disable":""},"product_brand":[],"product_cat":[99,26,95,25],"product_tag":[],"class_list":{"0":"post-305","1":"product","2":"type-product","3":"status-publish","4":"has-post-thumbnail","6":"product_cat-entdecken-sie-yukon","7":"product_cat-kanutouren-yukon","8":"product_cat-wildnis-touren","9":"product_cat-abenteuer-rundreisen","10":"pa_departure-whitehorse-de","11":"pa_season-herbst","12":"pa_season-sommer","13":"pa_skill-level-anfaenger","15":"first","16":"instock","17":"virtual","18":"sold-individually","19":"taxable","20":"purchasable","21":"product-type-booking"},"booking_location":"","booking_location_type":"","booking_duration":8,"booking_duration_unit":"day","booking_buffer":0,"booking_cost":0,"booking_resources":[],"exclude_global_add_ons":false,"addons":[{"name":"Unterkunft","type":"multiple_choice","position":0,"required":true,"title_format":"heading","default":"","description_enable":false,"description":"","placeholder_enable":false,"placeholder":"","display":"select","restrictions_type":"any_text","adjust_price":false,"price":"","price_type":"flat_fee","restrictions":false,"min":"0","max":"0","options":[{"label":"1\/2 Doppelzimmer \/ Zelt - 1 Person","price":"2095","price_type":"quantity_based","image":0,"visibility":true},{"label":"Doppelzimmer \/ Zelt - 2 Personen","price":"4190","price_type":"quantity_based","image":0,"visibility":true},{"label":"Einzelzimmer \/ Zelt - 1 Person","price":"2415","price_type":"quantity_based","image":0,"visibility":true}],"id":1680707536}],"acf":[],"_links":{"self":[{"href":"https:\/\/www.rubyrange.com\/de\/wp-json\/wp\/v2\/product\/305","targetHints":{"allow":["GET"]}}],"collection":[{"href":"https:\/\/www.rubyrange.com\/de\/wp-json\/wp\/v2\/product"}],"about":[{"href":"https:\/\/www.rubyrange.com\/de\/wp-json\/wp\/v2\/types\/product"}],"replies":[{"embeddable":true,"href":"https:\/\/www.rubyrange.com\/de\/wp-json\/wp\/v2\/comments?post=305"}],"wp:featuredmedia":[{"embeddable":true,"href":"https:\/\/www.rubyrange.com\/de\/wp-json\/wp\/v2\/media\/25056"}],"wp:attachment":[{"href":"https:\/\/www.rubyrange.com\/de\/wp-json\/wp\/v2\/media?parent=305"}],"wp:term":[{"taxonomy":"product_brand","embeddable":true,"href":"https:\/\/www.rubyrange.com\/de\/wp-json\/wp\/v2\/product_brand?post=305"},{"taxonomy":"product_cat","embeddable":true,"href":"https:\/\/www.rubyrange.com\/de\/wp-json\/wp\/v2\/product_cat?post=305"},{"taxonomy":"product_tag","embeddable":true,"href":"https:\/\/www.rubyrange.com\/de\/wp-json\/wp\/v2\/product_tag?post=305"}],"curies":[{"name":"wp","href":"https:\/\/api.w.org\/{rel}","templated":true}]}}