{"id":309,"date":"2017-01-27T00:00:00","date_gmt":"2017-01-27T08:00:00","guid":{"rendered":"https:\/\/www.rubyrange.com\/?post_type=product&#038;p=309"},"modified":"2025-09-09T23:16:20","modified_gmt":"2025-09-10T06:16:20","slug":"yukon-river-tour-carmacks-bis-dawson-city","status":"publish","type":"product","link":"https:\/\/www.rubyrange.com\/de\/tour\/yukon-river-tour-carmacks-bis-dawson-city\/","title":{"rendered":"Yukon River Tour &#8211; Carmacks bis Dawson City"},"content":{"rendered":"<p>Diese klassische Tour auf dem Yukon River beginnend in Carmacks bis zum Ziel der alten Goldgr\u00e4berstadt Dawson City, ist f\u00fcr jeden gedacht, der abseits der Touristenwege den Spuren der Geschichte folgen m\u00f6chte, ohne dabei irgendwelche kanu-technischen Vorkenntnisse zu besitzen.<\/p>\n<p>Der Start der Kanutour ist in Carmacks, von wo aus es auf dem Yukon River vorbei an den Relikten der alten Zeit Richtung Norden geht. Fast 400 Kilometer betr\u00e4gt der gesamte Streckenabschnitt bis zum Ziel in Dawson. Wir reisen auf dem gro\u00dfen Strom, vorbei an alten, verlassenen Siedlungen, Forts und Trapperh\u00fctten. Das einzige Hinderniss im Flu\u00df sind die Five Finger Rapids, auf die wir bereits am zweiten Tag unserer Etappe treffen. Diese gewaltige Stromschnelle wurde einst von den \u00fcber einhundert Raddampfern, die einmal den Yukon befahren haben mit Hilfe von Kabeln und Winden bezwungen. Unter Anleitung unseres Guides werden wir diese spannende Passage sicher meistern. Immer wieder werden wir unterwegs an den gro\u00dfen Goldrausch erinnert und wir treffen auf geschichtstr\u00e4chtige Pl\u00e4tze, wie zum Beispiel Minto oder das alte Fort Selkirk. Die Zufl\u00fcsse vom White River und vom Steward River machen den Yukon immer m\u00e4chtiger. Beim Zusammenflu\u00df von Klondike- und Yukon River erreichen wir dann Dawson City. Hier endet unsere Kanutour und wir werden zwei Tage lang die kleine Goldgr\u00e4berstadt und deren Geschichte entdecken.<\/p>\n","protected":false},"excerpt":{"rendered":"<p>Diese klassische Tour auf dem Yukon River beginnend in Carmacks bis zum Ziel der alten Goldgr\u00e4berstadt Dawson City, ist f\u00fcr..<\/p>\n","protected":false},"featured_media":25065,"comment_status":"open","ping_status":"closed","template":"","meta":{"_acf_changed":false,"_lmt_disableupdate":"no","_lmt_disable":""},"product_brand":[],"product_cat":[99,26,95,25],"product_tag":[],"class_list":{"0":"post-309","1":"product","2":"type-product","3":"status-publish","4":"has-post-thumbnail","6":"product_cat-entdecken-sie-yukon","7":"product_cat-kanutouren-yukon","8":"product_cat-wildnis-touren","9":"product_cat-abenteuer-rundreisen","10":"pa_departure-whitehorse-de","11":"pa_season-herbst","12":"pa_season-sommer","13":"pa_skill-level-anfaenger","15":"first","16":"instock","17":"virtual","18":"sold-individually","19":"taxable","20":"purchasable","21":"product-type-booking"},"booking_location":"","booking_location_type":"","booking_duration":13,"booking_duration_unit":"day","booking_buffer":0,"booking_cost":0,"booking_resources":[],"exclude_global_add_ons":false,"addons":[{"name":"Unterkunft","type":"multiple_choice","position":0,"required":true,"title_format":"heading","default":"","description_enable":false,"description":"","placeholder_enable":false,"placeholder":"","display":"select","restrictions_type":"any_text","adjust_price":false,"price":"","price_type":"flat_fee","restrictions":false,"min":"0","max":"0","options":[{"label":"1\/2 Doppelzimmer \/ Zelt - 1 Person","price":"2935","price_type":"quantity_based","image":0,"visibility":true},{"label":"Doppelzimmer \/ Zelt - 2 Personen","price":"5870","price_type":"quantity_based","image":0,"visibility":true},{"label":"Einzelzimmer \/ Zelt - 1 Person","price":"3475","price_type":"quantity_based","image":0,"visibility":true}],"id":1678503073}],"acf":[],"_links":{"self":[{"href":"https:\/\/www.rubyrange.com\/de\/wp-json\/wp\/v2\/product\/309","targetHints":{"allow":["GET"]}}],"collection":[{"href":"https:\/\/www.rubyrange.com\/de\/wp-json\/wp\/v2\/product"}],"about":[{"href":"https:\/\/www.rubyrange.com\/de\/wp-json\/wp\/v2\/types\/product"}],"replies":[{"embeddable":true,"href":"https:\/\/www.rubyrange.com\/de\/wp-json\/wp\/v2\/comments?post=309"}],"wp:featuredmedia":[{"embeddable":true,"href":"https:\/\/www.rubyrange.com\/de\/wp-json\/wp\/v2\/media\/25065"}],"wp:attachment":[{"href":"https:\/\/www.rubyrange.com\/de\/wp-json\/wp\/v2\/media?parent=309"}],"wp:term":[{"taxonomy":"product_brand","embeddable":true,"href":"https:\/\/www.rubyrange.com\/de\/wp-json\/wp\/v2\/product_brand?post=309"},{"taxonomy":"product_cat","embeddable":true,"href":"https:\/\/www.rubyrange.com\/de\/wp-json\/wp\/v2\/product_cat?post=309"},{"taxonomy":"product_tag","embeddable":true,"href":"https:\/\/www.rubyrange.com\/de\/wp-json\/wp\/v2\/product_tag?post=309"}],"curies":[{"name":"wp","href":"https:\/\/api.w.org\/{rel}","templated":true}]}}