{"id":327,"date":"2017-01-27T00:00:00","date_gmt":"2017-01-27T08:00:00","guid":{"rendered":"https:\/\/www.rubyrange.com\/?post_type=product&#038;p=327"},"modified":"2025-09-19T14:53:40","modified_gmt":"2025-09-19T21:53:40","slug":"yukon-river-the-classic-lake-laberge-bis-dawson-city","status":"publish","type":"product","link":"https:\/\/www.rubyrange.com\/de\/tour\/yukon-river-the-classic-lake-laberge-bis-dawson-city\/","title":{"rendered":"Yukon River &#8211; The Classic &#8211; Lake Laberge bis Dawson City"},"content":{"rendered":"<p>Diese klassische Tour auf dem Yukon River von Whitehorse nach Dawson City ist f\u00fcr jeden gedacht, der abseits der Touristenwege den Spuren der Geschichte folgen m\u00f6chte, ohne dabei irgendwelche kanutechnischen Kenntnisse zu besitzen.<\/p>\n<p>Der Start ist in Whitehorse, wo es \u00fcber den Yukon River vorbei an den Relikten der alten Zeit Richtung Norden geht. 720 Kilometer reisen wir auf diesem gro\u00dfen Strom, vorbei an alten, verlassenen Siedlungen, Forts und Trapperh\u00fctten. Immer wieder werden wir unterwegs an die Geschichte des gro\u00dfen Goldrausches erinnert und es ist interessant, abends am Lagerfeuer den Stories des Guides zu lauschen. Das einzige Hindernis im Fluss sind die Five Finger Rapids, auf die wir kurz hinter dem Indianerort Carmacks treffen. Diese gewaltige Stromschnelle wurde einst von den \u00fcber einhundert Raddampfern, die einmal den Yukon befahren haben mit Hilfe von Kabeln und Winden bezwungen.<\/p>\n<p>Beim Zusammenflu\u00df von Klondike und Yukon River treffen wir auf Dawson City, wo unsere Tour endet und wir zwei Tage lang die kleine Goldgr\u00e4berstadt und deren Geschichte entdecken.<\/p>\n","protected":false},"excerpt":{"rendered":"<p>Diese klassische Tour auf dem Yukon River von Whitehorse nach Dawson City ist f\u00fcr jeden gedacht, der abseits der Touristenwege..<\/p>\n","protected":false},"featured_media":25059,"comment_status":"open","ping_status":"closed","template":"","meta":{"_acf_changed":false,"_lmt_disableupdate":"no","_lmt_disable":""},"product_brand":[],"product_cat":[99,26,95,25],"product_tag":[],"class_list":{"0":"post-327","1":"product","2":"type-product","3":"status-publish","4":"has-post-thumbnail","6":"product_cat-entdecken-sie-yukon","7":"product_cat-kanutouren-yukon","8":"product_cat-wildnis-touren","9":"product_cat-abenteuer-rundreisen","10":"pa_departure-whitehorse-de","11":"pa_season-herbst","12":"pa_season-sommer","13":"pa_skill-level-anfaenger","15":"first","16":"instock","17":"virtual","18":"sold-individually","19":"taxable","20":"purchasable","21":"product-type-booking"},"booking_location":"","booking_location_type":"","booking_duration":20,"booking_duration_unit":"day","booking_buffer":0,"booking_cost":0,"booking_resources":[],"exclude_global_add_ons":false,"addons":[{"name":"Unterkunft","type":"multiple_choice","position":0,"required":true,"title_format":"heading","default":"","description_enable":false,"description":"","placeholder_enable":false,"placeholder":"","display":"select","restrictions_type":"any_text","adjust_price":false,"price":"","price_type":"flat_fee","restrictions":false,"min":"0","max":"0","options":[{"label":"1\/2 Doppelzimmer \/ Zelt - 1 Person","price":"4195","price_type":"quantity_based","image":0,"visibility":true},{"label":"Doppelzimmer \/ Zelt - 2 Personen","price":"8390","price_type":"quantity_based","image":0,"visibility":true},{"label":"Einzelzimmer \/ Zelt - 1 Person","price":"4925","price_type":"quantity_based","image":0,"visibility":true}],"id":1678502842}],"acf":[],"_links":{"self":[{"href":"https:\/\/www.rubyrange.com\/de\/wp-json\/wp\/v2\/product\/327","targetHints":{"allow":["GET"]}}],"collection":[{"href":"https:\/\/www.rubyrange.com\/de\/wp-json\/wp\/v2\/product"}],"about":[{"href":"https:\/\/www.rubyrange.com\/de\/wp-json\/wp\/v2\/types\/product"}],"replies":[{"embeddable":true,"href":"https:\/\/www.rubyrange.com\/de\/wp-json\/wp\/v2\/comments?post=327"}],"wp:featuredmedia":[{"embeddable":true,"href":"https:\/\/www.rubyrange.com\/de\/wp-json\/wp\/v2\/media\/25059"}],"wp:attachment":[{"href":"https:\/\/www.rubyrange.com\/de\/wp-json\/wp\/v2\/media?parent=327"}],"wp:term":[{"taxonomy":"product_brand","embeddable":true,"href":"https:\/\/www.rubyrange.com\/de\/wp-json\/wp\/v2\/product_brand?post=327"},{"taxonomy":"product_cat","embeddable":true,"href":"https:\/\/www.rubyrange.com\/de\/wp-json\/wp\/v2\/product_cat?post=327"},{"taxonomy":"product_tag","embeddable":true,"href":"https:\/\/www.rubyrange.com\/de\/wp-json\/wp\/v2\/product_tag?post=327"}],"curies":[{"name":"wp","href":"https:\/\/api.w.org\/{rel}","templated":true}]}}