{"id":332,"date":"2017-02-02T00:00:00","date_gmt":"2017-02-02T08:00:00","guid":{"rendered":"https:\/\/www.rubyrange.com\/?post_type=product&#038;p=332"},"modified":"2025-09-19T16:54:52","modified_gmt":"2025-09-19T23:54:52","slug":"yukon-fishing-safari-gefuehrte-angeltour-im-yukon","status":"publish","type":"product","link":"https:\/\/www.rubyrange.com\/de\/tour\/yukon-fishing-safari-gefuehrte-angeltour-im-yukon\/","title":{"rendered":"Yukon Fishing Safari &#8211; Gef\u00fchrte Angeltour im Yukon"},"content":{"rendered":"<p>Verbringen Sie eine erlebnisreiche Woche mit erstklassiger Sportfischerei im Yukon. Erleben Sie in Begleitung Ihres ortskundigen Angelf\u00fchrers eine noch unverf\u00e4lschte Natur im nordwestlichstem Territorium Canadas.<br \/>\nVerbinden Sie dieses einmalige Wildniserlebnis in t\u00e4glich neuen fischereilichen Zielgebieten mit den Vorz\u00fcgen und Annehmlichkeiten eines sch\u00f6nen Hotels und einem guten Restaurant. Die unz\u00e4hligen Seen, B\u00e4che und Fl\u00fcsse des Landes beherbergen einen Fischreichtum, wie er in Europa nur schwer vorstellbar ist. Die blaugr\u00fcnen, glasklaren Gew\u00e4sser des Nordens, die langen Sommertage und die gewaltige Weite und Sch\u00f6nheit des Yukons sind ein Paradies f\u00fcr jeden Sportfischer und Naturliebhaber. Vor allem dem Fliegenfischer bieten sich in der geografisch bedingt nur kurzen Angelsaison hervorragende Bedingungen. Besonders gut geeignet ist diese Fischerwoche auch als Anschlu\u00dfprogramm an einen Lodgeaufenthalt im Yukon und dem angrenzenden Alaska oder als Erg\u00e4nzung\/Abschluss einer individuellen Rundreise.<\/p>\n","protected":false},"excerpt":{"rendered":"<p>Verbringen Sie eine erlebnisreiche Woche mit erstklassiger Sportfischerei im Yukon. Erleben Sie in Begleitung Ihres ortskundigen Angelf\u00fchrers eine noch unverf\u00e4lschte..<\/p>\n","protected":false},"featured_media":28736,"comment_status":"open","ping_status":"closed","template":"","meta":{"_acf_changed":false,"_lmt_disableupdate":"no","_lmt_disable":""},"product_brand":[],"product_cat":[99,32,25],"product_tag":[],"class_list":{"0":"post-332","1":"product","2":"type-product","3":"status-publish","4":"has-post-thumbnail","6":"product_cat-entdecken-sie-yukon","7":"product_cat-angeltouren-yukon","8":"product_cat-abenteuer-rundreisen","9":"pa_departure-whitehorse-de","10":"pa_season-herbst","11":"pa_season-sommer","12":"pa_skill-level-kein","14":"first","15":"instock","16":"virtual","17":"sold-individually","18":"taxable","19":"purchasable","20":"product-type-booking"},"booking_location":"","booking_location_type":"","booking_duration":8,"booking_duration_unit":"day","booking_buffer":0,"booking_cost":0,"booking_resources":[],"exclude_global_add_ons":false,"addons":[{"name":"Unterkunft","type":"multiple_choice","position":0,"required":false,"title_format":"heading","default":"","description_enable":false,"description":"","placeholder_enable":false,"placeholder":"","display":"select","restrictions_type":"any_text","adjust_price":false,"price":"","price_type":"flat_fee","restrictions":false,"min":"0","max":"0","options":[{"label":"Doppelzimmer - 2 Personen","price":"9010","price_type":"quantity_based","image":0,"visibility":true},{"label":"Einzelzimmer - 1 Person","price":"5770","price_type":"quantity_based","image":0,"visibility":true}],"id":1680712872}],"acf":[],"_links":{"self":[{"href":"https:\/\/www.rubyrange.com\/de\/wp-json\/wp\/v2\/product\/332","targetHints":{"allow":["GET"]}}],"collection":[{"href":"https:\/\/www.rubyrange.com\/de\/wp-json\/wp\/v2\/product"}],"about":[{"href":"https:\/\/www.rubyrange.com\/de\/wp-json\/wp\/v2\/types\/product"}],"replies":[{"embeddable":true,"href":"https:\/\/www.rubyrange.com\/de\/wp-json\/wp\/v2\/comments?post=332"}],"wp:featuredmedia":[{"embeddable":true,"href":"https:\/\/www.rubyrange.com\/de\/wp-json\/wp\/v2\/media\/28736"}],"wp:attachment":[{"href":"https:\/\/www.rubyrange.com\/de\/wp-json\/wp\/v2\/media?parent=332"}],"wp:term":[{"taxonomy":"product_brand","embeddable":true,"href":"https:\/\/www.rubyrange.com\/de\/wp-json\/wp\/v2\/product_brand?post=332"},{"taxonomy":"product_cat","embeddable":true,"href":"https:\/\/www.rubyrange.com\/de\/wp-json\/wp\/v2\/product_cat?post=332"},{"taxonomy":"product_tag","embeddable":true,"href":"https:\/\/www.rubyrange.com\/de\/wp-json\/wp\/v2\/product_tag?post=332"}],"curies":[{"name":"wp","href":"https:\/\/api.w.org\/{rel}","templated":true}]}}