{"id":336,"date":"2017-01-27T00:00:00","date_gmt":"2017-01-27T08:00:00","guid":{"rendered":"https:\/\/www.rubyrange.com\/?post_type=product&#038;p=336"},"modified":"2025-09-19T15:21:58","modified_gmt":"2025-09-19T22:21:58","slug":"der-yukon-explorer-snake-river","status":"publish","type":"product","link":"https:\/\/www.rubyrange.com\/de\/tour\/der-yukon-explorer-snake-river\/","title":{"rendered":"Der Yukon Explorer &#8211; Snake River"},"content":{"rendered":"<p>Atemberaubende Natur, absolute Wildnis, grandiose Bergwelt, tosende Wasserf\u00e4lle und tiefe Schluchten &#8211; wer all das erleben m\u00f6chte, sollte mit uns zum Snake River fliegen. Der Oberlauf des Snake Rivers im n\u00f6rdlichen Teil des Yukons ist nur mit dem Wasserflugzeug erreichbar und ist Startpunkt einer phantastischen Kanuexpedition.<\/p>\n<p>Die f\u00fcnfhundert Kilometer Tour f\u00fchrt durch absolut unber\u00fchrtes Gebiet, weit entfernt von irgendwelcher menschlicher Zivilisation durch die Bonnet Plume Mountains. Wir meistern leichtes Wildwasser der Klasse 2 bis mittleres Wildwasser der Klasse 2-3, geeignet f\u00fcr erfahrene Paddler, passieren einen kurzen Canyon und m\u00fcssen je nach Wasserstand die Kanus bei einigen Schnellen am Rande des Flusses leinen. Am Snake leben Grizzlys, Karibus, Elche, W\u00f6lfe und wei\u00dfe Bergschafe, und mit ein wenig Gl\u00fcck k\u00f6nnen wir einige Wildarten beobachten und fotografieren. Etwa dreihundert Kilometer flu\u00dfabw\u00e4rts m\u00fcndet der Snake in den Peel River, wo wir erstmals wieder auf Zeichen der Zivilisation treffen und den Polarkreis \u00fcberqueren. Verschiedene Familien der Gwitch`n Indianer leben hier am Flu\u00df in Fischcamps, und wir werden ggf. dort f\u00fcr einen Besuch halt machen, bevor unsere Kanuexpedition schlie\u00dflich in Fort McPherson in der N\u00e4he des MacKenzie Deltas endet. Mit unserem Van fahren wir in s\u00fcdliche Richtung \u00fcber den Dempster Highway nach Dawson City und sp\u00e4ter zur\u00fcck nach Whitehorse.<\/p>\n","protected":false},"excerpt":{"rendered":"<p>Atemberaubende Natur, absolute Wildnis, grandiose Bergwelt, tosende Wasserf\u00e4lle und tiefe Schluchten &#8211; wer all das erleben m\u00f6chte, sollte mit uns..<\/p>\n","protected":false},"featured_media":6004,"comment_status":"open","ping_status":"closed","template":"","meta":{"_acf_changed":false,"_lmt_disableupdate":"no","_lmt_disable":""},"product_brand":[],"product_cat":[99,26,95,25],"product_tag":[],"class_list":{"0":"post-336","1":"product","2":"type-product","3":"status-publish","4":"has-post-thumbnail","6":"product_cat-entdecken-sie-yukon","7":"product_cat-kanutouren-yukon","8":"product_cat-wildnis-touren","9":"product_cat-abenteuer-rundreisen","10":"pa_departure-whitehorse-de","11":"pa_season-sommer","12":"pa_skill-level-experte","14":"first","15":"instock","16":"virtual","17":"sold-individually","18":"taxable","19":"purchasable","20":"product-type-booking"},"booking_location":"","booking_location_type":"","booking_duration":22,"booking_duration_unit":"day","booking_buffer":0,"booking_cost":0,"booking_resources":[],"exclude_global_add_ons":false,"addons":[{"name":"Unterkunft","type":"multiple_choice","position":0,"required":true,"title_format":"heading","default":"","description_enable":false,"description":"","placeholder_enable":false,"placeholder":"","display":"select","restrictions_type":"any_text","adjust_price":false,"price":"","price_type":"flat_fee","restrictions":false,"min":"0","max":"0","options":[{"label":"1\/2 Doppelzimmer \/ Zelt - 1 Person","price":"8855","price_type":"quantity_based","image":0,"visibility":true},{"label":"Doppelzimmer \/ Zelt - 2 Personen","price":"17710","price_type":"quantity_based","image":0,"visibility":true},{"label":"Einzelzimmer \/ Zelt - 1 Person","price":"9415","price_type":"quantity_based","image":0,"visibility":true}],"id":1680712070}],"acf":[],"_links":{"self":[{"href":"https:\/\/www.rubyrange.com\/de\/wp-json\/wp\/v2\/product\/336","targetHints":{"allow":["GET"]}}],"collection":[{"href":"https:\/\/www.rubyrange.com\/de\/wp-json\/wp\/v2\/product"}],"about":[{"href":"https:\/\/www.rubyrange.com\/de\/wp-json\/wp\/v2\/types\/product"}],"replies":[{"embeddable":true,"href":"https:\/\/www.rubyrange.com\/de\/wp-json\/wp\/v2\/comments?post=336"}],"wp:featuredmedia":[{"embeddable":true,"href":"https:\/\/www.rubyrange.com\/de\/wp-json\/wp\/v2\/media\/6004"}],"wp:attachment":[{"href":"https:\/\/www.rubyrange.com\/de\/wp-json\/wp\/v2\/media?parent=336"}],"wp:term":[{"taxonomy":"product_brand","embeddable":true,"href":"https:\/\/www.rubyrange.com\/de\/wp-json\/wp\/v2\/product_brand?post=336"},{"taxonomy":"product_cat","embeddable":true,"href":"https:\/\/www.rubyrange.com\/de\/wp-json\/wp\/v2\/product_cat?post=336"},{"taxonomy":"product_tag","embeddable":true,"href":"https:\/\/www.rubyrange.com\/de\/wp-json\/wp\/v2\/product_tag?post=336"}],"curies":[{"name":"wp","href":"https:\/\/api.w.org\/{rel}","templated":true}]}}