{"id":337,"date":"2017-01-27T00:00:00","date_gmt":"2017-01-27T08:00:00","guid":{"rendered":"https:\/\/www.rubyrange.com\/?post_type=product&#038;p=337"},"modified":"2026-03-26T01:12:52","modified_gmt":"2026-03-26T08:12:52","slug":"der-klondiker-big-salmon-river","status":"publish","type":"product","link":"https:\/\/www.rubyrange.com\/de\/tour\/der-klondiker-big-salmon-river\/","title":{"rendered":"Der Klondiker &#8211; Big Salmon River"},"content":{"rendered":"<p>Dieser technisch m\u00e4ssig anspruchsvolle Kanutrip f\u00fchrt durch die beeindruckende Bergwelt des s\u00fcdlichen Yukons. Dies ist unsere beliebteste Kanutour und bei Anf\u00e4ngern wie Fortgeschrittenen gleicherma\u00dfen gesch\u00e4tzt. Grundlagen des Paddelns sollten jedoch unbedingt vorhanden sein.<\/p>\n<p>Wir folgen, weitab von jeglicher Zivilisation, dem alten Trail der Trapper und Goldsucher. Ihr Tourenleiter vermittelt Ihnen den Umgang in leichtem Wildwasser (bis Klasse 2). Sie lernen viele n\u00fctzliche Dinge \u00fcber das \u00dcberleben im Busch, die Orientierung im Gel\u00e4nde, das Anlegen von Camps und \u00fcber die Nahrungssuche. Knapp 13 Tage verbringen wir auf dem Big Salmon und sp\u00e4ter dem Yukon River. Gute 350 Kilometer legen wir im Kanu zur\u00fcck. Wir f\u00fchren ein Leben in v\u00f6lligem Einklang mit der Natur, durchstreifen den Busch und die Berge und erleben die Sch\u00f6nheiten und Herausforderungen des Landes. Grizzlys, Elche, W\u00f6lfe und Adler werden, wie die den Flu\u00df aufsteigenden Lachse, vielleicht mit etwas Gl\u00fcck zu unseren Begleitern geh\u00f6ren. Die Verpflegung ist auf Grunds\u00e4tzliches beschr\u00e4nkt. Trotzdem finden wir eine reichhaltige Speisekammer vor. Mit ein wenig Gl\u00fcck fangen wir \u00c4schen, Hechte oder Forellen, die wir abends am Lagerfeuer zubereiten. Am Ende der Kanutour fahren wir mit unserem Van von Carmacks zur\u00fcck zum Ausgangspunkt der Tour nach Whitehorse.<\/p>\n","protected":false},"excerpt":{"rendered":"<p>Dieser technisch m\u00e4ssig anspruchsvolle Kanutrip f\u00fchrt durch die beeindruckende Bergwelt des s\u00fcdlichen Yukons. Dies ist unsere beliebteste Kanutour und bei..<\/p>\n","protected":false},"featured_media":5973,"comment_status":"open","ping_status":"closed","template":"","meta":{"_acf_changed":false,"_lmt_disableupdate":"no","_lmt_disable":""},"product_brand":[],"product_cat":[99,26,95,25],"product_tag":[],"class_list":{"0":"post-337","1":"product","2":"type-product","3":"status-publish","4":"has-post-thumbnail","6":"product_cat-entdecken-sie-yukon","7":"product_cat-kanutouren-yukon","8":"product_cat-wildnis-touren","9":"product_cat-abenteuer-rundreisen","10":"pa_departure-whitehorse-de","11":"pa_season-herbst","12":"pa_season-sommer","13":"pa_skill-level-fortgeschritten","15":"first","16":"instock","17":"virtual","18":"sold-individually","19":"taxable","20":"purchasable","21":"product-type-booking"},"booking_location":"","booking_location_type":"","booking_duration":15,"booking_duration_unit":"day","booking_buffer":0,"booking_cost":0,"booking_resources":[],"exclude_global_add_ons":false,"addons":[{"name":"Unterkunft","type":"multiple_choice","position":0,"required":true,"title_format":"heading","default":"","description_enable":false,"description":"","placeholder_enable":false,"placeholder":"","display":"select","restrictions_type":"any_text","adjust_price":false,"price":"","price_type":"flat_fee","restrictions":false,"min":"0","max":"0","options":[{"label":"1\/2 Doppelzimmer \/ Zelt - 1 Person","price":"3375","price_type":"quantity_based","image":0,"visibility":true},{"label":"Doppelzimmer \/ Zelt - 2 Personen","price":"6750","price_type":"quantity_based","image":0,"visibility":true},{"label":"Einzelzimmer \/ Zelt - 1 Person","price":"3840","price_type":"quantity_based","image":0,"visibility":true}],"id":1713512061}],"acf":[],"_links":{"self":[{"href":"https:\/\/www.rubyrange.com\/de\/wp-json\/wp\/v2\/product\/337","targetHints":{"allow":["GET"]}}],"collection":[{"href":"https:\/\/www.rubyrange.com\/de\/wp-json\/wp\/v2\/product"}],"about":[{"href":"https:\/\/www.rubyrange.com\/de\/wp-json\/wp\/v2\/types\/product"}],"replies":[{"embeddable":true,"href":"https:\/\/www.rubyrange.com\/de\/wp-json\/wp\/v2\/comments?post=337"}],"wp:featuredmedia":[{"embeddable":true,"href":"https:\/\/www.rubyrange.com\/de\/wp-json\/wp\/v2\/media\/5973"}],"wp:attachment":[{"href":"https:\/\/www.rubyrange.com\/de\/wp-json\/wp\/v2\/media?parent=337"}],"wp:term":[{"taxonomy":"product_brand","embeddable":true,"href":"https:\/\/www.rubyrange.com\/de\/wp-json\/wp\/v2\/product_brand?post=337"},{"taxonomy":"product_cat","embeddable":true,"href":"https:\/\/www.rubyrange.com\/de\/wp-json\/wp\/v2\/product_cat?post=337"},{"taxonomy":"product_tag","embeddable":true,"href":"https:\/\/www.rubyrange.com\/de\/wp-json\/wp\/v2\/product_tag?post=337"}],"curies":[{"name":"wp","href":"https:\/\/api.w.org\/{rel}","templated":true}]}}