{"id":339,"date":"2017-01-27T00:00:00","date_gmt":"2017-01-27T08:00:00","guid":{"rendered":"https:\/\/www.rubyrange.com\/?post_type=product&#038;p=339"},"modified":"2025-12-10T23:21:09","modified_gmt":"2025-12-11T06:21:09","slug":"stampeders-route-trekking-chilkoot","status":"publish","type":"product","link":"https:\/\/www.rubyrange.com\/de\/tour\/stampeders-route-trekking-chilkoot\/","title":{"rendered":"Stampeders Route &#8211; Trekking Chilkoot Trail"},"content":{"rendered":"<p>Suchen Sie nach einem echten Wanderabenteuer? Der Chilkoot Trail ist das urspr\u00fcngliche Alaska- und Yukonerlebnis. Es ist nicht nur ein Wanderweg sondern auch ein kultureller Korridor, ber\u00fchmt durch die Heerscharen von Goldsch\u00fcrfern, auf ihrem Weg nach Dawson City im Jahre 1898, wurde dieser Weg schon vor tausend Jahren von den an der K\u00fcste lebenden Tlingit H\u00e4ndlern benutzt um ihre Waren von der K\u00fcste mit Volksst\u00e4mmen im Landesinneren des Yukons zu handeln. Die Entdeckung des Goldes in der N\u00e4he von Dawson City im Jahr 1898 brachte \u00fcber 30.000 Goldsch\u00fcrfer nach Skagway, die alle ins Landesinnere weiterzogen, um im Klondike Gl\u00fcck und Reichtum zu finden.<br \/>\nDiese t\u00fcchtigen Reisenden trugen ihr ganzes Gep\u00e4ck und ihre Tr\u00e4ume \u00fcber eines der rauhesten Gebiete im westlichen Nordamerika. Auf unserer Chilkoot-Wandertour werden Sie den Spuren der Ureinwohner und den Klondike Goldrausch \u201eSch\u00fcrfern\u201c folgen, nur mit weniger Gep\u00e4ck und einem leichteren Schritt. Und w\u00e4hrend Sie auf der Suche ihres eignenen Schatzes, wie Abenteuer und pers\u00f6nlicher Leistung, sind, erleben Sie eine einzigartige Geschichte und eine unglaubliche Pracht des K\u00fcstengebirges Alaskas.<\/p>\n","protected":false},"excerpt":{"rendered":"<p>Suchen Sie nach einem echten Wanderabenteuer? Der Chilkoot Trail ist das urspr\u00fcngliche Alaska- und Yukonerlebnis. Es ist nicht nur ein..<\/p>\n","protected":false},"featured_media":6080,"comment_status":"open","ping_status":"closed","template":"","meta":{"_acf_changed":false,"_lmt_disableupdate":"no","_lmt_disable":""},"product_brand":[],"product_cat":[98,99,95,27,25],"product_tag":[],"class_list":{"0":"post-339","1":"product","2":"type-product","3":"status-publish","4":"has-post-thumbnail","6":"product_cat-entdecken-sie-alaska","7":"product_cat-entdecken-sie-yukon","8":"product_cat-wildnis-touren","9":"product_cat-wandertouren-yukon","10":"product_cat-abenteuer-rundreisen","11":"pa_departure-whitehorse-de","12":"pa_season-sommer","13":"pa_skill-level-experte","15":"first","16":"instock","17":"virtual","18":"sold-individually","19":"taxable","20":"purchasable","21":"product-type-booking"},"booking_location":"","booking_location_type":"","booking_duration":7,"booking_duration_unit":"day","booking_buffer":0,"booking_cost":0,"booking_resources":[],"exclude_global_add_ons":false,"addons":[{"name":"Unterkunft","type":"multiple_choice","position":0,"required":false,"title_format":"heading","default":"","description_enable":false,"description":"","placeholder_enable":false,"placeholder":"","display":"select","restrictions_type":"any_text","adjust_price":false,"price":"","price_type":"flat_fee","restrictions":false,"min":"0","max":"0","options":[{"label":"1\/2 Doppelzimmer \/ Zelt - 1 Person","price":"2220","price_type":"quantity_based","image":0,"visibility":true},{"label":"Doppelzimmer \/ Zelt - 2 Personen","price":"4440","price_type":"quantity_based","image":0,"visibility":true},{"label":"Einzelzimmer \/ Zelt - 1 Person","price":"2685","price_type":"quantity_based","image":0,"visibility":true}],"id":1715682441}],"acf":[],"_links":{"self":[{"href":"https:\/\/www.rubyrange.com\/de\/wp-json\/wp\/v2\/product\/339","targetHints":{"allow":["GET"]}}],"collection":[{"href":"https:\/\/www.rubyrange.com\/de\/wp-json\/wp\/v2\/product"}],"about":[{"href":"https:\/\/www.rubyrange.com\/de\/wp-json\/wp\/v2\/types\/product"}],"replies":[{"embeddable":true,"href":"https:\/\/www.rubyrange.com\/de\/wp-json\/wp\/v2\/comments?post=339"}],"wp:featuredmedia":[{"embeddable":true,"href":"https:\/\/www.rubyrange.com\/de\/wp-json\/wp\/v2\/media\/6080"}],"wp:attachment":[{"href":"https:\/\/www.rubyrange.com\/de\/wp-json\/wp\/v2\/media?parent=339"}],"wp:term":[{"taxonomy":"product_brand","embeddable":true,"href":"https:\/\/www.rubyrange.com\/de\/wp-json\/wp\/v2\/product_brand?post=339"},{"taxonomy":"product_cat","embeddable":true,"href":"https:\/\/www.rubyrange.com\/de\/wp-json\/wp\/v2\/product_cat?post=339"},{"taxonomy":"product_tag","embeddable":true,"href":"https:\/\/www.rubyrange.com\/de\/wp-json\/wp\/v2\/product_tag?post=339"}],"curies":[{"name":"wp","href":"https:\/\/api.w.org\/{rel}","templated":true}]}}