{"id":340,"date":"2017-01-27T00:00:00","date_gmt":"2017-01-27T08:00:00","guid":{"rendered":"https:\/\/www.rubyrange.com\/?post_type=product&#038;p=340"},"modified":"2025-09-19T14:45:12","modified_gmt":"2025-09-19T21:45:12","slug":"auf-den-spuren-yukons-teslin-river","status":"publish","type":"product","link":"https:\/\/www.rubyrange.com\/de\/tour\/auf-den-spuren-yukons-teslin-river\/","title":{"rendered":"Auf den Spuren des Yukons &#8211; Teslin River"},"content":{"rendered":"<p>Dieser technisch nicht anspruchsvolle Kanutrip gilt unter Insidern als sch\u00f6ne Alternative zum ber\u00fchmten Yukon River. Die Strecke f\u00fchrt durch die beeindruckende Bergwelt des s\u00fcdlichen Yukons und ist bei Kanuanf\u00e4ngern wie Fortgeschrittenen gleicherma\u00dfen gesch\u00e4tzt.<\/p>\n<p>Wir folgen &#8211; weitab von jeglicher Zivilisation &#8211; einem alten Trail der Trapper und Goldsucher und unser Tourenleiter vermittelt uns den sicheren Umgang mit den Kanus. Wir lernen viele n\u00fctzliche Dinge \u00fcber das \u00dcberleben im Busch, die Orientierung im Gel\u00e4nde, das Anlegen von Camps und auch \u00fcber die Nahrungssuche in der Wildnis. Knapp 9 Tage verbringen wir zun\u00e4chst auf dem Teslin- und sp\u00e4ter dem Yukon River und legen etwa 370 Kilometer im Kanu zur\u00fcck. Wir f\u00fchren ein Leben in v\u00f6lligem Einklang mit der Natur, durchstreifen den Busch und die Berge und erleben die Sch\u00f6nheiten und Herausforderungen des Landes. Grizzlys, Elche, W\u00f6lfe und Adler werden vielleicht zu unseren Begleitern geh\u00f6ren. Der Teslin River gilt als sehr fischreich und mit ein wenig Gl\u00fcck fangen wir beim Angeln \u00c4schen und Hechte oder gar Lachse, die wir abends am Lagerfeuer zubereiten k\u00f6nnen. Unser Kanu- und Wildnisabenteuer endet in der kleinen Indianersiedlung Carmacks. Von dort aus geht es mit frischen Erinnerungen im Gep\u00e4ck mit dem Maxivan \u00fcber den Klondike Highway zur\u00fcck zum Startpunkt unserer Tour nach Whitehorse. Hier in der Hauptstadt des Yukon lassen wir die Tour gem\u00fctlich ausklingen und \u00fcbernachten noch ein letztes mal in unserem Tourhotel.<\/p>\n<p>Diese Tour wird in verschiedenen Sprachen w\u00e4hrend der Saison angeboten:<\/p>\n<p>31.05. \u2013 10.06.2026 \u2013 Deutsch + Englisch<br \/>\n21.06. \u2013 01.07.2026 \u2013 Deutsch + Englisch<br \/>\n12.07. \u2013 22.07.2026 \u2013 Deutsch + Englisch<br \/>\n02.08. \u2013 12.08.2026 \u2013 Deutsch + Englisch<br \/>\n23.08. \u2013 02.09.2026 \u2013 Deutsch + Englisch<br \/>\n13.09. \u2013 23.09.2026 \u2013 Deutsch + Englisch<\/p>\n","protected":false},"excerpt":{"rendered":"<p>Dieser technisch nicht anspruchsvolle Kanutrip gilt unter Insidern als sch\u00f6ne Alternative zum ber\u00fchmten Yukon River. Die Strecke f\u00fchrt durch die..<\/p>\n","protected":false},"featured_media":5939,"comment_status":"open","ping_status":"closed","template":"","meta":{"_acf_changed":false,"_lmt_disableupdate":"no","_lmt_disable":""},"product_brand":[],"product_cat":[99,26,95,25],"product_tag":[],"class_list":{"0":"post-340","1":"product","2":"type-product","3":"status-publish","4":"has-post-thumbnail","6":"product_cat-entdecken-sie-yukon","7":"product_cat-kanutouren-yukon","8":"product_cat-wildnis-touren","9":"product_cat-abenteuer-rundreisen","10":"pa_departure-whitehorse-de","11":"pa_season-sommer","12":"pa_skill-level-anfaenger","14":"first","15":"instock","16":"virtual","17":"sold-individually","18":"taxable","19":"purchasable","20":"product-type-booking"},"booking_location":"","booking_location_type":"","booking_duration":11,"booking_duration_unit":"day","booking_buffer":0,"booking_cost":0,"booking_resources":[],"exclude_global_add_ons":false,"addons":[{"name":"Unterkunft","type":"multiple_choice","position":0,"required":false,"title_format":"heading","default":"","description_enable":false,"description":"","placeholder_enable":false,"placeholder":"","display":"select","restrictions_type":"any_text","adjust_price":false,"price":"","price_type":"flat_fee","restrictions":false,"min":"0","max":"0","options":[{"label":"1\/2 Doppelzimmer \/ Zelt - 1 Person","price":"2575","price_type":"quantity_based","image":0,"visibility":true},{"label":"Doppelzimmer \/ Zelt - 2 Personen","price":"5150","price_type":"quantity_based","image":0,"visibility":true},{"label":"Einzelzimmer \/ Zelt - 1 Person","price":"3040","price_type":"quantity_based","image":0,"visibility":true}],"id":1713493188}],"acf":[],"_links":{"self":[{"href":"https:\/\/www.rubyrange.com\/de\/wp-json\/wp\/v2\/product\/340","targetHints":{"allow":["GET"]}}],"collection":[{"href":"https:\/\/www.rubyrange.com\/de\/wp-json\/wp\/v2\/product"}],"about":[{"href":"https:\/\/www.rubyrange.com\/de\/wp-json\/wp\/v2\/types\/product"}],"replies":[{"embeddable":true,"href":"https:\/\/www.rubyrange.com\/de\/wp-json\/wp\/v2\/comments?post=340"}],"wp:featuredmedia":[{"embeddable":true,"href":"https:\/\/www.rubyrange.com\/de\/wp-json\/wp\/v2\/media\/5939"}],"wp:attachment":[{"href":"https:\/\/www.rubyrange.com\/de\/wp-json\/wp\/v2\/media?parent=340"}],"wp:term":[{"taxonomy":"product_brand","embeddable":true,"href":"https:\/\/www.rubyrange.com\/de\/wp-json\/wp\/v2\/product_brand?post=340"},{"taxonomy":"product_cat","embeddable":true,"href":"https:\/\/www.rubyrange.com\/de\/wp-json\/wp\/v2\/product_cat?post=340"},{"taxonomy":"product_tag","embeddable":true,"href":"https:\/\/www.rubyrange.com\/de\/wp-json\/wp\/v2\/product_tag?post=340"}],"curies":[{"name":"wp","href":"https:\/\/api.w.org\/{rel}","templated":true}]}}