{"id":347,"date":"2017-01-27T00:00:00","date_gmt":"2017-01-27T08:00:00","guid":{"rendered":"https:\/\/www.rubyrange.com\/?post_type=product&#038;p=347"},"modified":"2025-09-22T22:22:03","modified_gmt":"2025-09-23T05:22:03","slug":"kluane-lake-natur-fischer-ferien-ruby-range-lodge","status":"publish","type":"product","link":"https:\/\/www.rubyrange.com\/de\/tour\/kluane-lake-natur-fischer-ferien-ruby-range-lodge\/","title":{"rendered":"Kluane Lake &#8211; Natur &#038; Fischer Ferien &#8211; Ruby Range Lodge"},"content":{"rendered":"<p>Der Kluane Lake geh\u00f6rt zu den wenigen ausgesuchten Gew\u00e4ssern Kanadas, die zum \u201eTrophy-Lake\u201c (Troph\u00e4en-See) erkl\u00e4rt wurden. Dies bedeutet, da\u00df hier sehr gute Chancen auf Kapitalfische bestehen. Gemeint ist die \u201eLake Trout\u201c (w\u00f6rtlich \u00fcbersetzt Seeforelle, biologisch Namaycush Riesenseesaibling), die hier bis \u00fcber 40 Pfund Gewicht erreicht. Regelm\u00e4\u00dfig werden Exemplare von durchschnittlich 10 bis 15 Pfund erbeutet und jedes Jahr werden von Lodgeg\u00e4sten Saiblinge von \u00fcber 30 Pfund erbeutet. Diese Fische wachsen nur langsam ab \u2013 ca 300g pro Jahr \u2013 und sind unglaubliche Kraftpakete. Grosse Saiblinge verlangen Angler und Ger\u00e4t im Drill das Letzte ab.<\/p>\n<p>Die Ureinwohner schon gaben dem See den Namen \u201eGrosser Fisch See\u201c. Wahre Schauergeschichten werden von \u201eMonstern\u201c erz\u00e4hlt, die 20-Pf\u00fcndern Bisswunden zugef\u00fcgt haben und man geht allgemein davon aus, da\u00df Gewichte von bis zu etwa 100 Pfund erreicht werden. Wo die Obergrenze im Kluane Lake liegt weiss Niemand, doch haben \u00f6rtliche Fischereibiologen schon Saiblinge von gesch\u00e4tzt \u00fcber 60 Pfund gesehen.<\/p>\n<p>Daneben bietet der Kluane Lake dem Sportfischer noch einige weitere sehr interessante Arten, z.B. die Arktischen \u00c4schen, die in grosser Zahl in Bachm\u00fcndungen und Zufl\u00fcssen am leichten Ger\u00e4t und mit Trocken- wie Nassfliegen erbeutet werden k\u00f6nnen. Und auch die Hechte, hier genannt \u201eNorthern Pike\u201c von bis zu 25 Pfund bieten guten Sport. Dar\u00fcber hinaus kommen noch weniger bekannte und so gut wie nie befischte Weissfischarten und auch Quappen\/Rutten vor. Hier lauert f\u00fcr den experimentierfreudigen Fischer sicher noch so manche \u00dcberraschung.<\/p>\n<p>Sieben Monate im Jahr ist der Kluane See zugefroren, denn er liegt am 61. Breitengrad auf 850 m Meeresh\u00f6he. Ab Ende Mai taut er von der M\u00fcndung des Talbot Creek her auf, Mitte Juni beginnt in der Lodge die Angelsaison.<\/p>\n<p>Inmitten grandioser Landschaft befindet sich die Ruby Range Lodge am nord\u00f6stlichen Zipfel des Sees, in der N\u00e4he der M\u00fcndung des Talbot Creeks. Talbot Arm hei\u00dft dieser ca. 30 km fjord\u00e4hnliche Ausl\u00e4ufer des Sees, der sich in die Ruby Range Berge einschneidet. Von ihnen erh\u00e4lt er Windschutz, anders als der oftmals sturm- und wellenreiche Hauptsee. Es gibt keine Strasse oder Weg, der zu der Lodge in der Wildnis f\u00fchrt und alle G\u00e4ste gelangen mit dem Boot oder auch mit dem Wasserflugzeug ab Whitehorse hierher.<\/p>\n<p>Die Lodge besteht aus einem Hauptgeb\u00e4ude mit 4 Doppelzimmern, K\u00fcche, grossem Esszimmer, Gemeinschaftswohnbereich mit kleiner Bar und einem Badezimmer. An das Hauptgeb\u00e4ude angebaut ist ein grosses Sonnendeck. Des weiteren befinden sich auf dem Gel\u00e4nde noch zwei gem\u00fctliche Holzcabins f\u00fcr jeweils 2-3 Personen. Ausserdem gibt es noch ein Duschhaus mit zwei voneinander getrennten Badezimmern, eine urige Sauna, eine Ausr\u00fcstungsh\u00fctte sowie eine uralte Trapperh\u00fctte.<\/p>\n<p>Nicht nur f\u00fcr Sportfischer auch f\u00fcr Naturliebhaber ist die Gegend ein Paradies. Wanderer und Tierbeobachter kommen voll auf ihre Kosten. Dabei wird nicht erwartet, dass G\u00e4ste aktive Bergsteiger sind. Wer in der Lage ist, bei einer Tageswanderung einige hundert H\u00f6henmeter zu \u00fcberwinden hat gut Chancen, in der dann rasch baumlosen Bergwelt seltene Wildtiere zu beobachten. Im Yukon leben Karibus, schneeweisse Dallschafe, Elche, Grizzlys und Schwarzb\u00e4ren. Auch W\u00f6lfe und verschiedene Pelztiere sind Bewohner der borealen W\u00e4lder und Gebgirgszonen.<\/p>\n<p>Weisskopfadler nisten im Delta des Talbot Creeks, und eine Vielzahl von Wasserv\u00f6geln, Tauchern, Enten, Schw\u00e4nen und G\u00e4nsen nutzt den kurzen arktischen Sommer zur Aufzucht ihres Nachwuchs. Erkunden Sie die Sch\u00f6nheit des Kluane Lakes mit den umliegenden Gebirgst\u00e4lern und Buchten auf eigene Faust oder auch in Begleitung. Sie werden begeistert sein von den Ruby Range Bergen, die die Lodge umgeben und den schneebedeckten Gipfeln der Kluane Berge, die bis zu \u00fcber 6000 Meter hoch aus den Gletschern herausragen.<\/p>\n<p>Neben Motorbooten und Kanus steht eine Bayliner Yacht f\u00fcr Gemeinschaftsausfl\u00fcge zur Verf\u00fcgung. Mit der Yacht erfolgen auch die Transfers \u00fcber den See zur Lodge. Ein besonders spannendes Wildniserlebnis und Abenteuer sind die auf Wunsch organisierten \u00dcbernachtungen in nahe gelegenen Outpostcamps. Oder bleiben Sie einfach an der Lodge und lassen die Seele baumeln. Entspannen, Lesen, Schreiben und die grandiose Umgebung und Ruhe einwikren lassen \u2013 der Individualit\u00e4t sind auf der Ruby Range Lodge keine Grenzen gesetzt.<\/p>\n","protected":false},"excerpt":{"rendered":"<p>Der Kluane Lake geh\u00f6rt zu den wenigen ausgesuchten Gew\u00e4ssern Kanadas, die zum \u201eTrophy-Lake\u201c (Troph\u00e4en-See) erkl\u00e4rt wurden. Dies bedeutet, da\u00df hier..<\/p>\n","protected":false},"featured_media":28730,"comment_status":"open","ping_status":"closed","template":"","meta":{"_acf_changed":false,"_lmt_disableupdate":"no","_lmt_disable":""},"product_brand":[],"product_cat":[157,32],"product_tag":[],"class_list":{"0":"post-347","1":"product","2":"type-product","3":"status-publish","4":"has-post-thumbnail","6":"product_cat-comfort-tours-de","7":"product_cat-angeltouren-yukon","8":"pa_departure-whitehorse-de","9":"pa_season-sommer","10":"pa_skill-level-kein","12":"first","13":"instock","14":"virtual","15":"sold-individually","16":"taxable","17":"purchasable","18":"product-type-booking"},"booking_location":"","booking_location_type":"","booking_duration":15,"booking_duration_unit":"day","booking_buffer":0,"booking_cost":0,"booking_resources":[],"exclude_global_add_ons":false,"addons":[{"name":"Unterkunft","type":"multiple_choice","position":0,"required":false,"title_format":"heading","default":"","description_enable":false,"description":"","placeholder_enable":false,"placeholder":"","display":"select","restrictions_type":"any_text","adjust_price":false,"price":"","price_type":"flat_fee","restrictions":false,"min":"0","max":"0","options":[{"label":"Doppelzimmer - 2 Personen","price":"11410","price_type":"quantity_based","image":0,"visibility":true}],"id":1704702571}],"acf":[],"_links":{"self":[{"href":"https:\/\/www.rubyrange.com\/de\/wp-json\/wp\/v2\/product\/347","targetHints":{"allow":["GET"]}}],"collection":[{"href":"https:\/\/www.rubyrange.com\/de\/wp-json\/wp\/v2\/product"}],"about":[{"href":"https:\/\/www.rubyrange.com\/de\/wp-json\/wp\/v2\/types\/product"}],"replies":[{"embeddable":true,"href":"https:\/\/www.rubyrange.com\/de\/wp-json\/wp\/v2\/comments?post=347"}],"wp:featuredmedia":[{"embeddable":true,"href":"https:\/\/www.rubyrange.com\/de\/wp-json\/wp\/v2\/media\/28730"}],"wp:attachment":[{"href":"https:\/\/www.rubyrange.com\/de\/wp-json\/wp\/v2\/media?parent=347"}],"wp:term":[{"taxonomy":"product_brand","embeddable":true,"href":"https:\/\/www.rubyrange.com\/de\/wp-json\/wp\/v2\/product_brand?post=347"},{"taxonomy":"product_cat","embeddable":true,"href":"https:\/\/www.rubyrange.com\/de\/wp-json\/wp\/v2\/product_cat?post=347"},{"taxonomy":"product_tag","embeddable":true,"href":"https:\/\/www.rubyrange.com\/de\/wp-json\/wp\/v2\/product_tag?post=347"}],"curies":[{"name":"wp","href":"https:\/\/api.w.org\/{rel}","templated":true}]}}