{"id":348,"date":"2017-01-27T00:00:00","date_gmt":"2017-01-27T08:00:00","guid":{"rendered":"https:\/\/www.rubyrange.com\/?post_type=product&#038;p=348"},"modified":"2025-09-18T12:04:38","modified_gmt":"2025-09-18T19:04:38","slug":"gold-rush-tour-im-land-der-mitternachtssonne","status":"publish","type":"product","link":"https:\/\/www.rubyrange.com\/de\/tour\/gold-rush-tour-im-land-der-mitternachtssonne\/","title":{"rendered":"Gold Rush Tour &#8211; Im Land der Mitternachtssonne"},"content":{"rendered":"<p>Folgen Sie auf dieser Rundreise zusammen mit einer kleinen Gruppe den Spuren der alten Goldgr\u00e4ber und Gl\u00fccksritter. Erleben Sie eine fantastische Wildnis im Land der Mitternachtssonne und der Nordlichter. Wandeln Sie auf historischen Pfaden und auf den legend\u00e4ren Spuren Jack Londons.<\/p>\n<p>Bei dieser kombinierten Erlebnistour geht es zun\u00e4chst mit dem Kanu, dann weiter mit dem Van durch die atemberaubende Natur im hohen Norden Amerikas: Dempster Highway, Goldwaschen in Dawson City, Kanufahren auf dem Teslin und Yukon River, Wildwasserrafting auf dem weltber\u00fchmten Tatshenshini River und die F\u00e4hrfahrt durch den Lynn-Fjord sind nur einige der H\u00f6hepunkte. Wanderungen im herrlichen Kluane Nationalpark und den Tombstone Mountains, die M\u00f6glichkeit zur Teilnahme an einem Gletscherflug mit dem Buschflugzeug sind weitere Attraktionen.<br \/>\nDiese Kanu-Maxivan-Kombinationstour beginnt mit einem neun-t\u00e4gigen Kanuwandern zun\u00e4chst auf dem Teslin und sp\u00e4ter dem ber\u00fchmten Yukon River. Weitab der Zivilisation erleben wir fantastische Tage im Einklang mit der Natur. Wir befinden uns auf den Spuren des gro\u00dfen Goldrausches und sto\u00dfen unterwegs immer wieder auf Relikte aus dieser sagenhaften Zeit. Wir errichten unsere Camps an den Flu\u00dfufern und sitzen beim Lagerfeuer zusammen. Mit ein wenig Gl\u00fcck k\u00f6nnen wir hier Weisskopfadler, Biber und auch B\u00e4ren und Elche beobachten.<\/p>\n<p>Dawson City war das Herz des gro\u00dfen Goldrausches und auch heute noch wird hier noch nach Gold gegraben. Nach einer Dusche erkunden wir dieses historische St\u00e4dtchen, und versuchen selber unser Gl\u00fcck beim Goldwaschen in einer aktiven Goldmine. Abends gibt es eine zweite Chance beim Poker oder Roulette in Diamond Tooth Gerties Spielsalon.<\/p>\n<p>Mit dem Van geht es weiter Richtung Norden auf dem ber\u00fchmten Dempster Highway. Am Fu\u00dfe der Tombstone Mountains errichten wir f\u00fcr zwei N\u00e4chte unser Basiscamp und werden von hier aus eine Tageswanderung in dieser gro\u00dfartigen Landschaft unternehmen. Weiter geht es zun\u00e4chst mit der F\u00e4hre \u00fcber den Yukon River und dann weiter \u00fcber den Top Of The World Highway nach Alaska. Hier oberhalb der Baumgrenze genie\u00dfen wir eine grandiose Aussicht. Wir erreichen den Alaska Highway, der uns ins Gebiet des Kluane Nationalparks f\u00fchrt. W\u00e4hrend der n\u00e4chsten Tage erkunden wir diese Gegend. Auf einer Wanderung in den Park hinein bestehen gute Chancen die scheuen wei\u00dfen Dallschafe zu beobachten. Spektakul\u00e4r und bei gutem Wetter sehr zu empfehlen ist ein Rundflug \u00fcber die Gletscher des Parks mit dem Buschflugzeug oder Hubschrauber. Abgerundet wird unser Besuch im Kluane mit einer aufregenden und spritzigen Raftingtour auf dem Tatshenshini River.<\/p>\n<p>Unsere Reise geht weiter nach Haines, Alaska. Die reiche Vegetation der K\u00fcstenregion bietet einen enormen Kontrast zur Tundra des Yukons. Zu bestimmten Jahreszeiten findet man in dieser Region eine hohe Konzentration von Weisskopfadlern. Wir verbringen einen kompletten Tag in Haines bevor es mit der F\u00e4hre durch den Lynn Fjord nach Skagway geht. Mit etwas Gl\u00fcck kreuzt hier ein Wal unseren Weg. Wir erkunden Skagway, das Tor zum Goldrausch und Ausgangspunkt des strapazioesen Chilkoot Trails. Via Klondike Highway geht es am n\u00e4chsten Tag zur\u00fcck nach Whitehorse. Wer m\u00f6chte hat heute noch Gelegenheit mit der ber\u00fchmten White Pass Railroad zu fahren.<\/p>\n<p>Diese Tour wird in verschiedenen Sprachen w\u00e4hrend der Saison angeboten:<br \/>\n31.05.2026 \u2013 21.06.2026 \u2013 Deutsch + Englisch<br \/>\n21.06.2026 \u2013 12.07.2026 \u2013 Deutsch + Englisch<br \/>\n12.07.2026 \u2013 02.08.2026 \u2013 Englisch + Franz\u00f6sisch<br \/>\n02.08.2026 \u2013 23.08.2026 \u2013 Deutsch + Englisch<br \/>\n23.08.2026 \u2013 13.09.2026 \u2013 Englisch + Franz\u00f6sisch<\/p>\n","protected":false},"excerpt":{"rendered":"<p>Folgen Sie auf dieser Rundreise zusammen mit einer kleinen Gruppe den Spuren der alten Goldgr\u00e4ber und Gl\u00fccksritter. Erleben Sie eine..<\/p>\n","protected":false},"featured_media":25944,"comment_status":"open","ping_status":"closed","template":"","meta":{"_acf_changed":false,"_lmt_disableupdate":"no","_lmt_disable":""},"product_brand":[],"product_cat":[98,99,26,95,27,25],"product_tag":[],"class_list":{"0":"post-348","1":"product","2":"type-product","3":"status-publish","4":"has-post-thumbnail","6":"product_cat-entdecken-sie-alaska","7":"product_cat-entdecken-sie-yukon","8":"product_cat-kanutouren-yukon","9":"product_cat-wildnis-touren","10":"product_cat-wandertouren-yukon","11":"product_cat-abenteuer-rundreisen","12":"pa_departure-whitehorse-de","13":"pa_season-herbst","14":"pa_season-sommer","15":"pa_skill-level-anfaenger","17":"first","18":"instock","19":"virtual","20":"sold-individually","21":"taxable","22":"purchasable","23":"product-type-booking"},"booking_location":"","booking_location_type":"","booking_duration":22,"booking_duration_unit":"day","booking_buffer":0,"booking_cost":0,"booking_resources":[],"exclude_global_add_ons":false,"addons":[{"name":"Unterkunft","type":"multiple_choice","position":0,"required":true,"title_format":"heading","default":"","description_enable":false,"description":"","placeholder_enable":false,"placeholder":"","display":"select","restrictions_type":"any_text","adjust_price":false,"price":"","price_type":"flat_fee","restrictions":false,"min":"0","max":"0","options":[{"label":"1\/2 Doppelzimmer \/ Zelt - 1 Person","price":"4665","price_type":"quantity_based","image":0,"visibility":true},{"label":"Doppelzimmer \/ Zelt - 2 Personen","price":"9330","price_type":"quantity_based","image":0,"visibility":true},{"label":"Einzelzimmer \/ Zelt - 1 Person","price":"5205","price_type":"quantity_based","image":0,"visibility":true}],"id":1713777124}],"acf":[],"_links":{"self":[{"href":"https:\/\/www.rubyrange.com\/de\/wp-json\/wp\/v2\/product\/348","targetHints":{"allow":["GET"]}}],"collection":[{"href":"https:\/\/www.rubyrange.com\/de\/wp-json\/wp\/v2\/product"}],"about":[{"href":"https:\/\/www.rubyrange.com\/de\/wp-json\/wp\/v2\/types\/product"}],"replies":[{"embeddable":true,"href":"https:\/\/www.rubyrange.com\/de\/wp-json\/wp\/v2\/comments?post=348"}],"wp:featuredmedia":[{"embeddable":true,"href":"https:\/\/www.rubyrange.com\/de\/wp-json\/wp\/v2\/media\/25944"}],"wp:attachment":[{"href":"https:\/\/www.rubyrange.com\/de\/wp-json\/wp\/v2\/media?parent=348"}],"wp:term":[{"taxonomy":"product_brand","embeddable":true,"href":"https:\/\/www.rubyrange.com\/de\/wp-json\/wp\/v2\/product_brand?post=348"},{"taxonomy":"product_cat","embeddable":true,"href":"https:\/\/www.rubyrange.com\/de\/wp-json\/wp\/v2\/product_cat?post=348"},{"taxonomy":"product_tag","embeddable":true,"href":"https:\/\/www.rubyrange.com\/de\/wp-json\/wp\/v2\/product_tag?post=348"}],"curies":[{"name":"wp","href":"https:\/\/api.w.org\/{rel}","templated":true}]}}