{"id":349,"date":"2017-01-27T00:00:00","date_gmt":"2017-01-27T08:00:00","guid":{"rendered":"https:\/\/www.rubyrange.com\/?post_type=product&#038;p=349"},"modified":"2025-11-13T21:25:51","modified_gmt":"2025-11-14T04:25:51","slug":"von-den-rockies-bis-alaska-go-wild-calgary-whitehorse","status":"publish","type":"product","link":"https:\/\/www.rubyrange.com\/de\/tour\/von-den-rockies-bis-alaska-go-wild-calgary-whitehorse\/","title":{"rendered":"Von den Rockies bis Alaska &#8211; Go Wild &#8211; Calgary &#8211; Whitehorse"},"content":{"rendered":"<p>Wildes, raues Land, so wie man sich Kanada vorstellt. Bei dieser 22-Tage Campingreise zwischen Calgary und Whitehorse erleben Sie die beeindruckendsten Landschaften von Kanadas Westen und Nordwesten: Banff und Jasper Nationalparks in den spektakul\u00e4ren Rocky Mountains, die endlose Tundra entlang dem primitiven Dempster Highway bei einem Gipfelerlebnis im Tombstone Gebirge, die ber\u00fchmteste H\u00f6henstra\u00dfe Nordamerikas, der Top of the World Highway nach Alaska, dann Kluane Nationalpark mit massiven Gletscherfeldern, das K\u00fcstengebirge mit Wasserf\u00e4llen und Baumriesen. Sie genie\u00dfen diese herrliche Szenerie nicht nur aus dem Autofenster, sondern hautnah beim Wandern und Camping. Dazu auch Einblicke in die Geschichte der Pioniere und Goldsucher vor nur 130 Jahren, die uralten Traditionen der K\u00fcstenindianer und immer die reiche Tierwelt in den riesigen Naturschutzgebieten.<\/p>\n<p>Diese Tour wird in verschiedenen Sprachen w\u00e4hrend der Saison angeboten<br \/>\n21.06. \u2013 12.07.2026 \u2013 Englisch + Deutsch<br \/>\n12.07. \u2013 02.08.2026 \u2013 Englisch + Franz\u00f6sisch<br \/>\n02.08. \u2013 23.08.2026 \u2013 Englisch + Deutsch<br \/>\n23.08. \u2013 13.09.2026 \u2013 Englisch + Franz\u00f6sisch<\/p>\n","protected":false},"excerpt":{"rendered":"<p>Wildes, raues Land, so wie man sich Kanada vorstellt. Bei dieser 22-Tage Campingreise zwischen Calgary und Whitehorse erleben Sie die..<\/p>\n","protected":false},"featured_media":27369,"comment_status":"open","ping_status":"closed","template":"","meta":{"_acf_changed":false,"_lmt_disableupdate":"no","_lmt_disable":""},"product_brand":[],"product_cat":[98,99,96,95,27,25],"product_tag":[],"class_list":{"0":"post-349","1":"product","2":"type-product","3":"status-publish","4":"has-post-thumbnail","6":"product_cat-entdecken-sie-alaska","7":"product_cat-entdecken-sie-yukon","8":"product_cat-ausfluge-nationalpark-kanada","9":"product_cat-wildnis-touren","10":"product_cat-wandertouren-yukon","11":"product_cat-abenteuer-rundreisen","12":"pa_departure-calgary-de","13":"pa_season-herbst","14":"pa_season-sommer","15":"pa_skill-level-anfaenger","17":"first","18":"instock","19":"virtual","20":"sold-individually","21":"taxable","22":"purchasable","23":"product-type-booking"},"booking_location":"","booking_location_type":"","booking_duration":22,"booking_duration_unit":"day","booking_buffer":0,"booking_cost":0,"booking_resources":[],"exclude_global_add_ons":false,"addons":[{"name":"Unterkunft","type":"multiple_choice","position":0,"required":true,"title_format":"heading","default":"","description_enable":false,"description":"","placeholder_enable":false,"placeholder":"","display":"select","restrictions_type":"any_text","adjust_price":false,"price":"","price_type":"flat_fee","restrictions":false,"min":"0","max":"0","options":[{"label":"1\/2 Doppelzimmer \/ Zelt - 1 Person","price":"4965","price_type":"quantity_based","image":0,"visibility":true},{"label":"Doppelzimmer \/ Zelt - 2 Personen","price":"9930","price_type":"quantity_based","image":0,"visibility":true},{"label":"Einzelzimmer \/ Zelt - 1 Person","price":"5530","price_type":"quantity_based","image":0,"visibility":true}],"id":1712033894}],"acf":[],"_links":{"self":[{"href":"https:\/\/www.rubyrange.com\/de\/wp-json\/wp\/v2\/product\/349","targetHints":{"allow":["GET"]}}],"collection":[{"href":"https:\/\/www.rubyrange.com\/de\/wp-json\/wp\/v2\/product"}],"about":[{"href":"https:\/\/www.rubyrange.com\/de\/wp-json\/wp\/v2\/types\/product"}],"replies":[{"embeddable":true,"href":"https:\/\/www.rubyrange.com\/de\/wp-json\/wp\/v2\/comments?post=349"}],"wp:featuredmedia":[{"embeddable":true,"href":"https:\/\/www.rubyrange.com\/de\/wp-json\/wp\/v2\/media\/27369"}],"wp:attachment":[{"href":"https:\/\/www.rubyrange.com\/de\/wp-json\/wp\/v2\/media?parent=349"}],"wp:term":[{"taxonomy":"product_brand","embeddable":true,"href":"https:\/\/www.rubyrange.com\/de\/wp-json\/wp\/v2\/product_brand?post=349"},{"taxonomy":"product_cat","embeddable":true,"href":"https:\/\/www.rubyrange.com\/de\/wp-json\/wp\/v2\/product_cat?post=349"},{"taxonomy":"product_tag","embeddable":true,"href":"https:\/\/www.rubyrange.com\/de\/wp-json\/wp\/v2\/product_tag?post=349"}],"curies":[{"name":"wp","href":"https:\/\/api.w.org\/{rel}","templated":true}]}}