{"id":350,"date":"2017-01-27T00:00:00","date_gmt":"2017-01-27T08:00:00","guid":{"rendered":"https:\/\/www.rubyrange.com\/?post_type=product&#038;p=350"},"modified":"2026-04-19T23:01:53","modified_gmt":"2026-04-20T06:01:53","slug":"kanuerlebnis-fuer-familien-nisutlin-river","status":"publish","type":"product","link":"https:\/\/www.rubyrange.com\/de\/tour\/kanuerlebnis-fuer-familien-nisutlin-river\/","title":{"rendered":"Kanuerlebnis f\u00fcr Familien &#8211; Nisutlin River"},"content":{"rendered":"<p>Der Nisutlin River ist ein sch\u00f6ner, einsamer Wildnisfluss, der sich ideal als Tour f\u00fcr Familien mit Kindern eignet. Wer einfach einmal ausprobieren m\u00f6chte, wie man die Yukon Wildnis mit dem Kanu erkundet und wer seine Kinder gerne auf einer leichten Flussreise mitnehmen m\u00f6chte, liegt hier genau richtig. Gut geeignet ist diese Tour auch als Bereicherung f\u00fcr eine gr\u00f6\u00dfere Westkanadareise. Der Flu\u00df hat keine technischen Schwierigkeiten und ist daher ideal f\u00fcr Anf\u00e4nger, und trotzdem ein echter Wildnisfluss. Mit etwas Gl\u00fcck kann man Elche, B\u00e4ren oder gar W\u00f6lfe beobachten und auch die Speisekarte beim Angeln um Polar\u00e4schen und Hechte erweitern. Der letzte Abschnitt wird durch die Nisutlin Bay auf dem des Teslin See bis zur Ortschaft Teslin gepaddelt.<\/p>\n","protected":false},"excerpt":{"rendered":"<p>Der Nisutlin River ist ein sch\u00f6ner, einsamer Wildnisfluss, der sich ideal als Tour f\u00fcr Familien mit Kindern eignet. Wer einfach..<\/p>\n","protected":false},"featured_media":26828,"comment_status":"open","ping_status":"closed","template":"","meta":{"_acf_changed":false,"_lmt_disableupdate":"no","_lmt_disable":""},"product_brand":[],"product_cat":[99,26,95,25],"product_tag":[],"class_list":{"0":"post-350","1":"product","2":"type-product","3":"status-publish","4":"has-post-thumbnail","6":"product_cat-entdecken-sie-yukon","7":"product_cat-kanutouren-yukon","8":"product_cat-wildnis-touren","9":"product_cat-abenteuer-rundreisen","10":"pa_departure-whitehorse-de","11":"pa_season-fruehling","12":"pa_season-sommer","13":"pa_skill-level-anfaenger","15":"first","16":"instock","17":"virtual","18":"sold-individually","19":"taxable","20":"purchasable","21":"product-type-booking"},"booking_location":"","booking_location_type":"","booking_duration":7,"booking_duration_unit":"day","booking_buffer":0,"booking_cost":0,"booking_resources":[],"exclude_global_add_ons":false,"addons":[{"name":"Unterkunft","type":"multiple_choice","position":0,"required":true,"title_format":"heading","default":"","description_enable":false,"description":"","placeholder_enable":false,"placeholder":"","display":"select","restrictions_type":"any_text","adjust_price":false,"price":"","price_type":"flat_fee","restrictions":false,"min":"0","max":"0","options":[{"label":"1\/2 Doppelzimmer \/ Zelt - 1 Person","price":"3175","price_type":"quantity_based","image":0,"visibility":true},{"label":"Doppelzimmer \/ Zelt - 2 Personen","price":"6050","price_type":"quantity_based","image":0,"visibility":true},{"label":"Einzelzimmer \/ Zelt - 1 Person","price":"3640","price_type":"quantity_based","image":0,"visibility":true}],"id":1715681789}],"acf":[],"_links":{"self":[{"href":"https:\/\/www.rubyrange.com\/de\/wp-json\/wp\/v2\/product\/350","targetHints":{"allow":["GET"]}}],"collection":[{"href":"https:\/\/www.rubyrange.com\/de\/wp-json\/wp\/v2\/product"}],"about":[{"href":"https:\/\/www.rubyrange.com\/de\/wp-json\/wp\/v2\/types\/product"}],"replies":[{"embeddable":true,"href":"https:\/\/www.rubyrange.com\/de\/wp-json\/wp\/v2\/comments?post=350"}],"wp:featuredmedia":[{"embeddable":true,"href":"https:\/\/www.rubyrange.com\/de\/wp-json\/wp\/v2\/media\/26828"}],"wp:attachment":[{"href":"https:\/\/www.rubyrange.com\/de\/wp-json\/wp\/v2\/media?parent=350"}],"wp:term":[{"taxonomy":"product_brand","embeddable":true,"href":"https:\/\/www.rubyrange.com\/de\/wp-json\/wp\/v2\/product_brand?post=350"},{"taxonomy":"product_cat","embeddable":true,"href":"https:\/\/www.rubyrange.com\/de\/wp-json\/wp\/v2\/product_cat?post=350"},{"taxonomy":"product_tag","embeddable":true,"href":"https:\/\/www.rubyrange.com\/de\/wp-json\/wp\/v2\/product_tag?post=350"}],"curies":[{"name":"wp","href":"https:\/\/api.w.org\/{rel}","templated":true}]}}