{"id":351,"date":"2017-01-27T00:00:00","date_gmt":"2017-01-27T08:00:00","guid":{"rendered":"https:\/\/www.rubyrange.com\/?post_type=product&#038;p=351"},"modified":"2025-09-19T15:52:03","modified_gmt":"2025-09-19T22:52:03","slug":"verborgene-fluesse-beaver-river","status":"publish","type":"product","link":"https:\/\/www.rubyrange.com\/de\/tour\/verborgene-fluesse-beaver-river\/","title":{"rendered":"Beaver River &#8211; Verborgene Fl\u00fcsse"},"content":{"rendered":"<p>Erleben Sie die unber\u00fchrte Wildnis mit atemberaubenden Tierbeobachtungen w\u00e4hrend wir den Beaver River paddeln auf unserer Jubil\u00e4ums-Kanutour.<br \/>\nWir starten diese Tour nach dem wir mit dem Wasserflugzeug und unserer Ausr\u00fcstung zu einem kleinen abgelegenen See einfliegen. Die Clarke Lakes und dessen unber\u00fchrte Schilfufer bieten uns schon die ganze Vielfalt des kanadischen Nordens. Elche bewohnen die Uferregionen und das klare Wasser zeigt zahlreiche Fische. In dieser Abgeschiedenheit k\u00f6nnen wir unsere Kanukenntnisse in den ersten Tagen vertiefen und gleichzeitig die atemberaubende Landschaft geniessen. Durch die zahlreichen Kan\u00e4le der Seen gelangen wir zum Beaver River, der uns die rauen Gipfel der Nadaleen Bergkette offenbart. Der Beaver River ist mit seinen anf\u00e4nglich schilfbewachsenen Flussbiegungen ein Juwel dieser Region. Mit steigender Flussgeschwindigkeit \u00e4ndert sich die Landschaft und der Stewart River zeigt sich durch Canyons, Stromschnellen und weite T\u00e4ler. In dieser beeindruckenden Abgelegenheit, dieser \u00fcberwaeltigenden Natur, entdecken wir in Ruhe die Vielfalt dieser Tierwelt: Elche, Bieber, auch W\u00f6lfe, Weisskopfseeadler, Schw\u00e4ne und Otter.<\/p>\n","protected":false},"excerpt":{"rendered":"<p>Erleben Sie die unber\u00fchrte Wildnis mit atemberaubenden Tierbeobachtungen w\u00e4hrend wir den Beaver River paddeln auf unserer Jubil\u00e4ums-Kanutour. Wir starten diese..<\/p>\n","protected":false},"featured_media":11096,"comment_status":"open","ping_status":"closed","template":"","meta":{"_acf_changed":false,"_lmt_disableupdate":"no","_lmt_disable":""},"product_brand":[],"product_cat":[99,26,95,25],"product_tag":[],"class_list":{"0":"post-351","1":"product","2":"type-product","3":"status-publish","4":"has-post-thumbnail","6":"product_cat-entdecken-sie-yukon","7":"product_cat-kanutouren-yukon","8":"product_cat-wildnis-touren","9":"product_cat-abenteuer-rundreisen","10":"pa_departure-whitehorse-de","11":"pa_season-sommer","12":"pa_skill-level-kein","14":"first","15":"instock","16":"virtual","17":"sold-individually","18":"taxable","19":"purchasable","20":"product-type-booking"},"booking_location":"","booking_location_type":"","booking_duration":15,"booking_duration_unit":"day","booking_buffer":0,"booking_cost":0,"booking_resources":[],"exclude_global_add_ons":false,"addons":[{"name":"Unterkunft","type":"multiple_choice","position":0,"required":true,"title_format":"heading","default":"","description_enable":false,"description":"","placeholder_enable":false,"placeholder":"","display":"select","restrictions_type":"any_text","adjust_price":false,"price":"","price_type":"flat_fee","restrictions":false,"min":"0","max":"0","options":[{"label":"1\/2 Doppelzimmer \/ Zelt - 1 Person","price":"5065","price_type":"quantity_based","image":0,"visibility":true},{"label":"Doppelzimmer \/ Zelt - 2 Personen","price":"10130","price_type":"quantity_based","image":0,"visibility":true},{"label":"Einzelzimmer \/ Zelt - 1 Person","price":"5530","price_type":"quantity_based","image":0,"visibility":true}],"id":1674462595}],"acf":[],"_links":{"self":[{"href":"https:\/\/www.rubyrange.com\/de\/wp-json\/wp\/v2\/product\/351","targetHints":{"allow":["GET"]}}],"collection":[{"href":"https:\/\/www.rubyrange.com\/de\/wp-json\/wp\/v2\/product"}],"about":[{"href":"https:\/\/www.rubyrange.com\/de\/wp-json\/wp\/v2\/types\/product"}],"replies":[{"embeddable":true,"href":"https:\/\/www.rubyrange.com\/de\/wp-json\/wp\/v2\/comments?post=351"}],"wp:featuredmedia":[{"embeddable":true,"href":"https:\/\/www.rubyrange.com\/de\/wp-json\/wp\/v2\/media\/11096"}],"wp:attachment":[{"href":"https:\/\/www.rubyrange.com\/de\/wp-json\/wp\/v2\/media?parent=351"}],"wp:term":[{"taxonomy":"product_brand","embeddable":true,"href":"https:\/\/www.rubyrange.com\/de\/wp-json\/wp\/v2\/product_brand?post=351"},{"taxonomy":"product_cat","embeddable":true,"href":"https:\/\/www.rubyrange.com\/de\/wp-json\/wp\/v2\/product_cat?post=351"},{"taxonomy":"product_tag","embeddable":true,"href":"https:\/\/www.rubyrange.com\/de\/wp-json\/wp\/v2\/product_tag?post=351"}],"curies":[{"name":"wp","href":"https:\/\/api.w.org\/{rel}","templated":true}]}}