{"id":352,"date":"2017-01-27T00:00:00","date_gmt":"2017-01-27T08:00:00","guid":{"rendered":"https:\/\/www.rubyrange.com\/?post_type=product&#038;p=352"},"modified":"2025-09-19T16:13:43","modified_gmt":"2025-09-19T23:13:43","slug":"majestatisches-patagonien-kanadas-trekking-tombstone-mountain","status":"publish","type":"product","link":"https:\/\/www.rubyrange.com\/de\/tour\/majestatisches-patagonien-kanadas-trekking-tombstone-mountain\/","title":{"rendered":"Majestatisches Patagonien Kanadas &#8211; Trekking Tombstone Mountain"},"content":{"rendered":"<p><span dir=\"ltr\" role=\"presentation\">Wandern Sie in einer der best geh\u00fctesten, geheimen Pl\u00e4tze des Nordens und entdecken Sie <\/span><span dir=\"ltr\" role=\"presentation\">endlose T\u00e4ler und ein atemberaubendes Gebirge \u2013 im Tombstone Territorial Park. <\/span><span dir=\"ltr\" role=\"presentation\">Der Tombstone Park ist ein Ort mit einer urspr\u00fcnglichen Landschaft, wo man die Sch\u00f6nheit ein<\/span><span dir=\"ltr\" role=\"presentation\">er n\u00f6rdlichen Gebirgs-Wildnis hautnah erleben kann. Wanderer und auch Fotografen werden <\/span><span dir=\"ltr\" role=\"presentation\">von der Tundra mit ihren spektakul\u00e4ren Ausblicken, aussergew\u00f6hnlichen Landschaftsformen <\/span><span dir=\"ltr\" role=\"presentation\">und schroffen Bergipfeln begeistert sein. Tierbeobachter werden von einer Artenvielfalt be<\/span><span dir=\"ltr\" role=\"presentation\">lohnt, die auch gro\u00dfe S\u00e4ugetiere und eine riesige Anzahl von V\u00f6geln beinhaltet. <\/span><span dir=\"ltr\" role=\"presentation\">Wir werden Tage dort verbringen, um diese spektakul\u00e4re Sch\u00f6nheit dieses majest\u00e4tischen Ge<\/span><span dir=\"ltr\" role=\"presentation\">birges zu erforschen. Ausgehend von unserem Basis Camp wandern wir auf Gebirgsk\u00e4mmen <\/span><span dir=\"ltr\" role=\"presentation\">und durch T\u00e4ler zu den Talus Lakes, Divide Lake und Tombstone Mountain. Am n\u00f6rdlichsten <\/span><span dir=\"ltr\" role=\"presentation\">Ende des Tombstone Gebietes geht die Natur bereits in die arktische Tundra \u00fcber, welche <\/span><span dir=\"ltr\" role=\"presentation\">eigentlich erst viele Kilometer weiter n\u00f6rdlich beginnt.<\/span><\/p>\n<p><br role=\"presentation\" \/><span dir=\"ltr\" role=\"presentation\">Sp\u00e4t im August zeigen sich die Tombstone Mountains von ihrer sch\u00f6nsten Seite, mit Farben <\/span><span dir=\"ltr\" role=\"presentation\">wie aus einer Malerpalette: alles f\u00e4rbt sich gr\u00fcn, gelb, orange und tiefrot. Von vielen wird das <\/span><span dir=\"ltr\" role=\"presentation\">Tombstone Tal als das landschaftlich sch\u00f6nste Gebiet des Yukons bezeichnet und Sie besitzen <\/span><span dir=\"ltr\" role=\"presentation\">das Geheimrezept f\u00fcr fantastische Wanderungen, endlose Bilder und die Erkundung dieser <\/span><span dir=\"ltr\" role=\"presentation\">einzigartigen Wildnis. Dieses Abenteuer ist eine echte Rucksacktour in der Wildnis, welches <\/span><span dir=\"ltr\" role=\"presentation\">Ihre Erwartungen bez\u00fcglich Yukons einzigartiger Gebirgswelt \u00fcbertreffen d\u00fcrfte.<\/span><\/p>\n","protected":false},"excerpt":{"rendered":"<p>Wandern Sie in einer der best geh\u00fctesten, geheimen Pl\u00e4tze des Nordens und entdecken Sie endlose T\u00e4ler und ein atemberaubendes Gebirge..<\/p>\n","protected":false},"featured_media":10754,"comment_status":"open","ping_status":"closed","template":"","meta":{"_acf_changed":false,"_lmt_disableupdate":"no","_lmt_disable":""},"product_brand":[],"product_cat":[99,96,95,27,25],"product_tag":[],"class_list":{"0":"post-352","1":"product","2":"type-product","3":"status-publish","4":"has-post-thumbnail","6":"product_cat-entdecken-sie-yukon","7":"product_cat-ausfluge-nationalpark-kanada","8":"product_cat-wildnis-touren","9":"product_cat-wandertouren-yukon","10":"product_cat-abenteuer-rundreisen","11":"pa_departure-dawson-city-de","12":"pa_season-sommer","13":"pa_skill-level-experte","15":"first","16":"instock","17":"virtual","18":"sold-individually","19":"taxable","20":"purchasable","21":"product-type-booking"},"booking_location":"","booking_location_type":"","booking_duration":8,"booking_duration_unit":"day","booking_buffer":0,"booking_cost":0,"booking_resources":[],"exclude_global_add_ons":false,"addons":[{"name":"Unterkunft","type":"multiple_choice","position":0,"required":true,"title_format":"heading","default":"","description_enable":false,"description":"","placeholder_enable":false,"placeholder":"","display":"select","restrictions_type":"any_text","adjust_price":false,"price":"","price_type":"flat_fee","restrictions":false,"min":"0","max":"0","options":[{"label":"1\/2 Doppelzimmer \/ Zelt - 1 Person","price":"2805","price_type":"quantity_based","image":0,"visibility":true},{"label":"Doppelzimmer \/ -Zelt - 2 Personen","price":"5610","price_type":"quantity_based","image":0,"visibility":true},{"label":"Einzelzimmer \/ -Zelt - 1 Person","price":"3270","price_type":"quantity_based","image":0,"visibility":true}],"id":1709596575}],"acf":[],"_links":{"self":[{"href":"https:\/\/www.rubyrange.com\/de\/wp-json\/wp\/v2\/product\/352","targetHints":{"allow":["GET"]}}],"collection":[{"href":"https:\/\/www.rubyrange.com\/de\/wp-json\/wp\/v2\/product"}],"about":[{"href":"https:\/\/www.rubyrange.com\/de\/wp-json\/wp\/v2\/types\/product"}],"replies":[{"embeddable":true,"href":"https:\/\/www.rubyrange.com\/de\/wp-json\/wp\/v2\/comments?post=352"}],"wp:featuredmedia":[{"embeddable":true,"href":"https:\/\/www.rubyrange.com\/de\/wp-json\/wp\/v2\/media\/10754"}],"wp:attachment":[{"href":"https:\/\/www.rubyrange.com\/de\/wp-json\/wp\/v2\/media?parent=352"}],"wp:term":[{"taxonomy":"product_brand","embeddable":true,"href":"https:\/\/www.rubyrange.com\/de\/wp-json\/wp\/v2\/product_brand?post=352"},{"taxonomy":"product_cat","embeddable":true,"href":"https:\/\/www.rubyrange.com\/de\/wp-json\/wp\/v2\/product_cat?post=352"},{"taxonomy":"product_tag","embeddable":true,"href":"https:\/\/www.rubyrange.com\/de\/wp-json\/wp\/v2\/product_tag?post=352"}],"curies":[{"name":"wp","href":"https:\/\/api.w.org\/{rel}","templated":true}]}}