{"id":353,"date":"2017-01-27T00:00:00","date_gmt":"2017-01-27T08:00:00","guid":{"rendered":"https:\/\/www.rubyrange.com\/?post_type=product&#038;p=353"},"modified":"2025-09-12T04:53:18","modified_gmt":"2025-09-12T11:53:18","slug":"die-besten-wildwasserfluesse-im-yukon","status":"publish","type":"product","link":"https:\/\/www.rubyrange.com\/de\/tour\/die-besten-wildwasserfluesse-im-yukon\/","title":{"rendered":"Die besten Wildwasserfl\u00fcsse im Yukon"},"content":{"rendered":"<p>Tr\u00e4umen auch Sie davon, einmal auf den besten Fl\u00fcssen Yukons zu paddeln? F\u00fchlen Sie sich am wohlsten im Wildwasser? Oder m\u00f6chten Sie Ihre Kanukenntnisse verbessern? Wir bieten Ihnen diese Paddeltour auf drei der sch\u00f6nsten Wildwasserfl\u00fcsse im Yukon \u2013 und das alles in einer Woche. Lassen Sie sich diese Gelegenheit nicht entgehen \u2013 Yukons aufregendste und sch\u00f6nste Fl\u00fcsse erwarten Sie f\u00fcr ein Abenteuer, das Sie nicht vergessen werden!<\/p>\n<p>Wir sind stolz darauf, Ihnen dieses einmalige Abenteuer auf diesen drei angesehenen Fl\u00fcssen anbieten zu k\u00f6nnen. Yukons beste Kanuguides f\u00fchren Sie durch die besten Wildwasserstellen, die der Norden zu bieten hat.<br \/>\nIhr Apetit nach Abenteuer wird nach einer Woche auf diesen Fl\u00fcssen gestillt sein und Sie werden eine Menge neuerlerntes Paddelwissen mit nach Hause nehmen, f\u00fcr ihre n\u00e4chsten Fluss-Abenteuer.<\/p>\n","protected":false},"excerpt":{"rendered":"<p>Tr\u00e4umen auch Sie davon, einmal auf den besten Fl\u00fcssen Yukons zu paddeln? F\u00fchlen Sie sich am wohlsten im Wildwasser? Oder..<\/p>\n","protected":false},"featured_media":4928,"comment_status":"open","ping_status":"closed","template":"","meta":{"_acf_changed":false,"_lmt_disableupdate":"no","_lmt_disable":""},"product_brand":[],"product_cat":[99,26,95,25],"product_tag":[],"class_list":{"0":"post-353","1":"product","2":"type-product","3":"status-publish","4":"has-post-thumbnail","6":"product_cat-entdecken-sie-yukon","7":"product_cat-kanutouren-yukon","8":"product_cat-wildnis-touren","9":"product_cat-abenteuer-rundreisen","10":"pa_departure-whitehorse-de","11":"pa_season-sommer","12":"pa_skill-level-kein","14":"first","15":"instock","16":"virtual","17":"sold-individually","18":"taxable","19":"purchasable","20":"product-type-booking"},"booking_location":"","booking_location_type":"","booking_duration":7,"booking_duration_unit":"day","booking_buffer":0,"booking_cost":0,"booking_resources":[],"exclude_global_add_ons":false,"addons":[{"name":"Unterkunft","type":"multiple_choice","position":0,"required":false,"title_format":"heading","default":"","description_enable":false,"description":"","placeholder_enable":false,"placeholder":"","display":"select","restrictions_type":"any_text","adjust_price":false,"price":"","price_type":"flat_fee","restrictions":false,"min":"0","max":"0","options":[{"label":"1\/2 Doppelzimmer \/ Zelt - 1 Person","price":"3495","price_type":"quantity_based","image":0,"visibility":true},{"label":"Doppelzimmer \/ Zelt - 2 Personen","price":"6990","price_type":"quantity_based","image":0,"visibility":true},{"label":"Einzelzimmer \/ Zelt - 1 Person","price":"3960","price_type":"quantity_based","image":0,"visibility":true}],"id":1680711043}],"acf":[],"_links":{"self":[{"href":"https:\/\/www.rubyrange.com\/de\/wp-json\/wp\/v2\/product\/353","targetHints":{"allow":["GET"]}}],"collection":[{"href":"https:\/\/www.rubyrange.com\/de\/wp-json\/wp\/v2\/product"}],"about":[{"href":"https:\/\/www.rubyrange.com\/de\/wp-json\/wp\/v2\/types\/product"}],"replies":[{"embeddable":true,"href":"https:\/\/www.rubyrange.com\/de\/wp-json\/wp\/v2\/comments?post=353"}],"wp:featuredmedia":[{"embeddable":true,"href":"https:\/\/www.rubyrange.com\/de\/wp-json\/wp\/v2\/media\/4928"}],"wp:attachment":[{"href":"https:\/\/www.rubyrange.com\/de\/wp-json\/wp\/v2\/media?parent=353"}],"wp:term":[{"taxonomy":"product_brand","embeddable":true,"href":"https:\/\/www.rubyrange.com\/de\/wp-json\/wp\/v2\/product_brand?post=353"},{"taxonomy":"product_cat","embeddable":true,"href":"https:\/\/www.rubyrange.com\/de\/wp-json\/wp\/v2\/product_cat?post=353"},{"taxonomy":"product_tag","embeddable":true,"href":"https:\/\/www.rubyrange.com\/de\/wp-json\/wp\/v2\/product_tag?post=353"}],"curies":[{"name":"wp","href":"https:\/\/api.w.org\/{rel}","templated":true}]}}