{"id":354,"date":"2017-01-27T00:00:00","date_gmt":"2017-01-27T08:00:00","guid":{"rendered":"https:\/\/www.rubyrange.com\/?post_type=product&#038;p=354"},"modified":"2026-04-09T03:26:07","modified_gmt":"2026-04-09T10:26:07","slug":"best-of-yukon-alaska-hotel-rundreise-abbis-anchorage","status":"publish","type":"product","link":"https:\/\/www.rubyrange.com\/de\/tour\/best-of-yukon-alaska-hotel-rundreise-abbis-anchorage\/","title":{"rendered":"Best of Yukon &#038; Alaska &#8211; Hotel-Rundreise ab\/bis Anchorage"},"content":{"rendered":"<p>W\u00e4hrend dieser Hotel \u2013 Rundreise bereisen Sie einige der spektakul\u00e4rsten Landschaften und Nationalparks, die Alaska und der Yukon zu bieten haben. Folgen Sie auf dieser 15-t\u00e4gigen Tour auch den Spuren der alten Goldgr\u00e4ber und Abenteurer. Hier im hohen Norden des amerikanischen Kontinents werden Sie eine gewaltige Natur mit Gletschern und imposanten Bergmassiven erleben. Bewundern Sie ebenso die vielf\u00e4ltige Tierwelt im einmaligen Land der Mitternachtssonne und der Nordlichter!<\/p>\n<p>(Um sich die im Yukon beginnende Best-Of-Tour anzusehen, die in Whitehorse startet und endet, <a href=\"https:\/\/www.rubyrange.com\/shop\/komfort-reisen\/hotelreisen\/best-of-yukon-alaska-hotel-rundreise-abbis-whitehorse\/?lang=de\">klicken sie hier<\/a>.)<\/p>\n","protected":false},"excerpt":{"rendered":"<p>W\u00e4hrend dieser Hotel \u2013 Rundreise bereisen Sie einige der spektakul\u00e4rsten Landschaften und Nationalparks, die Alaska und der Yukon zu bieten..<\/p>\n","protected":false},"featured_media":10884,"comment_status":"open","ping_status":"closed","template":"","meta":{"_acf_changed":false,"_lmt_disableupdate":"no","_lmt_disable":""},"product_brand":[],"product_cat":[97,157,98,99,96,33],"product_tag":[],"class_list":{"0":"post-354","1":"product","2":"type-product","3":"status-publish","4":"has-post-thumbnail","6":"product_cat-bustouren-fur-senioren","7":"product_cat-comfort-tours-de","8":"product_cat-entdecken-sie-alaska","9":"product_cat-entdecken-sie-yukon","10":"product_cat-ausfluge-nationalpark-kanada","11":"product_cat-sightseeing-touren","12":"pa_departure-anchorage","13":"pa_season-herbst","14":"pa_season-sommer","15":"pa_skill-level-kein","17":"first","18":"instock","19":"virtual","20":"sold-individually","21":"taxable","22":"purchasable","23":"product-type-booking"},"booking_location":"","booking_location_type":"","booking_duration":15,"booking_duration_unit":"day","booking_buffer":0,"booking_cost":0,"booking_resources":[],"exclude_global_add_ons":false,"addons":[{"name":"Unterkunft","type":"multiple_choice","position":0,"required":true,"title_format":"heading","default":"","description_enable":false,"description":"","placeholder_enable":false,"placeholder":"","display":"select","restrictions_type":"any_text","adjust_price":false,"price":"","price_type":"flat_fee","restrictions":false,"min":"0","max":"0","options":[{"label":"Doppelzimmer - 2 Personen","price":"12630","price_type":"quantity_based","image":0,"visibility":true},{"label":"Einzelzimmer - 1 Person","price":"8920","price_type":"quantity_based","image":0,"visibility":true},{"label":"Dreibettzimmer - 3 Personen","price":"17235","price_type":"quantity_based","image":0,"visibility":true}],"id":1706500497}],"acf":[],"_links":{"self":[{"href":"https:\/\/www.rubyrange.com\/de\/wp-json\/wp\/v2\/product\/354","targetHints":{"allow":["GET"]}}],"collection":[{"href":"https:\/\/www.rubyrange.com\/de\/wp-json\/wp\/v2\/product"}],"about":[{"href":"https:\/\/www.rubyrange.com\/de\/wp-json\/wp\/v2\/types\/product"}],"replies":[{"embeddable":true,"href":"https:\/\/www.rubyrange.com\/de\/wp-json\/wp\/v2\/comments?post=354"}],"wp:featuredmedia":[{"embeddable":true,"href":"https:\/\/www.rubyrange.com\/de\/wp-json\/wp\/v2\/media\/10884"}],"wp:attachment":[{"href":"https:\/\/www.rubyrange.com\/de\/wp-json\/wp\/v2\/media?parent=354"}],"wp:term":[{"taxonomy":"product_brand","embeddable":true,"href":"https:\/\/www.rubyrange.com\/de\/wp-json\/wp\/v2\/product_brand?post=354"},{"taxonomy":"product_cat","embeddable":true,"href":"https:\/\/www.rubyrange.com\/de\/wp-json\/wp\/v2\/product_cat?post=354"},{"taxonomy":"product_tag","embeddable":true,"href":"https:\/\/www.rubyrange.com\/de\/wp-json\/wp\/v2\/product_tag?post=354"}],"curies":[{"name":"wp","href":"https:\/\/api.w.org\/{rel}","templated":true}]}}