{"id":358,"date":"2017-01-29T00:00:00","date_gmt":"2017-01-29T08:00:00","guid":{"rendered":"https:\/\/www.rubyrange.com\/?post_type=product&#038;p=358"},"modified":"2026-04-19T22:47:56","modified_gmt":"2026-04-20T05:47:56","slug":"alaska-yukon-explorer-hotel-wanderreise","status":"publish","type":"product","link":"https:\/\/www.rubyrange.com\/de\/tour\/alaska-yukon-explorer-hotel-wanderreise\/","title":{"rendered":"Alaska &#038; Yukon Explorer &#8211; Hotel-Wanderreise"},"content":{"rendered":"<p>W\u00e4hrend dieser Hotel-Wanderreise erleben und erwandern Sie einige der spektakul\u00e4rsten Landschaften und Nationalparks, die Alaska und Kanadas Yukon zu bieten haben.<\/p>\n<p>Folgen Sie auf dieser 15-t\u00e4gigen Tour aber auch den Spuren der alten Goldgr\u00e4ber und Abenteurer. Hier im hohen Norden des amerikanischen Kontinents erleben Sie eine gewaltige Natur mit Gletschern und imposanten Bergmassiven. Streifen Sie mit Ihrem Reiseleiter durch die Wildnis, in der auch heute noch B\u00e4ren, W\u00f6lfe und Karibus zuhause sind. In kleinen Gruppen wandern Sie durch den Denali Nationalpark, der wohl aufregendsten Wildnislandschaft Amerikas. Nur zu Fu\u00df sp\u00fcren Sie die Faszination der Wildnis, begegnen Sie den Tieren des Nordens und nur zu Fu\u00df erfahren Sie die unendliche Weite und herbe Sch\u00f6nheit des Yukon und Alaskas. Kommen Sie ins Land der Mitternachtssonne und der Nordlichter!<\/p>\n<p><span class=\"tlid-translation translation\" lang=\"de\"><span class=\"\" title=\"\">(Um unsere Yukon-Version dieser Tour zu sehen, die in Whitehorse beginnt und in Anchorage endet, sehen Sie sich unsere Alaska und Yukon Explorer Tour an und <a href=\"https:\/\/www.rubyrange.com\/de\/tour\/yukon-alaska-explorer\/\" target=\"_blank\" rel=\"noopener noreferrer\">klicken Sie hier<\/a>)<\/span><\/span><\/p>\n","protected":false},"excerpt":{"rendered":"<p>W\u00e4hrend dieser Hotel-Wanderreise erleben und erwandern Sie einige der spektakul\u00e4rsten Landschaften und Nationalparks, die Alaska und Kanadas Yukon zu bieten..<\/p>\n","protected":false},"featured_media":25896,"comment_status":"closed","ping_status":"closed","template":"","meta":{"_acf_changed":false,"_lmt_disableupdate":"no","_lmt_disable":""},"product_brand":[],"product_cat":[157,98,99,96,33,27,25],"product_tag":[],"class_list":{"0":"post-358","1":"product","2":"type-product","3":"status-publish","4":"has-post-thumbnail","6":"product_cat-comfort-tours-de","7":"product_cat-entdecken-sie-alaska","8":"product_cat-entdecken-sie-yukon","9":"product_cat-ausfluge-nationalpark-kanada","10":"product_cat-sightseeing-touren","11":"product_cat-wandertouren-yukon","12":"product_cat-abenteuer-rundreisen","13":"pa_departure-anchorage","14":"pa_season-herbst","15":"pa_season-sommer","16":"pa_skill-level-fortgeschritten","18":"first","19":"instock","20":"virtual","21":"sold-individually","22":"taxable","23":"purchasable","24":"product-type-booking"},"booking_location":"","booking_location_type":"","booking_duration":15,"booking_duration_unit":"day","booking_buffer":0,"booking_cost":0,"booking_resources":[],"exclude_global_add_ons":false,"addons":[{"name":"Unterkunft","type":"multiple_choice","position":0,"required":true,"title_format":"heading","default":"","description_enable":false,"description":"","placeholder_enable":false,"placeholder":"","display":"select","restrictions_type":"any_text","adjust_price":false,"price":"","price_type":"flat_fee","restrictions":false,"min":"0","max":"0","options":[{"label":"Doppelzimmer - 2 Personen","price":"11980","price_type":"quantity_based","image":0,"visibility":true},{"label":"Einzelzimmer - 1 Person","price":"8595","price_type":"quantity_based","image":0,"visibility":true},{"label":"Dreibettzimmer - 3 Personen","price":"16335","price_type":"quantity_based","image":0,"visibility":true}],"id":1708917808}],"acf":[],"_links":{"self":[{"href":"https:\/\/www.rubyrange.com\/de\/wp-json\/wp\/v2\/product\/358","targetHints":{"allow":["GET"]}}],"collection":[{"href":"https:\/\/www.rubyrange.com\/de\/wp-json\/wp\/v2\/product"}],"about":[{"href":"https:\/\/www.rubyrange.com\/de\/wp-json\/wp\/v2\/types\/product"}],"replies":[{"embeddable":true,"href":"https:\/\/www.rubyrange.com\/de\/wp-json\/wp\/v2\/comments?post=358"}],"wp:featuredmedia":[{"embeddable":true,"href":"https:\/\/www.rubyrange.com\/de\/wp-json\/wp\/v2\/media\/25896"}],"wp:attachment":[{"href":"https:\/\/www.rubyrange.com\/de\/wp-json\/wp\/v2\/media?parent=358"}],"wp:term":[{"taxonomy":"product_brand","embeddable":true,"href":"https:\/\/www.rubyrange.com\/de\/wp-json\/wp\/v2\/product_brand?post=358"},{"taxonomy":"product_cat","embeddable":true,"href":"https:\/\/www.rubyrange.com\/de\/wp-json\/wp\/v2\/product_cat?post=358"},{"taxonomy":"product_tag","embeddable":true,"href":"https:\/\/www.rubyrange.com\/de\/wp-json\/wp\/v2\/product_tag?post=358"}],"curies":[{"name":"wp","href":"https:\/\/api.w.org\/{rel}","templated":true}]}}