{"id":51864,"date":"2023-07-19T18:40:37","date_gmt":"2023-07-20T01:40:37","guid":{"rendered":"https:\/\/www.rubyrange.com\/?post_type=product&#038;p=51864"},"modified":"2026-04-19T22:44:26","modified_gmt":"2026-04-20T05:44:26","slug":"traumstrassen-alaska-yukon-hotel-reise","status":"publish","type":"product","link":"https:\/\/www.rubyrange.com\/de\/tour\/traumstrassen-alaska-yukon-hotel-reise\/","title":{"rendered":"Traumstrassen Alaska &#038; Yukon | Hotel-Reise"},"content":{"rendered":"<p>W\u00e4hrend dieser Hotel-Reise erleben Sie einige der spektakul\u00e4rsten Landschaften und Nationalparks, die Alaska und der Yukon zu bieten haben. Folgen Sie auf dieser 16-t\u00e4gigen Tour auch den Spuren der alten Goldgr\u00e4ber und Abenteurer.<\/p>\n<p>Hier im hohen Norden des amerikanischen Kontinents werden Sie eine gewaltige Natur mit Gletschern und imposanten Bergmassiven erleben. Bewundern Sie ebenso die vielf\u00e4ltige Tierwelt im einmaligen Land der Mitternachtssonne und der Nordlichter!<\/p>\n<p>Mit der F\u00e4hre geht es von Skagway ein kurzes St\u00fcck \u00fcber die Inside Passage nach Haines. Atemberaubende Berglandschaften und die Haines Road nach Haines Junction versprechen unvergessliche Naturmomente. Von Haines Junction aus lohnt ein Rundflug \u00fcber die Gletscherwelt des Kluane Nationalpark.<\/p>\n","protected":false},"excerpt":{"rendered":"<p>W\u00e4hrend dieser Hotel-Reise erleben Sie einige der spektakul\u00e4rsten Landschaften und Nationalparks, die Alaska und der Yukon zu bieten haben. Folgen..<\/p>\n","protected":false},"featured_media":29565,"comment_status":"open","ping_status":"closed","template":"","meta":{"_acf_changed":false,"_lmt_disableupdate":"no","_lmt_disable":""},"product_brand":[],"product_cat":[33,97,157,98,99,96],"product_tag":[],"class_list":{"0":"post-51864","1":"product","2":"type-product","3":"status-publish","4":"has-post-thumbnail","6":"product_cat-sightseeing-touren","7":"product_cat-bustouren-fur-senioren","8":"product_cat-comfort-tours-de","9":"product_cat-entdecken-sie-alaska","10":"product_cat-entdecken-sie-yukon","11":"product_cat-ausfluge-nationalpark-kanada","12":"pa_departure-anchorage","13":"pa_season-fruehling","14":"pa_season-sommer","15":"pa_skill-level-kein","17":"first","18":"instock","19":"virtual","20":"sold-individually","21":"taxable","22":"purchasable","23":"product-type-booking"},"booking_location":"","booking_location_type":"","booking_duration":16,"booking_duration_unit":"day","booking_buffer":0,"booking_cost":0,"booking_resources":[],"exclude_global_add_ons":false,"addons":[{"name":"Accomodation Type","type":"multiple_choice","position":0,"required":true,"title_format":"heading","default":"","description_enable":false,"description":"","placeholder_enable":false,"placeholder":"","display":"select","restrictions_type":"any_text","adjust_price":false,"price":"","price_type":"flat_fee","restrictions":false,"min":"0","max":"0","options":[{"label":"Doppel-Zimmer - 2 person","price":"12970","price_type":"quantity_based","image":0,"visibility":true},{"label":"Einzel-Zimmer - 1 person","price":"9155","price_type":"quantity_based","image":0,"visibility":true},{"label":"Dreifach-Zimmer - 3 person","price":"17685","price_type":"quantity_based","image":0,"visibility":true}],"id":1714961494}],"acf":[],"_links":{"self":[{"href":"https:\/\/www.rubyrange.com\/de\/wp-json\/wp\/v2\/product\/51864","targetHints":{"allow":["GET"]}}],"collection":[{"href":"https:\/\/www.rubyrange.com\/de\/wp-json\/wp\/v2\/product"}],"about":[{"href":"https:\/\/www.rubyrange.com\/de\/wp-json\/wp\/v2\/types\/product"}],"replies":[{"embeddable":true,"href":"https:\/\/www.rubyrange.com\/de\/wp-json\/wp\/v2\/comments?post=51864"}],"wp:featuredmedia":[{"embeddable":true,"href":"https:\/\/www.rubyrange.com\/de\/wp-json\/wp\/v2\/media\/29565"}],"wp:attachment":[{"href":"https:\/\/www.rubyrange.com\/de\/wp-json\/wp\/v2\/media?parent=51864"}],"wp:term":[{"taxonomy":"product_brand","embeddable":true,"href":"https:\/\/www.rubyrange.com\/de\/wp-json\/wp\/v2\/product_brand?post=51864"},{"taxonomy":"product_cat","embeddable":true,"href":"https:\/\/www.rubyrange.com\/de\/wp-json\/wp\/v2\/product_cat?post=51864"},{"taxonomy":"product_tag","embeddable":true,"href":"https:\/\/www.rubyrange.com\/de\/wp-json\/wp\/v2\/product_tag?post=51864"}],"curies":[{"name":"wp","href":"https:\/\/api.w.org\/{rel}","templated":true}]}}