{"id":55615,"date":"2023-09-26T17:36:04","date_gmt":"2023-09-27T00:36:04","guid":{"rendered":"https:\/\/www.rubyrange.com\/?post_type=product&#038;p=55615"},"modified":"2026-01-30T01:48:30","modified_gmt":"2026-01-30T08:48:30","slug":"alyeska","status":"publish","type":"product","link":"https:\/\/www.rubyrange.com\/de\/tour\/alyeska\/","title":{"rendered":"Alyeska &#8211; Der Ruf der Wildnis"},"content":{"rendered":"<p>\u201eDer Ruf der Wildnis\u201c \u2013 schon der Abenteurer Jack London wusste auf fesselnde Weise zu beschreiben, dass man den \u201eRuf\u201c, die magische Anziehungskraft unber\u00fchrter Natur, nirgendwo so intensiv versp\u00fcrt wie in Kanadas Yukon und in Alaska! Maximal neun Teilnehmer treten diese Reise von Whitehorse nach Anchorage im Kleinbus an. Unter fachkundiger \u00f6rtlicher Touren Leitung geht es durch die Zeit des Goldrausches und mitten hinein in die Wildnis einer unglaublichen Landschaft.<\/p>\n<p>Diverse Wildnis-Schotterpisten sind auf dieser Route durch das Nordland zu meistern. Und nur per Motorboot geht es zur Ruby Range Lodge am Ufer des Talbot Arms, einem fjord\u00e4hnlichen Seitenarm des riesigen Kluane Lakes. Ein eigenes Blockhaus am See und das Lagerfeuer am Ufer \u2013 Yukon-Style!<\/p>\n<p>Tierbeobachtungen und Wanderungen pr\u00e4gen die Tour \u2013 genau wie der Flug \u00fcber die Polarkreistundra oder die Fahrt auf dem Dempster Highway. Der Denali National Park ist ein weiterer H\u00f6hepunkt. Der Weg ist nicht allt\u00e4glich \u2013 er ist keine \u201eAutobahn\u201c. Fahrten \u00fcber einsame, unbefestigte Wildnis Strecken machen das Fortkommen oft langwieriger und holpriger \u2013 aber daf\u00fcr auch umso erlebnisreicher! In Inuvik besteht die M\u00f6glichkeit zu einem Ausflug nach Tuktoyaktuk, um das kleine Inuit-Dorf an der Polarmeerk\u00fcste zu erkunden (optional). Mit dem Flugzeug dann weiter nach Dawson City: Goldwaschen, Casino und Cancan-Tanz. Der Top-of-the-World Highway f\u00fchrt \u00fcber einsame H\u00f6hen nach Alaska, wo Mount Denali und schlie\u00dflich Anchorage warten.<\/p>\n","protected":false},"excerpt":{"rendered":"<p>\u201eDer Ruf der Wildnis\u201c \u2013 schon der Abenteurer Jack London wusste auf fesselnde Weise zu beschreiben, dass man den \u201eRuf\u201c,..<\/p>\n","protected":false},"featured_media":56126,"comment_status":"open","ping_status":"closed","template":"","meta":{"_acf_changed":false,"_lmt_disableupdate":"no","_lmt_disable":""},"product_brand":[],"product_cat":[33,157,98,99,96],"product_tag":[],"class_list":{"0":"post-55615","1":"product","2":"type-product","3":"status-publish","4":"has-post-thumbnail","6":"product_cat-sightseeing-touren","7":"product_cat-comfort-tours-de","8":"product_cat-entdecken-sie-alaska","9":"product_cat-entdecken-sie-yukon","10":"product_cat-ausfluge-nationalpark-kanada","11":"pa_departure-whitehorse-de","12":"pa_season-sommer","13":"pa_skill-level-kein","15":"first","16":"instock","17":"featured","18":"virtual","19":"sold-individually","20":"taxable","21":"purchasable","22":"product-type-booking"},"booking_location":"","booking_location_type":"","booking_duration":19,"booking_duration_unit":"day","booking_buffer":0,"booking_cost":0,"booking_resources":[],"exclude_global_add_ons":false,"addons":[{"name":"Unterkuenfte","type":"multiple_choice","position":0,"required":true,"title_format":"heading","default":"","description_enable":false,"description":"","placeholder_enable":false,"placeholder":"","display":"select","restrictions_type":"any_text","adjust_price":false,"price":"","price_type":"flat_fee","restrictions":false,"min":"0","max":"0","options":[{"label":"Doppelzimmer - 2 Personen","price":"20610","price_type":"quantity_based","image":0,"visibility":true},{"label":"Einzelzimmer - 1 Person","price":"12820","price_type":"quantity_based","image":0,"visibility":true}],"id":1715683575}],"acf":[],"_links":{"self":[{"href":"https:\/\/www.rubyrange.com\/de\/wp-json\/wp\/v2\/product\/55615","targetHints":{"allow":["GET"]}}],"collection":[{"href":"https:\/\/www.rubyrange.com\/de\/wp-json\/wp\/v2\/product"}],"about":[{"href":"https:\/\/www.rubyrange.com\/de\/wp-json\/wp\/v2\/types\/product"}],"replies":[{"embeddable":true,"href":"https:\/\/www.rubyrange.com\/de\/wp-json\/wp\/v2\/comments?post=55615"}],"wp:featuredmedia":[{"embeddable":true,"href":"https:\/\/www.rubyrange.com\/de\/wp-json\/wp\/v2\/media\/56126"}],"wp:attachment":[{"href":"https:\/\/www.rubyrange.com\/de\/wp-json\/wp\/v2\/media?parent=55615"}],"wp:term":[{"taxonomy":"product_brand","embeddable":true,"href":"https:\/\/www.rubyrange.com\/de\/wp-json\/wp\/v2\/product_brand?post=55615"},{"taxonomy":"product_cat","embeddable":true,"href":"https:\/\/www.rubyrange.com\/de\/wp-json\/wp\/v2\/product_cat?post=55615"},{"taxonomy":"product_tag","embeddable":true,"href":"https:\/\/www.rubyrange.com\/de\/wp-json\/wp\/v2\/product_tag?post=55615"}],"curies":[{"name":"wp","href":"https:\/\/api.w.org\/{rel}","templated":true}]}}