{"id":65278,"date":"2025-09-23T05:53:17","date_gmt":"2025-09-23T12:53:17","guid":{"rendered":"https:\/\/www.rubyrange.com\/?post_type=product&#038;p=65278"},"modified":"2025-10-01T06:28:04","modified_gmt":"2025-10-01T13:28:04","slug":"best-of-yukon-alaska-hotel-rundreise-ab-bis-whitehorse-copy","status":"publish","type":"product","link":"https:\/\/www.rubyrange.com\/de\/tour\/best-of-yukon-alaska-hotel-rundreise-ab-bis-whitehorse-copy\/","title":{"rendered":"Canadian Wilderness Highways"},"content":{"rendered":"<p>Diese begleitete Reise f\u00fchrt Sie w\u00e4hrend 15 Tagen durch einige der eindr\u00fccklichsten Landschaften Nordamerikas. Von majest\u00e4tischen Bergen und dichten W\u00e4ldern zu einzigartigen Wildtierbegegnungen und kulturhistorischen Denkm\u00e4lern &#8211; dieses Abenteuer l\u00e4sst Sie tief in die wilde Sch\u00f6nheit des Yukon und des Nordens von Britisch Kolumbien eintauchen.<\/p>\n<p>Gerade die Terminwahl dieser Reise in der sogenannten \u201eNebensaison\u201c ist besonders hervorzuheben: Unter Insidern war es eine lange Zeit ein gut geh\u00fctetes Geheimnis, dass der zeitige Termin im Fr\u00fchjahr au\u00dferordentlich gute Aussichten zur Tierbeobachtung in unmittelbarer Stra\u00dfenn\u00e4he verspricht. Sind in dieser Zeit des Jahres doch viele Tiere noch nicht in den h\u00f6her gelegenen k\u00fchleren Bergregionen unterwegs, sondern laben sich nach einem langen Winter am frischen Gr\u00fcn &#8211; oftmals als willkommenes Fotomotiv direkt neben dem Highway!<\/p>\n<p>Der zweite Termin im Herbst lockt nicht nur mit gro\u00dfartigen Farben des Indian Summers sondern auch mit der schon bestehenden M\u00f6glichkeit zur Beobachtung der Nordlichter in den bereits l\u00e4ngeren und dunkleren N\u00e4chten.<\/p>\n","protected":false},"excerpt":{"rendered":"<p><br data-mce-bogus=\"1\"><\/p>\n","protected":false},"featured_media":65378,"comment_status":"open","ping_status":"closed","template":"","meta":{"_acf_changed":false,"_lmt_disableupdate":"no","_lmt_disable":""},"product_brand":[],"product_cat":[97,157,99,33],"product_tag":[],"class_list":{"0":"post-65278","1":"product","2":"type-product","3":"status-publish","4":"has-post-thumbnail","6":"product_cat-bustouren-fur-senioren","7":"product_cat-comfort-tours-de","8":"product_cat-entdecken-sie-yukon","9":"product_cat-sightseeing-touren","10":"pa_departure-whitehorse-de","11":"pa_season-herbst","12":"pa_season-sommer","13":"pa_skill-level-kein","15":"first","16":"instock","17":"virtual","18":"sold-individually","19":"taxable","20":"purchasable","21":"product-type-booking"},"booking_location":"","booking_location_type":"","booking_duration":15,"booking_duration_unit":"day","booking_buffer":0,"booking_cost":0,"booking_resources":[],"exclude_global_add_ons":false,"addons":[{"name":"Unterkuenfte","type":"multiple_choice","position":0,"required":true,"title_format":"heading","default":"","description_enable":false,"description":"","placeholder_enable":false,"placeholder":"","display":"select","restrictions_type":"any_text","adjust_price":false,"price":"","price_type":"flat_fee","restrictions":false,"min":"0","max":"0","options":[{"label":"Doppelzimmer - 2 Personen","price":"11190","price_type":"quantity_based","image":0,"visibility":true},{"label":"Einzelzimmer - 1 Person","price":"7810","price_type":"quantity_based","image":0,"visibility":true},{"label":"Dreibettzimmer - 3 Personen","price":"15405","price_type":"quantity_based","image":0,"visibility":true}],"id":1713776889}],"acf":[],"_links":{"self":[{"href":"https:\/\/www.rubyrange.com\/de\/wp-json\/wp\/v2\/product\/65278","targetHints":{"allow":["GET"]}}],"collection":[{"href":"https:\/\/www.rubyrange.com\/de\/wp-json\/wp\/v2\/product"}],"about":[{"href":"https:\/\/www.rubyrange.com\/de\/wp-json\/wp\/v2\/types\/product"}],"replies":[{"embeddable":true,"href":"https:\/\/www.rubyrange.com\/de\/wp-json\/wp\/v2\/comments?post=65278"}],"wp:featuredmedia":[{"embeddable":true,"href":"https:\/\/www.rubyrange.com\/de\/wp-json\/wp\/v2\/media\/65378"}],"wp:attachment":[{"href":"https:\/\/www.rubyrange.com\/de\/wp-json\/wp\/v2\/media?parent=65278"}],"wp:term":[{"taxonomy":"product_brand","embeddable":true,"href":"https:\/\/www.rubyrange.com\/de\/wp-json\/wp\/v2\/product_brand?post=65278"},{"taxonomy":"product_cat","embeddable":true,"href":"https:\/\/www.rubyrange.com\/de\/wp-json\/wp\/v2\/product_cat?post=65278"},{"taxonomy":"product_tag","embeddable":true,"href":"https:\/\/www.rubyrange.com\/de\/wp-json\/wp\/v2\/product_tag?post=65278"}],"curies":[{"name":"wp","href":"https:\/\/api.w.org\/{rel}","templated":true}]}}