{"id":65006,"date":"2017-01-06T00:00:00","date_gmt":"2017-01-06T08:00:00","guid":{"rendered":"https:\/\/www.rubyrange.com\/privacy-policy\/"},"modified":"2025-09-05T01:33:04","modified_gmt":"2025-09-05T08:33:04","slug":"politica-de-privacidad","status":"publish","type":"page","link":"https:\/\/www.rubyrange.com\/es\/politica-de-privacidad\/","title":{"rendered":"Pol\u00edtica de Privacidad"},"content":{"rendered":"<p>Esta pol\u00edtica de privacidad se aplica al sitio web de Ruby Range Adventure. Al usar este sitio web, usted acepta estar sujeto a esta pol\u00edtica de privacidad. Esta pol\u00edtica de privacidad ha sido desarrollada por Ruby Range Adventure (\u201cRRA\u201d) para cumplir con la Ley de Protecci\u00f3n de Informaci\u00f3n Personal y Documentos Electr\u00f3nicos (\u201cPIPEDA\u201d), legislaci\u00f3n federal que protege la informaci\u00f3n personal y la manera en que se recopila, utiliza o divulga, as\u00ed como cualquier legislaci\u00f3n de privacidad aplicable en la provincia en la que usted reside.<\/p>\n<p><strong>Recopilaci\u00f3n de Informaci\u00f3n Personal<\/strong><br \/>\nRRA ha implementado pol\u00edticas y procedimientos que protegen la informaci\u00f3n personal y la privacidad de los visitantes del sitio web de RRA, lo cual es una parte esencial de nuestro compromiso de servicio. RRA no utiliza ni recopila informaci\u00f3n personal de los visitantes a menos que la informaci\u00f3n sea proporcionada voluntariamente a RRA. La informaci\u00f3n que se detalla a continuaci\u00f3n describe la manera en que RRA protege la privacidad de los visitantes de su sitio web. Al acceder, navegar o usar este sitio web, usted reconoce que ha le\u00eddo, comprendido y aceptado las disposiciones aqu\u00ed contenidas.<\/p>\n<p><strong>Privacidad de los Visitantes<\/strong><br \/>\nRRA respeta la naturaleza confidencial de la informaci\u00f3n personal, como su nombre, n\u00famero de tel\u00e9fono, direcciones de correo electr\u00f3nico y postal. Usted puede proporcionar dicha informaci\u00f3n en nuestro sitio web y podemos usar esa informaci\u00f3n para brindarle servicios. Reconocemos nuestra obligaci\u00f3n de proteger dicha informaci\u00f3n contra el uso indebido. Cualquier informaci\u00f3n proporcionada por los visitantes del sitio web se almacena en un lugar seguro en nuestros servidores, accesible \u00fanicamente por empleados de RRA, sus afiliados o contratistas, quienes han aceptado estar sujetos a nuestra pol\u00edtica de privacidad. A menos que los visitantes de nuestro sitio web hayan dado su consentimiento expl\u00edcito, no divulgaremos su informaci\u00f3n personal a terceros con fines de marketing. Sin embargo, divulgaremos cierta informaci\u00f3n a terceros cuando sea necesario para la prestaci\u00f3n de los servicios de RRA o si dicha divulgaci\u00f3n es requerida por la ley.<\/p>\n<p>Cuando usted visita el sitio web de RRA, la informaci\u00f3n puede ser recopilada autom\u00e1ticamente por el software que opera nuestro sitio web (por ejemplo, su proveedor de servicios de Internet, el sitio desde el cual se enlaz\u00f3, la hora y la fecha de su visita). Nuestros servidores no rastrean, recopilan ni distribuyen informaci\u00f3n personal sobre los visitantes de nuestro sitio web. La informaci\u00f3n recopilada es utilizada por nuestro personal t\u00e9cnico para compilar estad\u00edsticas agregadas sobre las p\u00e1ginas m\u00e1s visitadas, cu\u00e1nto tiempo permanecen los usuarios en cada p\u00e1gina y el n\u00famero total de visitantes diarios a nuestro sitio. Ninguna de la informaci\u00f3n reportada permite la identificaci\u00f3n personal de los individuos.<\/p>\n<p>Si el sitio web de RRA contiene enlaces a sitios web distintos a los de nuestros afiliados, no podemos responsabilizarnos por las pr\u00e1cticas de privacidad o el contenido de dichos sitios web.<\/p>\n","protected":false},"excerpt":{"rendered":"<p>Esta pol\u00edtica de privacidad se aplica al sitio web de Ruby Range Adventure. Al usar este sitio web, usted acepta..<\/p>\n","protected":false},"author":79,"featured_media":65009,"parent":0,"menu_order":0,"comment_status":"open","ping_status":"open","template":"","meta":{"_acf_changed":false,"_lmt_disableupdate":"no","_lmt_disable":"","footnotes":""},"class_list":["post-65006","page","type-page","status-publish","has-post-thumbnail","hentry"],"acf":[],"_links":{"self":[{"href":"https:\/\/www.rubyrange.com\/es\/wp-json\/wp\/v2\/pages\/65006","targetHints":{"allow":["GET"]}}],"collection":[{"href":"https:\/\/www.rubyrange.com\/es\/wp-json\/wp\/v2\/pages"}],"about":[{"href":"https:\/\/www.rubyrange.com\/es\/wp-json\/wp\/v2\/types\/page"}],"author":[{"embeddable":true,"href":"https:\/\/www.rubyrange.com\/es\/wp-json\/wp\/v2\/users\/79"}],"replies":[{"embeddable":true,"href":"https:\/\/www.rubyrange.com\/es\/wp-json\/wp\/v2\/comments?post=65006"}],"version-history":[{"count":2,"href":"https:\/\/www.rubyrange.com\/es\/wp-json\/wp\/v2\/pages\/65006\/revisions"}],"predecessor-version":[{"id":65008,"href":"https:\/\/www.rubyrange.com\/es\/wp-json\/wp\/v2\/pages\/65006\/revisions\/65008"}],"wp:featuredmedia":[{"embeddable":true,"href":"https:\/\/www.rubyrange.com\/es\/wp-json\/wp\/v2\/media\/65009"}],"wp:attachment":[{"href":"https:\/\/www.rubyrange.com\/es\/wp-json\/wp\/v2\/media?parent=65006"}],"curies":[{"name":"wp","href":"https:\/\/api.w.org\/{rel}","templated":true}]}}