{"id":64947,"date":"2018-11-16T00:00:00","date_gmt":"2018-11-16T08:00:00","guid":{"rendered":"https:\/\/www.rubyrange.com\/tour\/white-fang-skidoo-active-program-whitehorse\/"},"modified":"2026-02-24T02:48:21","modified_gmt":"2026-02-24T09:48:21","slug":"colmillo-blanco-whitehorse","status":"publish","type":"product","link":"https:\/\/www.rubyrange.com\/es\/tour\/colmillo-blanco-whitehorse\/","title":{"rendered":"Colmillo Blanco | Whitehorse"},"content":{"rendered":"<p data-start=\"51\" data-end=\"164\"><strong>Ven a explorar el Yuk\u00f3n y disfruta de la belleza de nuestros d\u00edas invernales en esta c\u00f3moda aventura. <\/strong><\/p>\n<p data-start=\"166\" data-end=\"446\">Ser\u00e1s testigo de algunos de los paisajes helados m\u00e1s incre\u00edbles que el territorio tiene para ofrecer y experimentar\u00e1s muchas de las mejores actividades disponibles en el Gran Norte.<\/p>\n<div>\n<p>&nbsp;<\/p>\n<\/div>\n","protected":false},"excerpt":{"rendered":"<p>Ven a explorar el Yuk\u00f3n y disfruta de la belleza de nuestros d\u00edas invernales en esta c\u00f3moda aventura. Ser\u00e1s testigo..<\/p>\n","protected":false},"featured_media":64944,"comment_status":"open","ping_status":"closed","template":"","meta":{"_acf_changed":false,"_lmt_disableupdate":"no","_lmt_disable":""},"product_brand":[],"product_cat":[174,173,175],"product_tag":[],"class_list":{"0":"post-64947","1":"product","2":"type-product","3":"status-publish","4":"has-post-thumbnail","6":"product_cat-adventure-tours-es","7":"product_cat-discover-yukon-es","8":"product_cat-winter-tours-es","9":"pa_departure-whitehorse-es","10":"pa_season-spring-es","11":"pa_season-winter-es","12":"pa_skill-level-none-es","14":"first","15":"instock","16":"virtual","17":"sold-individually","18":"taxable","19":"purchasable","20":"product-type-booking"},"booking_location":"","booking_location_type":"","booking_duration":5,"booking_duration_unit":"day","booking_buffer":0,"booking_cost":0,"booking_resources":[],"exclude_global_add_ons":false,"addons":[{"name":"Accomodation Type","type":"multiple_choice","position":0,"required":true,"title_format":"heading","default":"","description_enable":false,"description":"","placeholder_enable":false,"placeholder":"","display":"select","restrictions_type":"any_text","adjust_price":false,"price":"","price_type":"flat_fee","restrictions":false,"min":"0","max":"0","options":[{"label":"Double Room - 2 Persons","price":"4770","price_type":"quantity_based","image":0,"visibility":true},{"label":"Single Room - 1 Person","price":"3125","price_type":"quantity_based","image":0,"visibility":true},{"label":"Triple Room - 3 Persons","price":"6915","price_type":"quantity_based","image":0,"visibility":true}],"id":1670494504}],"acf":[],"_links":{"self":[{"href":"https:\/\/www.rubyrange.com\/es\/wp-json\/wp\/v2\/product\/64947","targetHints":{"allow":["GET"]}}],"collection":[{"href":"https:\/\/www.rubyrange.com\/es\/wp-json\/wp\/v2\/product"}],"about":[{"href":"https:\/\/www.rubyrange.com\/es\/wp-json\/wp\/v2\/types\/product"}],"replies":[{"embeddable":true,"href":"https:\/\/www.rubyrange.com\/es\/wp-json\/wp\/v2\/comments?post=64947"}],"wp:featuredmedia":[{"embeddable":true,"href":"https:\/\/www.rubyrange.com\/es\/wp-json\/wp\/v2\/media\/64944"}],"wp:attachment":[{"href":"https:\/\/www.rubyrange.com\/es\/wp-json\/wp\/v2\/media?parent=64947"}],"wp:term":[{"taxonomy":"product_brand","embeddable":true,"href":"https:\/\/www.rubyrange.com\/es\/wp-json\/wp\/v2\/product_brand?post=64947"},{"taxonomy":"product_cat","embeddable":true,"href":"https:\/\/www.rubyrange.com\/es\/wp-json\/wp\/v2\/product_cat?post=64947"},{"taxonomy":"product_tag","embeddable":true,"href":"https:\/\/www.rubyrange.com\/es\/wp-json\/wp\/v2\/product_tag?post=64947"}],"curies":[{"name":"wp","href":"https:\/\/api.w.org\/{rel}","templated":true}]}}