{"id":64982,"date":"2018-11-16T00:00:00","date_gmt":"2018-11-16T08:00:00","guid":{"rendered":"https:\/\/www.rubyrange.com\/tour\/call-of-the-wild-kluane-lake\/"},"modified":"2025-09-05T00:23:21","modified_gmt":"2025-09-05T07:23:21","slug":"llamada-de-lo-salvaje-programa-activo-skidoo-lago-kluane","status":"publish","type":"product","link":"https:\/\/www.rubyrange.com\/es\/tour\/llamada-de-lo-salvaje-programa-activo-skidoo-lago-kluane\/","title":{"rendered":"Llamada de lo Salvaje | Programa Activo Skidoo Lago Kluane"},"content":{"rendered":"<p>Si buscas una aut\u00e9ntica aventura en la naturaleza que te lleve a algunos de los lugares m\u00e1s pr\u00edstinos y remotos para experimentar la vida de un trampero, este es el viaje perfecto. Ven a ponerte a prueba en el Gran Norte y disfruta de la belleza de nuestros d\u00edas de invierno. Perm\u00edtenos ofrecerte una aventura inolvidable.<\/p>\n","protected":false},"excerpt":{"rendered":"<p>Si buscas una aut\u00e9ntica aventura en la naturaleza que te lleve a algunos de los lugares m\u00e1s pr\u00edstinos y remotos..<\/p>\n","protected":false},"featured_media":64984,"comment_status":"open","ping_status":"closed","template":"","meta":{"_acf_changed":false,"_lmt_disableupdate":"no","_lmt_disable":""},"product_brand":[],"product_cat":[174,173,175],"product_tag":[],"class_list":{"0":"post-64982","1":"product","2":"type-product","3":"status-publish","4":"has-post-thumbnail","6":"product_cat-adventure-tours-es","7":"product_cat-discover-yukon-es","8":"product_cat-winter-tours-es","9":"pa_departure-whitehorse-es","10":"pa_season-spring-es","11":"pa_season-winter-es","12":"pa_skill-level-none-es","14":"first","15":"instock","16":"virtual","17":"sold-individually","18":"taxable","19":"purchasable","20":"product-type-booking"},"booking_location":"","booking_location_type":"","booking_duration":5,"booking_duration_unit":"day","booking_buffer":0,"booking_cost":0,"booking_resources":[],"exclude_global_add_ons":false,"addons":[{"name":"Accommodation Type","type":"multiple_choice","position":0,"required":true,"title_format":"heading","default":"","description_enable":false,"description":"","placeholder_enable":false,"placeholder":"","display":"select","restrictions_type":"any_text","adjust_price":false,"price":"","price_type":"flat_fee","restrictions":false,"min":"0","max":"0","options":[{"label":"Double Room - 2 persons","price":"8930","price_type":"quantity_based","image":0,"visibility":true},{"label":"Single Room - 1 person","price":"5305","price_type":"quantity_based","image":0,"visibility":true}],"id":1680795461}],"acf":[],"_links":{"self":[{"href":"https:\/\/www.rubyrange.com\/es\/wp-json\/wp\/v2\/product\/64982","targetHints":{"allow":["GET"]}}],"collection":[{"href":"https:\/\/www.rubyrange.com\/es\/wp-json\/wp\/v2\/product"}],"about":[{"href":"https:\/\/www.rubyrange.com\/es\/wp-json\/wp\/v2\/types\/product"}],"replies":[{"embeddable":true,"href":"https:\/\/www.rubyrange.com\/es\/wp-json\/wp\/v2\/comments?post=64982"}],"wp:featuredmedia":[{"embeddable":true,"href":"https:\/\/www.rubyrange.com\/es\/wp-json\/wp\/v2\/media\/64984"}],"wp:attachment":[{"href":"https:\/\/www.rubyrange.com\/es\/wp-json\/wp\/v2\/media?parent=64982"}],"wp:term":[{"taxonomy":"product_brand","embeddable":true,"href":"https:\/\/www.rubyrange.com\/es\/wp-json\/wp\/v2\/product_brand?post=64982"},{"taxonomy":"product_cat","embeddable":true,"href":"https:\/\/www.rubyrange.com\/es\/wp-json\/wp\/v2\/product_cat?post=64982"},{"taxonomy":"product_tag","embeddable":true,"href":"https:\/\/www.rubyrange.com\/es\/wp-json\/wp\/v2\/product_tag?post=64982"}],"curies":[{"name":"wp","href":"https:\/\/api.w.org\/{rel}","templated":true}]}}