{"id":65010,"date":"2018-08-31T00:00:00","date_gmt":"2018-08-31T08:00:00","guid":{"rendered":"https:\/\/www.rubyrange.com\/tour\/arctic-road-trip-ice-road-tuktoyaktuk\/"},"modified":"2025-09-05T02:52:11","modified_gmt":"2025-09-05T09:52:11","slug":"viaje-por-el-artico-ruta-de-hielo-a-tuktoyaktuk","status":"publish","type":"product","link":"https:\/\/www.rubyrange.com\/es\/tour\/viaje-por-el-artico-ruta-de-hielo-a-tuktoyaktuk\/","title":{"rendered":"Viaje por el \u00c1rtico: Ruta de hielo a Tuktoyaktuk"},"content":{"rendered":"<p>Un sue\u00f1o en blanco: nuestro Viaje por el \u00c1rtico te lleva desde Whitehorse, capital del Yuk\u00f3n, hasta Tuktoyaktuk, en el Oc\u00e9ano \u00c1rtico, durante la emocionante temporada de invierno. Primero nos dirigimos a Dawson City, la capital de la fiebre del oro, donde nos contagiaremos de la fiebre del oro recorriendo la hist\u00f3rica ciudad y visitando sus salones de baile y restaurantes.<\/p>\n<p style=\"text-align: left;\">Desde aqu\u00ed, nos dirigimos hacia el norte por la famosa Carretera Dempster a trav\u00e9s de las Monta\u00f1as Tombstone, que se encuentran entre los picos m\u00e1s nuevos y v\u00edrgenes de Norteam\u00e9rica. Casi completamente solos mientras recorremos esta remota carretera invernal, llegaremos a Eagle Plains y pasaremos la noche en un acogedor hotel, antes de cruzar el C\u00edrculo Polar \u00c1rtico a primera hora del d\u00eda siguiente, donde est\u00e1 prevista una peque\u00f1a celebraci\u00f3n. Dejando atr\u00e1s las Monta\u00f1as Ogilvie, atravesamos la inmensa tundra \u00e1rtica antes de ascender por las Monta\u00f1as Richardson y adentrarnos en los Territorios del Noroeste, donde tendremos la primera visi\u00f3n del Oc\u00e9ano \u00c1rtico. Cruzaremos dos puentes de hielo antes de llegar a Inuvik, una ciudad moderna a orillas del delta del r\u00edo Mackenzie.<\/p>\n<p style=\"text-align: left;\">Desde Inuvik, haremos un desv\u00edo por la extra\u00f1a y fascinante Carretera de Hielo hasta la antigua ciudad \u00e1rtica de Aklavik, al otro lado del delta. Finalmente, nos dirigiremos al norte por la reci\u00e9n terminada carretera hasta Tuktoyaktuk, una aldea inuvialuit en la costa \u00e1rtica. Aqu\u00ed nos reuniremos con una familia local para disfrutar de unos aperitivos tradicionales y escuchar historias de la vida en el extremo norte. De vuelta en Inuvik, tambi\u00e9n tenemos la opci\u00f3n de un inolvidable paseo en trineo tirado por perros.<\/p>\n<p>(Este tour tambi\u00e9n se ofrece en itinerario inverso, comenzando en Inuvik)<\/p>\n<p>11.03.2026 \u2013 20.03.2026 \u2013 De Whitehorse a Inuvik<\/p>\n<p>18.03.2026 \u2013 27.03.2026 \u2013 De Inuvik a Whitehorse<\/p>\n<p>\u00bfNo quieres conducir tan lejos? Eche un vistazo a nuestra experiencia en Trondek Klondike Dawson City aqu\u00ed.<\/p>\n","protected":false},"excerpt":{"rendered":"<p>Un sue\u00f1o en blanco: nuestro Viaje por el \u00c1rtico te lleva desde Whitehorse, capital del Yuk\u00f3n, hasta Tuktoyaktuk, en el..<\/p>\n","protected":false},"featured_media":65012,"comment_status":"open","ping_status":"closed","template":"","meta":{"_acf_changed":false,"_lmt_disableupdate":"no","_lmt_disable":""},"product_brand":[],"product_cat":[183,173,175,181,182],"product_tag":[],"class_list":{"0":"post-65010","1":"product","2":"type-product","3":"status-publish","4":"has-post-thumbnail","6":"product_cat-bus-tours-for-seniors-es","7":"product_cat-discover-yukon-es","8":"product_cat-winter-tours-es","9":"product_cat-tours-de-confort","10":"product_cat-tours-turisticos","11":"pa_departure-whitehorse-es","12":"pa_season-spring-es","13":"pa_season-winter-es","14":"pa_skill-level-none-es","16":"first","17":"instock","18":"virtual","19":"sold-individually","20":"taxable","21":"purchasable","22":"product-type-booking"},"booking_location":"","booking_location_type":"","booking_duration":10,"booking_duration_unit":"day","booking_buffer":0,"booking_cost":0,"booking_resources":[],"exclude_global_add_ons":false,"addons":[{"name":"Accomodation Type","type":"multiple_choice","position":0,"required":true,"title_format":"heading","default":"","description_enable":false,"description":"","placeholder_enable":false,"placeholder":"","display":"select","restrictions_type":"any_text","adjust_price":false,"price":"","price_type":"flat_fee","restrictions":false,"min":"0","max":"0","options":[{"label":"Double Room - 2 Persons","price":"12720.00","price_type":"quantity_based","image":0,"visibility":true},{"label":"Single Room- 1 Person","price":"7785.00","price_type":"quantity_based","image":0,"visibility":true},{"label":"Triple Room - 3 Persons","price":"18090.00","price_type":"quantity_based","image":0,"visibility":true}],"id":1670494852}],"acf":[],"_links":{"self":[{"href":"https:\/\/www.rubyrange.com\/es\/wp-json\/wp\/v2\/product\/65010","targetHints":{"allow":["GET"]}}],"collection":[{"href":"https:\/\/www.rubyrange.com\/es\/wp-json\/wp\/v2\/product"}],"about":[{"href":"https:\/\/www.rubyrange.com\/es\/wp-json\/wp\/v2\/types\/product"}],"replies":[{"embeddable":true,"href":"https:\/\/www.rubyrange.com\/es\/wp-json\/wp\/v2\/comments?post=65010"}],"wp:featuredmedia":[{"embeddable":true,"href":"https:\/\/www.rubyrange.com\/es\/wp-json\/wp\/v2\/media\/65012"}],"wp:attachment":[{"href":"https:\/\/www.rubyrange.com\/es\/wp-json\/wp\/v2\/media?parent=65010"}],"wp:term":[{"taxonomy":"product_brand","embeddable":true,"href":"https:\/\/www.rubyrange.com\/es\/wp-json\/wp\/v2\/product_brand?post=65010"},{"taxonomy":"product_cat","embeddable":true,"href":"https:\/\/www.rubyrange.com\/es\/wp-json\/wp\/v2\/product_cat?post=65010"},{"taxonomy":"product_tag","embeddable":true,"href":"https:\/\/www.rubyrange.com\/es\/wp-json\/wp\/v2\/product_tag?post=65010"}],"curies":[{"name":"wp","href":"https:\/\/api.w.org\/{rel}","templated":true}]}}