{"id":65044,"date":"2020-02-05T19:08:52","date_gmt":"2020-02-06T03:08:52","guid":{"rendered":"https:\/\/www.rubyrange.com\/tour\/northern-rockies-whitehorse-fortstjohn\/"},"modified":"2025-09-05T02:49:55","modified_gmt":"2025-09-05T09:49:55","slug":"montanas-rocosas-del-norte-whitehorse-fort-st-john","status":"publish","type":"product","link":"https:\/\/www.rubyrange.com\/es\/tour\/montanas-rocosas-del-norte-whitehorse-fort-st-john\/","title":{"rendered":"Monta\u00f1as Rocosas del Norte \u2013 Whitehorse \u2013 Fort St. John"},"content":{"rendered":"<p>Pase una semana recorriendo la mundialmente famosa Carretera de Alaska entre Whitehorse y Fort St. John en esta nueva y emocionante aventura invernal. Experimentar\u00e1 la emoci\u00f3n de una excursi\u00f3n en motonieve por el Yuk\u00f3n, visitar\u00e1 la capital del Yuk\u00f3n y aprender\u00e1 sobre su historia y fauna. Este viaje le llevar\u00e1 a un albergue remoto en uno de los lugares m\u00e1s pr\u00edstinos e incre\u00edbles del norte de Columbia Brit\u00e1nica: el lago Muncho. Desde all\u00ed, experimentar\u00e1 todo tipo de actividades invernales, se sumergir\u00e1 en aguas termales, disfrutar\u00e1 de buena comida y buena compa\u00f1\u00eda alrededor de fogatas, y tendr\u00e1 la opci\u00f3n de sobrevolar paisajes incre\u00edbles. \u00a1\u00danase a nosotros en esta nueva y fant\u00e1stica aventura invernal!<\/p>\n","protected":false},"excerpt":{"rendered":"<p>Pase una semana recorriendo la mundialmente famosa Carretera de Alaska entre Whitehorse y Fort St. John en esta nueva y..<\/p>\n","protected":false},"featured_media":65046,"comment_status":"open","ping_status":"closed","template":"","meta":{"_acf_changed":false,"_lmt_disableupdate":"no","_lmt_disable":""},"product_brand":[],"product_cat":[173,175,181,182],"product_tag":[],"class_list":{"0":"post-65044","1":"product","2":"type-product","3":"status-publish","4":"has-post-thumbnail","6":"product_cat-discover-yukon-es","7":"product_cat-winter-tours-es","8":"product_cat-tours-de-confort","9":"product_cat-tours-turisticos","10":"pa_departure-whitehorse-es","11":"pa_season-winter-es","12":"pa_skill-level-none-es","14":"first","15":"instock","16":"virtual","17":"sold-individually","18":"taxable","19":"purchasable","20":"product-type-booking"},"booking_location":"","booking_location_type":"","booking_duration":7,"booking_duration_unit":"day","booking_buffer":0,"booking_cost":0,"booking_resources":[],"exclude_global_add_ons":false,"addons":[{"name":"Accomodation Type","type":"multiple_choice","position":0,"required":true,"title_format":"heading","default":"","description_enable":false,"description":"","placeholder_enable":false,"placeholder":"","display":"select","restrictions_type":"any_text","adjust_price":false,"price":"","price_type":"flat_fee","restrictions":false,"min":"0","max":"0","options":[{"label":"Double Room - 2 Persons","price":"9780","price_type":"quantity_based","image":0,"visibility":true},{"label":"Single Room - 1 Person","price":"5835","price_type":"quantity_based","image":0,"visibility":true}],"id":1680789378}],"acf":[],"_links":{"self":[{"href":"https:\/\/www.rubyrange.com\/es\/wp-json\/wp\/v2\/product\/65044","targetHints":{"allow":["GET"]}}],"collection":[{"href":"https:\/\/www.rubyrange.com\/es\/wp-json\/wp\/v2\/product"}],"about":[{"href":"https:\/\/www.rubyrange.com\/es\/wp-json\/wp\/v2\/types\/product"}],"replies":[{"embeddable":true,"href":"https:\/\/www.rubyrange.com\/es\/wp-json\/wp\/v2\/comments?post=65044"}],"wp:featuredmedia":[{"embeddable":true,"href":"https:\/\/www.rubyrange.com\/es\/wp-json\/wp\/v2\/media\/65046"}],"wp:attachment":[{"href":"https:\/\/www.rubyrange.com\/es\/wp-json\/wp\/v2\/media?parent=65044"}],"wp:term":[{"taxonomy":"product_brand","embeddable":true,"href":"https:\/\/www.rubyrange.com\/es\/wp-json\/wp\/v2\/product_brand?post=65044"},{"taxonomy":"product_cat","embeddable":true,"href":"https:\/\/www.rubyrange.com\/es\/wp-json\/wp\/v2\/product_cat?post=65044"},{"taxonomy":"product_tag","embeddable":true,"href":"https:\/\/www.rubyrange.com\/es\/wp-json\/wp\/v2\/product_tag?post=65044"}],"curies":[{"name":"wp","href":"https:\/\/api.w.org\/{rel}","templated":true}]}}