{"id":65065,"date":"2017-11-30T00:00:00","date_gmt":"2017-11-30T08:00:00","guid":{"rendered":"https:\/\/www.rubyrange.com\/tour\/trondek-klondike-dawson-city-winter-experience-2\/"},"modified":"2025-09-05T02:47:17","modified_gmt":"2025-09-05T09:47:17","slug":"trondek-klondike-dawson-city-experiencia-invernal-en-whitehorse","status":"publish","type":"product","link":"https:\/\/www.rubyrange.com\/es\/tour\/trondek-klondike-dawson-city-experiencia-invernal-en-whitehorse\/","title":{"rendered":"TRONDEK KLONDIKE Dawson City \u2013 Experiencia invernal en Whitehorse"},"content":{"rendered":"<p>Viva la aut\u00e9ntica experiencia de vivir en el Gran Norte visitando Whitehorse y aventur\u00e1ndose en la hist\u00f3rica ciudad de Dawson City y sus alrededores. Perm\u00edtanos guiarlo por senderos que han sido utilizados por buscadores de oro y tramperos durante siglos. Esta excursi\u00f3n es imprescindible para todos los visitantes de Yuk\u00f3n, una manera perfecta de experimentar plenamente el norte y todo lo que ofrece durante el invierno.<\/p>\n<p>Para ver la versi\u00f3n de este tour con salida en Whitehorse, haga clic aqu\u00ed.<\/p>\n<p>&nbsp;<\/p>\n","protected":false},"excerpt":{"rendered":"<p>Viva la aut\u00e9ntica experiencia de vivir en el Gran Norte visitando Whitehorse y aventur\u00e1ndose en la hist\u00f3rica ciudad de Dawson..<\/p>\n","protected":false},"featured_media":65066,"comment_status":"open","ping_status":"closed","template":"","meta":{"_acf_changed":false,"_lmt_disableupdate":"no","_lmt_disable":""},"product_brand":[],"product_cat":[173,175],"product_tag":[],"class_list":{"0":"post-65065","1":"product","2":"type-product","3":"status-publish","4":"has-post-thumbnail","6":"product_cat-discover-yukon-es","7":"product_cat-winter-tours-es","8":"pa_departure-dawson-city-es","9":"pa_season-spring-es","10":"pa_season-winter-es","11":"pa_skill-level-none-es","13":"first","14":"instock","15":"virtual","16":"sold-individually","17":"taxable","18":"purchasable","19":"product-type-booking"},"booking_location":"","booking_location_type":"","booking_duration":5,"booking_duration_unit":"day","booking_buffer":0,"booking_cost":0,"booking_resources":[],"exclude_global_add_ons":false,"addons":[{"name":"Accommodation Type","type":"multiple_choice","position":0,"required":true,"title_format":"heading","default":"","description_enable":false,"description":"","placeholder_enable":false,"placeholder":"","display":"select","restrictions_type":"any_text","adjust_price":false,"price":"","price_type":"flat_fee","restrictions":false,"min":"0","max":"0","options":[{"label":"Double Room - 2 persons","price":"6410","price_type":"quantity_based","image":0,"visibility":true},{"label":"Single Room - 1 person","price":"3850","price_type":"quantity_based","image":0,"visibility":true}],"id":1670494680}],"acf":[],"_links":{"self":[{"href":"https:\/\/www.rubyrange.com\/es\/wp-json\/wp\/v2\/product\/65065","targetHints":{"allow":["GET"]}}],"collection":[{"href":"https:\/\/www.rubyrange.com\/es\/wp-json\/wp\/v2\/product"}],"about":[{"href":"https:\/\/www.rubyrange.com\/es\/wp-json\/wp\/v2\/types\/product"}],"replies":[{"embeddable":true,"href":"https:\/\/www.rubyrange.com\/es\/wp-json\/wp\/v2\/comments?post=65065"}],"wp:featuredmedia":[{"embeddable":true,"href":"https:\/\/www.rubyrange.com\/es\/wp-json\/wp\/v2\/media\/65066"}],"wp:attachment":[{"href":"https:\/\/www.rubyrange.com\/es\/wp-json\/wp\/v2\/media?parent=65065"}],"wp:term":[{"taxonomy":"product_brand","embeddable":true,"href":"https:\/\/www.rubyrange.com\/es\/wp-json\/wp\/v2\/product_brand?post=65065"},{"taxonomy":"product_cat","embeddable":true,"href":"https:\/\/www.rubyrange.com\/es\/wp-json\/wp\/v2\/product_cat?post=65065"},{"taxonomy":"product_tag","embeddable":true,"href":"https:\/\/www.rubyrange.com\/es\/wp-json\/wp\/v2\/product_tag?post=65065"}],"curies":[{"name":"wp","href":"https:\/\/api.w.org\/{rel}","templated":true}]}}