{"id":10650,"date":"2017-07-10T00:00:00","date_gmt":"2017-07-10T08:00:00","guid":{"rendered":"https:\/\/www.rubyrange.com\/?page_id=10650"},"modified":"2024-04-18T10:50:33","modified_gmt":"2024-04-18T17:50:33","slug":"a-propos-de-ruby-range-adventure","status":"publish","type":"page","link":"https:\/\/www.rubyrange.com\/fr\/a-propos-de-ruby-range-adventure\/","title":{"rendered":"\u00c0 propos de Ruby Range Adventure"},"content":{"rendered":"<p>Depuis de nombreuses ann\u00e9es, Ruby Range Aventure accueille et guide des visiteurs venant du monde entier \u00e0 travers le Yukon et l&#8217;Alaska. Nous offrons une exp\u00e9rience exceptionnelle impr\u00e9gn\u00e9e d&#8217;un v\u00e9ritable amour pour le Nord dans chacun de nos voyages. Nos guides, des professionnels chevronn\u00e9s, vous emm\u00e8neront en toute s\u00e9curit\u00e9 au c\u0153ur de la nature sauvage tout en vous racontant l&#8217;histoire haute en couleurs des communaut\u00e9s qui pars\u00e8ment le paysage. Fond\u00e9e au Yukon en 1984, notre entreprise d&#8217;aventure et de plein air est devenue une r\u00e9f\u00e9rence en \u00e9cotourisme, attirant chaque ann\u00e9e un nombre croissant de visiteurs. Nous sommes fiers de soutenir la r\u00e9gion o\u00f9 nous vivons et travaillons.<\/p>\n<p><a href=\"https:\/\/www.rubyrange.com\/fr\/tour\/excursion-sur-le-fleuve-yukon-lac-laberge-carmacks\/\">Descente en cano\u00eb du fleuve Yukon<\/a> ou des rivi\u00e8res <a href=\"https:\/\/www.rubyrange.com\/fr\/tour\/esprit-du-yukon-riviere-teslin\/\">Teslin<\/a>, <a href=\"https:\/\/www.rubyrange.com\/fr\/tour\/le-klondiker-aventure-riviere-big-salmon\/\">Big Salmon<\/a>, <a href=\"https:\/\/www.rubyrange.com\/fr\/tour\/the-heart-of-the-yukon-wind-river-copy\/\">Wind<\/a> et <a href=\"https:\/\/www.rubyrange.com\/fr\/tour\/the-yukon-explorer-snake-river-copy\/\">Snake<\/a>, randonn\u00e9es \u00e0 travers des cha\u00eenes de montagnes majestueuses parmi les plus hautes d&#8217;Am\u00e9rique du Nord: voil\u00e0 les exp\u00e9riences que nous souhaitons partager avec vous. Nous permettons \u00e0 des centaines de voyageurs et d&#8217;amoureux de la nature de se rapprocher plus que jamais du monde sauvage.<\/p>\n<p>Nous partageons notre connaissance du Nord avec des voyageurs du monde entier. Nous avons m\u00eame contribu\u00e9 \u00e0 la r\u00e9alisation de documentaires sur la r\u00e9gion, tout en veillant \u00e0 pr\u00e9server la beaut\u00e9 intacte et originelle du Yukon.<\/p>\n<p>La pr\u00e9servation de l&#8217;environnement est d&#8217;une importance capitale pour nous. Nous nous engageons \u00e0 maintenir un \u00e9quilibre harmonieux entre l&#8217;homme et la nature, tout en offrant \u00e0 nos invit\u00e9s une exp\u00e9rience nordique authentique. Pour garantir une aventure inoubliable, nous limitons d\u00e9lib\u00e9r\u00e9ment le nombre de participants dans chaque groupe. Cette approche en petits groupes permet non seulement de pr\u00e9server l&#8217;intimit\u00e9 de l&#8217;exp\u00e9rience, mais aussi de minimiser notre impact sur l&#8217;environnement en laissant le moins de traces possible.<\/p>\n<p>Notre expertise s&#8217;\u00e9tend au-del\u00e0 des simples services de guide: nous coordonnons les transferts a\u00e9roportuaires, r\u00e9servons les nuits d&#8217;h\u00f4tel, les billets de train ou de ferry, organisons des vols en brousse ou en h\u00e9licopt\u00e8re, et prenons soin de tous les d\u00e9tails logistiques. Nous fournissons \u00e9galement tout l&#8217;\u00e9quipement n\u00e9cessaire \u00e0 votre exp\u00e9dition: cano\u00ebs, tentes, \u00e9quipement de camping et de cuisine. Vous n&#8217;avez qu&#8217;\u00e0 apporter votre enthousiasme et votre soif de d\u00e9couvrir un monde que peu de gens ont la chance de voir de pr\u00e8s. Si vous n&#8217;\u00eates pas s\u00fbr de ce dont vous aurez besoin, une liste d\u00e9taill\u00e9e vous sera fournie sur demande pour garantir le confort et la s\u00e9curit\u00e9 de votre voyage. Nous pouvons \u00e9galement organiser des exp\u00e9ditions sur mesure, adapt\u00e9es \u00e0 vos besoins sp\u00e9cifiques.<\/p>\n<p>Chez Ruby Range Adventure, nos guides sont bien plus que de simples accompagnateurs: ils sont les ambassadeurs de notre entreprise dans tous les aspects de nos op\u00e9rations. Ils incarnent notre mission, notre \u00e9thique professionnelle et personnelle \u00e0 travers leurs pratiques, leur responsabilit\u00e9 sociale et leur d\u00e9vouement \u00e0 la satisfaction de nos clients.<\/p>\n<p>Ruby Range Adventure vous offre l&#8217;opportunit\u00e9 de vivre une aventure unique et inoubliable dans le Grand Nord du Yukon et de l&#8217;Alaska.<\/p>\n","protected":false},"excerpt":{"rendered":"<p>Depuis de nombreuses ann\u00e9es, Ruby Range Aventure accueille et guide des visiteurs venant du monde entier \u00e0 travers le Yukon..<\/p>\n","protected":false},"author":79,"featured_media":26107,"parent":0,"menu_order":0,"comment_status":"open","ping_status":"open","template":"","meta":{"_acf_changed":false,"_lmt_disableupdate":"no","_lmt_disable":"","footnotes":""},"class_list":["post-10650","page","type-page","status-publish","has-post-thumbnail","hentry"],"acf":[],"_links":{"self":[{"href":"https:\/\/www.rubyrange.com\/fr\/wp-json\/wp\/v2\/pages\/10650","targetHints":{"allow":["GET"]}}],"collection":[{"href":"https:\/\/www.rubyrange.com\/fr\/wp-json\/wp\/v2\/pages"}],"about":[{"href":"https:\/\/www.rubyrange.com\/fr\/wp-json\/wp\/v2\/types\/page"}],"author":[{"embeddable":true,"href":"https:\/\/www.rubyrange.com\/fr\/wp-json\/wp\/v2\/users\/79"}],"replies":[{"embeddable":true,"href":"https:\/\/www.rubyrange.com\/fr\/wp-json\/wp\/v2\/comments?post=10650"}],"version-history":[{"count":3,"href":"https:\/\/www.rubyrange.com\/fr\/wp-json\/wp\/v2\/pages\/10650\/revisions"}],"predecessor-version":[{"id":60654,"href":"https:\/\/www.rubyrange.com\/fr\/wp-json\/wp\/v2\/pages\/10650\/revisions\/60654"}],"wp:featuredmedia":[{"embeddable":true,"href":"https:\/\/www.rubyrange.com\/fr\/wp-json\/wp\/v2\/media\/26107"}],"wp:attachment":[{"href":"https:\/\/www.rubyrange.com\/fr\/wp-json\/wp\/v2\/media?parent=10650"}],"curies":[{"name":"wp","href":"https:\/\/api.w.org\/{rel}","templated":true}]}}