{"id":11021,"date":"2017-07-14T00:00:00","date_gmt":"2017-07-14T08:00:00","guid":{"rendered":"https:\/\/www.rubyrange.com\/?page_id=11021"},"modified":"2024-04-18T13:31:55","modified_gmt":"2024-04-18T20:31:55","slug":"experienced-driver-guides","status":"publish","type":"page","link":"https:\/\/www.rubyrange.com\/fr\/a-propos-de-ruby-range-adventure\/employment\/experienced-driver-guides\/","title":{"rendered":"Guides conducteurs exp\u00e9riment\u00e9s"},"content":{"rendered":"<p><b>Description de l&#8217;emploi<br \/>\n<\/b><\/p>\n<p><span id=\"result_box\" class=\"\" lang=\"fr\" tabindex=\"-1\">Ruby Range Adventure, l&#8217;une des principales entreprises d&#8217;aventure en plein air au Yukon, est \u00e0 la recherche de guides conducteurs exceptionnels pour conduire des voyages de plusieurs jours \u00e0 travers le Yukon et l&#8217;Alaska. Nous sommes fiers de nos paysages \u00e9poustouflants du Nord-Ouest et de l&#8217;ambiance agr\u00e9able qui r\u00e8gne chez Ruby Range Adventure. Nous sommes conscients que les guides sont le pilier essentiel pour offrir des exp\u00e9riences exceptionnelles dans tous nos voyages. Nous visons l&#8217;excellence et recherchons les meilleurs talents pour rejoindre notre \u00e9quipe!<\/span><\/p>\n<p>Nous reconnaissons que les voyages de randonn\u00e9e et les voyages routiers sont \u00e0 la fois une exp\u00e9rience sociale et une aventure en pleine nature, et que les guides ont un impact majeur sur l&#8217;exp\u00e9rience des clients. Ils donnent le ton. Les bons guides peuvent transformer un bon voyage en une exp\u00e9rience inoubliable pour les invit\u00e9s. Cela est rendu possible par l&#8217;\u00e9nergie qu&#8217;ils investissent, non seulement sur le plan physique, mais aussi sur le plan social. Les bons guides poss\u00e8dent de solides comp\u00e9tences sociales : ils se soucient des personnes, sont sensibles \u00e0 leurs besoins et sont capables d&#8217;apporter divertissement, attachement et bonne humeur \u00e0 l&#8217;exp\u00e9rience.<\/p>\n<p><b>Comp\u00e9tences n\u00e9cessaires:<\/b><\/p>\n<ul>\n<li><span id=\"result_box\" class=\"short_text\" lang=\"fr\" tabindex=\"-1\">Au moins trois saisons d&#8217;exp\u00e9rience comme guide<\/span><\/li>\n<li>Certification valide de secourisme en milieu sauvage ou \u00e9quivalent<\/li>\n<li>Permis de conduite commercial classe 4<\/li>\n<li>Parler couramment l&#8217;anglais, l&#8217;allemand et le fran\u00e7ais est un atout d&#8217;importance<\/li>\n<li><span id=\"result_box\" class=\"\" lang=\"fr\" tabindex=\"-1\"><span id=\"result_box\" class=\"short_text\" lang=\"fr\" tabindex=\"-1\">Bonnes comp\u00e9tences organisationnelles<\/span><\/span><\/li>\n<li><span id=\"result_box\" class=\"short_text\" lang=\"fr\" tabindex=\"-1\">Solides comp\u00e9tences en leadership<\/span><\/li>\n<li><span id=\"result_box\" class=\"\" lang=\"fr\" tabindex=\"-1\">Bonne connaissances de l&#8217;histoire et de la g\u00e9ographie locale ou volont\u00e9 d&#8217;acqu\u00e9rir ces connaissances<\/span><\/li>\n<li><span id=\"result_box\" class=\"short_text\" lang=\"fr\" tabindex=\"-1\">Doit \u00eatre capable de travailler seul<\/span><\/li>\n<li>Physiquement actif<\/li>\n<li><span id=\"result_box\" class=\"short_text\" lang=\"fr\" tabindex=\"-1\">Sans drogue, non fumeur<\/span><\/li>\n<\/ul>\n<p><b>Avantages:<\/b><\/p>\n<ul>\n<li><span id=\"result_box\" class=\"\" lang=\"fr\" tabindex=\"-1\">Salaire tr\u00e8s comp\u00e9titif<\/span><\/li>\n<li><span id=\"result_box\" class=\"\" lang=\"fr\" tabindex=\"-1\">Les programmes de formation et de certification sont subventionn\u00e9s<\/span><\/li>\n<li><span id=\"result_box\" class=\"\" lang=\"fr\" tabindex=\"-1\">Les logements sont fournis pour les guides hors territoire<\/span><\/li>\n<li><span id=\"result_box\" class=\"\" lang=\"fr\" tabindex=\"-1\">Programmes de pro-achat pour les grandes entreprises de mat\u00e9riel de plein air<\/span><\/li>\n<li><span id=\"result_box\" class=\"\" lang=\"fr\" tabindex=\"-1\">Jours garantis par saison<\/span><\/li>\n<li><span id=\"result_box\" class=\"\" lang=\"fr\" tabindex=\"-1\">\u00c9quipement de premier ordre \u00e0 utiliser<\/span><\/li>\n<\/ul>\n<p><b>Ensuite?<\/b><\/p>\n<ul>\n<li><span id=\"result_box\" class=\"\" lang=\"fr\" tabindex=\"-1\"><span class=\"\">Envoyez votre CV, lettre de motivation et r\u00e9f\u00e9rences \u00e0<\/span><\/span> <a href=\"mailto:jobs@rubyrange.com\">jobs@rubyrange.com<\/a>.<\/li>\n<li><b>Appelez-nous (867) 322-8600.<\/b> Nous adorons parler de nos aventures!<\/li>\n<\/ul>\n<p>&nbsp;<\/p>\n<p><a href=\"https:\/\/www.rubyrange.com\/fr\/a-propos-de-ruby-range-adventure\/employment\/\">Retour \u00e0 <strong>emplois<\/strong><\/a><\/p>\n","protected":false},"excerpt":{"rendered":"<p>Description de l&#8217;emploi Ruby Range Adventure, l&#8217;une des principales entreprises d&#8217;aventure en plein air au Yukon, est \u00e0 la recherche..<\/p>\n","protected":false},"author":79,"featured_media":26139,"parent":11007,"menu_order":0,"comment_status":"open","ping_status":"open","template":"","meta":{"_acf_changed":false,"_lmt_disableupdate":"no","_lmt_disable":"","footnotes":""},"class_list":["post-11021","page","type-page","status-publish","has-post-thumbnail","hentry"],"acf":[],"_links":{"self":[{"href":"https:\/\/www.rubyrange.com\/fr\/wp-json\/wp\/v2\/pages\/11021","targetHints":{"allow":["GET"]}}],"collection":[{"href":"https:\/\/www.rubyrange.com\/fr\/wp-json\/wp\/v2\/pages"}],"about":[{"href":"https:\/\/www.rubyrange.com\/fr\/wp-json\/wp\/v2\/types\/page"}],"author":[{"embeddable":true,"href":"https:\/\/www.rubyrange.com\/fr\/wp-json\/wp\/v2\/users\/79"}],"replies":[{"embeddable":true,"href":"https:\/\/www.rubyrange.com\/fr\/wp-json\/wp\/v2\/comments?post=11021"}],"version-history":[{"count":2,"href":"https:\/\/www.rubyrange.com\/fr\/wp-json\/wp\/v2\/pages\/11021\/revisions"}],"predecessor-version":[{"id":60675,"href":"https:\/\/www.rubyrange.com\/fr\/wp-json\/wp\/v2\/pages\/11021\/revisions\/60675"}],"up":[{"embeddable":true,"href":"https:\/\/www.rubyrange.com\/fr\/wp-json\/wp\/v2\/pages\/11007"}],"wp:featuredmedia":[{"embeddable":true,"href":"https:\/\/www.rubyrange.com\/fr\/wp-json\/wp\/v2\/media\/26139"}],"wp:attachment":[{"href":"https:\/\/www.rubyrange.com\/fr\/wp-json\/wp\/v2\/media?parent=11021"}],"curies":[{"name":"wp","href":"https:\/\/api.w.org\/{rel}","templated":true}]}}