{"id":11039,"date":"2017-07-14T00:00:00","date_gmt":"2017-07-14T08:00:00","guid":{"rendered":"https:\/\/www.rubyrange.com\/?page_id=11039"},"modified":"2024-04-18T15:00:35","modified_gmt":"2024-04-18T22:00:35","slug":"services-de-charte","status":"publish","type":"page","link":"https:\/\/www.rubyrange.com\/fr\/services-de-charte\/","title":{"rendered":"Services de Transport"},"content":{"rendered":"<p>Utiliser les services de transport de Ruby Range Adventure est une exp\u00e9rience amusante, pratique, \u00e9conomique et simple. Nos chauffeurs, nos r\u00e9partiteurs et notre personnel de soutien garantissent un service fiable, flexible et professionnel \u00e0 tout moment. Avec plus de 25 ans d&#8217;exp\u00e9rience dans le domaine du transport, nous avons d\u00e9velopp\u00e9 un service personnalis\u00e9 et efficace pour r\u00e9pondre \u00e0 vos besoins. Contactez-nous d\u00e8s aujourd&#8217;hui pour obtenir une soumission gratuite sur nos services de transport.\u00a0<\/p>\n<p>\u00a0<\/p>\n<p><strong>Transport<\/strong><\/p>\n<p>Avec des tarifs raisonnables, un service amical et des chauffeurs comp\u00e9tents, Ruby Range Adventure est la r\u00e9f\u00e9rence incontournable au Yukon et en Alaska. Que votre groupe soit compos\u00e9 de nombreux voyageurs d&#8217;affaires ou de loisirs (jusqu&#8217;\u00e0 24 passagers), ou m\u00eame de quelques membres de la famille lors d&#8217;un voyage dans le Nord, Ruby Range Adventure peut s&#8217;occuper de groupes de toutes tailles directement \u00e0 partir de l&#8217;a\u00e9roport. Nos guides conducteurs, directeurs de tourn\u00e9e, guides de randonn\u00e9e et guides touristiques sont disponibles pour toutes les destinations et parlent couramment l&#8217;anglais, le fran\u00e7ais et l&#8217;allemand.<\/p>\n<p>\u00a0<\/p>\n<p><strong>Programmes Priv\u00e9s<\/strong><\/p>\n<p>Les transports priv\u00e9s sont disponibles pour une personne et plus, offrant ainsi un excellent moyen de voyager pour les familles, les amis ou les d\u00e9l\u00e9gu\u00e9s d&#8217;entreprises. Nous disposons de fourgonnettes pouvant accueillir jusqu&#8217;\u00e0 15 passagers ainsi que des autocars disponibles sur demande. Des services de r\u00e9ception complets sont \u00e9galement disponibles, assurant que chaque d\u00e9tail soit pris en charge pour que vous n&#8217;ayez \u00e0 vous soucier de rien.<\/p>\n","protected":false},"excerpt":{"rendered":"<p>Utiliser les services de transport de Ruby Range Adventure est une exp\u00e9rience amusante, pratique, \u00e9conomique et simple. Nos chauffeurs, nos..<\/p>\n","protected":false},"author":79,"featured_media":18812,"parent":0,"menu_order":0,"comment_status":"open","ping_status":"open","template":"","meta":{"_acf_changed":false,"_lmt_disableupdate":"","_lmt_disable":"","footnotes":""},"class_list":["post-11039","page","type-page","status-publish","has-post-thumbnail","hentry"],"acf":[],"_links":{"self":[{"href":"https:\/\/www.rubyrange.com\/fr\/wp-json\/wp\/v2\/pages\/11039","targetHints":{"allow":["GET"]}}],"collection":[{"href":"https:\/\/www.rubyrange.com\/fr\/wp-json\/wp\/v2\/pages"}],"about":[{"href":"https:\/\/www.rubyrange.com\/fr\/wp-json\/wp\/v2\/types\/page"}],"author":[{"embeddable":true,"href":"https:\/\/www.rubyrange.com\/fr\/wp-json\/wp\/v2\/users\/79"}],"replies":[{"embeddable":true,"href":"https:\/\/www.rubyrange.com\/fr\/wp-json\/wp\/v2\/comments?post=11039"}],"version-history":[{"count":4,"href":"https:\/\/www.rubyrange.com\/fr\/wp-json\/wp\/v2\/pages\/11039\/revisions"}],"predecessor-version":[{"id":60705,"href":"https:\/\/www.rubyrange.com\/fr\/wp-json\/wp\/v2\/pages\/11039\/revisions\/60705"}],"wp:featuredmedia":[{"embeddable":true,"href":"https:\/\/www.rubyrange.com\/fr\/wp-json\/wp\/v2\/media\/18812"}],"wp:attachment":[{"href":"https:\/\/www.rubyrange.com\/fr\/wp-json\/wp\/v2\/media?parent=11039"}],"curies":[{"name":"wp","href":"https:\/\/api.w.org\/{rel}","templated":true}]}}