{"id":11053,"date":"2017-07-14T00:00:00","date_gmt":"2017-07-14T08:00:00","guid":{"rendered":"https:\/\/www.rubyrange.com\/?page_id=11053"},"modified":"2024-04-18T14:24:54","modified_gmt":"2024-04-18T21:24:54","slug":"environmental-commitment","status":"publish","type":"page","link":"https:\/\/www.rubyrange.com\/fr\/a-propos-de-ruby-range-adventure\/environmental-commitment\/","title":{"rendered":"Engagement Environnemental"},"content":{"rendered":"<div id=\"pl-11053\" class=\"panel-layout\">\n<div id=\"pg-11053-0\" class=\"panel-grid panel-no-style\" data-style=\"{&quot;background_display&quot;:&quot;tile&quot;,&quot;cell_alignment&quot;:&quot;flex-start&quot;}\">\n<div id=\"pgc-11053-0-0\" class=\"panel-grid-cell\" data-weight=\"0.68203111929061\">\n<div id=\"panel-11053-0-0-0\" class=\"so-panel widget widget_text panel-first-child panel-last-child\" data-index=\"0\" data-style=\"{&quot;background_display&quot;:&quot;tile&quot;}\">\n<div class=\"textwidget\">\n<p>En tant qu&#8217;acteur dans l&#8217;\u00e9conomie nord-am\u00e9ricaine, Ruby Range Adventure reconna\u00eet que ses activit\u00e9s ont un impact sur l&#8217;environnement. Par cons\u00e9quent, nous nous engageons \u00e0 \u00e9valuer l&#8217;impact de nos activit\u00e9s actuelles et futures sur l&#8217;environnement.<\/p>\n<p>Ruby Range Adventure r\u00e9pondra aux exigences de toute la l\u00e9gislation pertinente et des codes de conduite approuv\u00e9s. En l&#8217;absence de r\u00e9glementation ou de code de conduite, Ruby Range Adventure \u00e9tablira ses propres normes. Ruby Range Adventure s&#8217;engage \u00e0 :<\/p>\n<\/div>\n<\/div>\n<\/div>\n<div id=\"pgc-11053-0-1\" class=\"panel-grid-cell\" data-weight=\"0.31796888070939\">\n<div id=\"panel-11053-0-1-0\" class=\"so-panel widget widget_media_image panel-first-child panel-last-child\" data-index=\"1\" data-style=\"{&quot;background_image_attachment&quot;:false,&quot;background_display&quot;:&quot;tile&quot;}\"><\/div>\n<\/div>\n<\/div>\n<div id=\"pg-11053-1\" class=\"panel-grid panel-no-style\">\n<div id=\"pgc-11053-1-0\" class=\"panel-grid-cell\" data-weight=\"1\">\n<div id=\"panel-11053-1-0-0\" class=\"so-panel widget widget_sow-editor panel-first-child panel-last-child\" data-index=\"2\" data-style=\"{&quot;background_image_attachment&quot;:false,&quot;background_display&quot;:&quot;tile&quot;}\">\n<div class=\"so-widget-sow-editor so-widget-sow-editor-base\">\n<div class=\"siteorigin-widget-tinymce textwidget\">\n<ul>\n<li>Promouvoir la sensibilisation aux responsabilit\u00e9s environnementales parmi les employ\u00e9s en publiant notre politique ainsi que d&#8217;autres informations pertinentes.<\/li>\n<li>Mettre en place une \u00e9quipe verte d\u00e9di\u00e9e \u00e0 sensibiliser l&#8217;entreprise \u00e0 tous les niveaux et d\u00e9velopper des initiatives durables.<\/li>\n<li>Mettre en \u0153uvre et pratiquer l&#8217;\u00e9thique ext\u00e9rieure de \u00abLeave no trace\u00bb sur tous nos programmes de visites guid\u00e9es.<\/li>\n<li>Promouvoir le recyclage des d\u00e9chets en fournissant des conteneurs de recyclage sur nos programmes et s&#8217;efforcer de r\u00e9duire la consommation de tous les autres mat\u00e9riaux autant que possible.<\/li>\n<li>Promouvoir le recyclage des vieux papiers en fournissant des bo\u00eetes de recyclage dans l&#8217;ensemble des bureaux et s&#8217;efforcer de r\u00e9duire la consommation de tous les autres mat\u00e9riaux dans la mesure du possible.<\/li>\n<li>R\u00e9duire activement l&#8217;utilisation du papier en utilisant la communication en ligne.<\/li>\n<li>Recycler toutes les cartouches d&#8217;imprimante lorsqu&#8217;elles sont vides. Celles-ci seront donn\u00e9es \u00e0 un organisme de bienfaisance qui les remplira et les r\u00e9utilisera.<\/li>\n<li>Maintenir les terrains de son (ses) bureau (s) d&#8217;une mani\u00e8re \u00e9cologiquement sensible.<\/li>\n<li>Promouvoir les achats qui privil\u00e9gieront, dans la mesure du possible, les fournisseurs qui causent le moins de dommages \u00e0 l&#8217;environnement.<\/li>\n<li>R\u00e9duire la consommation d&#8217;eau lorsque cela est raisonnablement possible.<\/li>\n<li>Promouvoir des m\u00e9thodes de transport efficaces jusqu&#8217;au lieu de travail.<\/li>\n<li>Continuer \u00e0 s&#8217;am\u00e9liorer.<\/li>\n<\/ul>\n<\/div>\n<\/div>\n<\/div>\n<\/div>\n<\/div>\n<\/div>\n","protected":false},"excerpt":{"rendered":"<p>En tant qu&#8217;acteur dans l&#8217;\u00e9conomie nord-am\u00e9ricaine, Ruby Range Adventure reconna\u00eet que ses activit\u00e9s ont un impact sur l&#8217;environnement. Par cons\u00e9quent,..<\/p>\n","protected":false},"author":79,"featured_media":26113,"parent":10650,"menu_order":0,"comment_status":"open","ping_status":"open","template":"","meta":{"_acf_changed":false,"_lmt_disableupdate":"no","_lmt_disable":"","footnotes":""},"class_list":["post-11053","page","type-page","status-publish","has-post-thumbnail","hentry"],"acf":[],"_links":{"self":[{"href":"https:\/\/www.rubyrange.com\/fr\/wp-json\/wp\/v2\/pages\/11053","targetHints":{"allow":["GET"]}}],"collection":[{"href":"https:\/\/www.rubyrange.com\/fr\/wp-json\/wp\/v2\/pages"}],"about":[{"href":"https:\/\/www.rubyrange.com\/fr\/wp-json\/wp\/v2\/types\/page"}],"author":[{"embeddable":true,"href":"https:\/\/www.rubyrange.com\/fr\/wp-json\/wp\/v2\/users\/79"}],"replies":[{"embeddable":true,"href":"https:\/\/www.rubyrange.com\/fr\/wp-json\/wp\/v2\/comments?post=11053"}],"version-history":[{"count":2,"href":"https:\/\/www.rubyrange.com\/fr\/wp-json\/wp\/v2\/pages\/11053\/revisions"}],"predecessor-version":[{"id":60689,"href":"https:\/\/www.rubyrange.com\/fr\/wp-json\/wp\/v2\/pages\/11053\/revisions\/60689"}],"up":[{"embeddable":true,"href":"https:\/\/www.rubyrange.com\/fr\/wp-json\/wp\/v2\/pages\/10650"}],"wp:featuredmedia":[{"embeddable":true,"href":"https:\/\/www.rubyrange.com\/fr\/wp-json\/wp\/v2\/media\/26113"}],"wp:attachment":[{"href":"https:\/\/www.rubyrange.com\/fr\/wp-json\/wp\/v2\/media?parent=11053"}],"curies":[{"name":"wp","href":"https:\/\/api.w.org\/{rel}","templated":true}]}}